{"id":916,"date":"2022-05-05T14:12:13","date_gmt":"2022-05-05T17:12:13","guid":{"rendered":"https:\/\/coordenadorias.uepb.edu.br\/inovatec\/?page_id=916"},"modified":"2022-05-05T15:13:26","modified_gmt":"2022-05-05T18:13:26","slug":"home","status":"publish","type":"page","link":"https:\/\/coordenadorias.uepb.edu.br\/inovatec\/","title":{"rendered":"Home"},"content":{"rendered":"<div class=\"wpb-content-wrapper\"><p>[vc_row gap=&#8221;30&#8243; equal_height=&#8221;yes&#8221;][vc_column width=&#8221;2\/3&#8243; el_class=&#8221;conf-azul&#8221;][vc_text_separator title=&#8221;Not\u00edcias&#8221; i_icon_fontawesome=&#8221;fas fa-newspaper&#8221; i_color=&#8221;custom&#8221; i_size=&#8221;sm&#8221; title_align=&#8221;separator_align_left&#8221; add_icon=&#8221;true&#8221; i_custom_color=&#8221;#2d95bf&#8221;]<div class=\"mdl-grid\"><div class=\"mdl-cell--12-col bloco-noticias\"><div class=\"titulo-noticia-widget\"><a href=\"https:\/\/uepb.edu.br\/uepb-celebra-carta-patente-para-dispositivo-e-deposito-de-software-sobre-mortalidade-infantil-e-acidentes-de-transito\/\" target=\"_blank\"><h3 class=\"titulo-destaque-noticia\">UEPB celebra carta patente para dispositivo e dep\u00f3sito de software sobre mortalidade infantil e acidentes de tr\u00e2nsito<\/h3><\/a><\/div><div class=\"titulo-noticia-widget\"><a href=\"https:\/\/uepb.edu.br\/neste-sexta-20-universidade-estadual-da-paraiba-integra-programacao-do-web-summit-spotlight-paraiba\/\" target=\"_blank\"><h3 class=\"titulo-destaque-noticia\">Neste sexta (20): Universidade Estadual da Para\u00edba integra programa\u00e7\u00e3o do Web Summit Spotlight Para\u00edba<\/h3><\/a><\/div><div class=\"titulo-noticia-widget\"><a href=\"https:\/\/uepb.edu.br\/inovatec-recebe-carta-de-patente-de-kit-de-dispositivos-para-pratica-esportiva-e-deposita-mais-um-software-no-inpi\/\" target=\"_blank\"><h3 class=\"titulo-destaque-noticia\">Inovatec recebe carta de patente de kit de dispositivos para pr\u00e1tica esportiva e deposita mais um software no INPI<\/h3><\/a><\/div><div class=\"titulo-noticia-widget\"><a href=\"https:\/\/uepb.edu.br\/coordenadoria-de-inovacao-tecnologica-realiza-depositos-de-softwares-no-instituto-de-propriedade-industrial\/\" target=\"_blank\"><h3 class=\"titulo-destaque-noticia\">Coordenadoria de Inova\u00e7\u00e3o Tecnol\u00f3gica realiza dep\u00f3sitos de softwares no Instituto de Propriedade Industrial<\/h3><\/a><\/div><div class=\"titulo-noticia-widget\"><a href=\"https:\/\/uepb.edu.br\/uepb-fortalece-cooperacao-internacional-na-europa-e-participa-da-inauguracao-da-parahyba-techub\/\" target=\"_blank\"><h3 class=\"titulo-destaque-noticia\">UEPB fortalece coopera\u00e7\u00e3o internacional na Europa e participa da inaugura\u00e7\u00e3o da Parahyba TecHub<\/h3><\/a><\/div><div class=\"titulo-noticia-widget\"><a href=\"https:\/\/uepb.edu.br\/universidade-estadual-da-paraiba-celebra-presenca-de-mulheres-cientistas-na-pesquisa-de-excelencia\/\" target=\"_blank\"><h3 class=\"titulo-destaque-noticia\">Universidade Estadual da Para\u00edba celebra presen\u00e7a de mulheres cientistas na pesquisa de excel\u00eancia<\/h3><\/a><\/div><\/div><\/div>[\/vc_column][vc_column width=&#8221;1\/3&#8243; el_class=&#8221;conf-azul&#8221;][vc_text_separator title=&#8221;Acesso r\u00e1pido&#8221; i_icon_fontawesome=&#8221;fas fa-external-link-alt&#8221; i_color=&#8221;custom&#8221; i_size=&#8221;sm&#8221; title_align=&#8221;separator_align_left&#8221; add_icon=&#8221;true&#8221; i_custom_color=&#8221;#2d95bf&#8221;][vc_wp_custommenu nav_menu=&#8221;25&#8243; el_class=&#8221;menu-interno&#8221;][\/vc_column][\/vc_row]<\/p>\n<\/div>","protected":false},"excerpt":{"rendered":"<p>[vc_row gap=&#8221;30&#8243; equal_height=&#8221;yes&#8221;][vc_column width=&#8221;2\/3&#8243; el_class=&#8221;conf-azul&#8221;][vc_text_separator title=&#8221;Not\u00edcias&#8221; i_icon_fontawesome=&#8221;fas fa-newspaper&#8221; i_color=&#8221;custom&#8221; i_size=&#8221;sm&#8221; title_align=&#8221;separator_align_left&#8221; add_icon=&#8221;true&#8221; i_custom_color=&#8221;#2d95bf&#8221;][\/vc_column][vc_column width=&#8221;1\/3&#8243; el_class=&#8221;conf-azul&#8221;][vc_text_separator title=&#8221;Acesso r\u00e1pido&#8221; i_icon_fontawesome=&#8221;fas fa-external-link-alt&#8221; i_color=&#8221;custom&#8221; i_size=&#8221;sm&#8221; title_align=&#8221;separator_align_left&#8221; add_icon=&#8221;true&#8221; i_custom_color=&#8221;#2d95bf&#8221;][vc_wp_custommenu nav_menu=&#8221;25&#8243; el_class=&#8221;menu-interno&#8221;][\/vc_column][\/vc_row]<\/p>\n","protected":false},"author":9,"featured_media":0,"parent":0,"menu_order":0,"comment_status":"closed","ping_status":"closed","template":"","meta":{"footnotes":""},"class_list":["post-916","page","type-page","status-publish","hentry"],"_links":{"self":[{"href":"https:\/\/coordenadorias.uepb.edu.br\/inovatec\/wp-json\/wp\/v2\/pages\/916","targetHints":{"allow":["GET"]}}],"collection":[{"href":"https:\/\/coordenadorias.uepb.edu.br\/inovatec\/wp-json\/wp\/v2\/pages"}],"about":[{"href":"https:\/\/coordenadorias.uepb.edu.br\/inovatec\/wp-json\/wp\/v2\/types\/page"}],"author":[{"embeddable":true,"href":"https:\/\/coordenadorias.uepb.edu.br\/inovatec\/wp-json\/wp\/v2\/users\/9"}],"replies":[{"embeddable":true,"href":"https:\/\/coordenadorias.uepb.edu.br\/inovatec\/wp-json\/wp\/v2\/comments?post=916"}],"version-history":[{"count":6,"href":"https:\/\/coordenadorias.uepb.edu.br\/inovatec\/wp-json\/wp\/v2\/pages\/916\/revisions"}],"predecessor-version":[{"id":957,"href":"https:\/\/coordenadorias.uepb.edu.br\/inovatec\/wp-json\/wp\/v2\/pages\/916\/revisions\/957"}],"wp:attachment":[{"href":"https:\/\/coordenadorias.uepb.edu.br\/inovatec\/wp-json\/wp\/v2\/media?parent=916"}],"curies":[{"name":"wp","href":"https:\/\/api.w.org\/{rel}","templated":true}]}}