{"id":9,"date":"2016-08-04T07:47:43","date_gmt":"2016-08-04T10:47:43","guid":{"rendered":"http:\/\/nucleos.uepb.edu.br\/inovatec\/?page_id=9"},"modified":"2022-05-05T14:44:11","modified_gmt":"2022-05-05T17:44:11","slug":"apresentacao","status":"publish","type":"page","link":"https:\/\/coordenadorias.uepb.edu.br\/inovatec\/apresentacao\/","title":{"rendered":"Apresenta\u00e7\u00e3o"},"content":{"rendered":"<div class=\"wpb-content-wrapper\"><p>[vc_row gap=&#8221;30&#8243; equal_height=&#8221;yes&#8221; el_class=&#8221;conf-azul&#8221;][vc_column width=&#8221;1\/3&#8243;][vc_text_separator title=&#8221;INOVATEC\/UEPB&#8221; title_align=&#8221;separator_align_left&#8221;][vc_column_text]A Ag\u00eancia de Inova\u00e7\u00e3o Tecnol\u00f3gica da Universidade Estadual da Para\u00edba \u2013 INOVATEC\/UEPB \u00e9 o \u00f3rg\u00e3o suplementar da Universidade Estadual da Para\u00edba, criada pela resolu\u00e7\u00e3o do Conselho Universit\u00e1rio, substituindo o N\u00facleo de Inova\u00e7\u00e3o e Transfer\u00eancia Tecnol\u00f3gica \u2013 NITT\/UEPB, <a href=\"http:\/\/nucleos.uepb.edu.br\/inovatec\/download\/resolucao-uepb-consuni-0143-2015-transforma-o-nitt-em-inovatec-inclui-o-regimento\/\">RESOLU\u00c7\u00c3O\/UEPB\/CONSUNI\/0143\/2015<\/a>, para realizar a Gest\u00e3o da Inova\u00e7\u00e3o atrav\u00e9s do planejamento, coordena\u00e7\u00e3o e execu\u00e7\u00e3o de atividades voltadas a promo\u00e7\u00e3o da inova\u00e7\u00e3o tecnol\u00f3gica, no \u00e2mbito da UEPB.<\/p>\n<p><strong>Objetivos:<\/strong> Implementar a pol\u00edtica de propriedade intelectual, transfer\u00eancia e licenciamento de tecnologias na UEPB; coordenar e estruturar a incubadora de empresas de base tecnol\u00f3gica da UEPB.<\/p>\n<p><strong>Miss\u00e3o:<\/strong> \u201cPromover atividades de est\u00edmulo \u00e0 inova\u00e7\u00e3o e ao empreendedorismo na UEPB, ampliando o impacto do ensino, da pesquisa e da extens\u00e3o em favor do desenvolvimento socioecon\u00f4mico da regi\u00e3o\u201d.[\/vc_column_text][\/vc_column][vc_column width=&#8221;1\/3&#8243;][vc_text_separator title=&#8221;Atribui\u00e7\u00f5es da INOVATEC&#8221; title_align=&#8221;separator_align_left&#8221;][vc_column_text]<\/p>\n<ul>\n<li><strong>Quanto \u00e0 pol\u00edtica de propriedade intelectual da UEPB<\/strong>: Mobilizar, incentivar e orientar pesquisadores nos procedimentos para prote\u00e7\u00e3o e difus\u00e3o das inven\u00e7\u00f5es e conhecimentos resultantes das pesquisas no \u00e2mbito da UEPB; Promover parcerias entre Universidade e empresas para atuar no desenvolvimento de produtos e processos inovadores, licenciamento e transfer\u00eancias de conhecimentos e inven\u00e7\u00f5es protegidas pela UEPB;<\/li>\n<li><strong>Incubadora de Empresas de Base Tecnol\u00f3gica<\/strong>: Estruturar e apoiar, a forma\u00e7\u00e3o de Incubadoras de Empresas de Base Tecnol\u00f3gica surgida das cria\u00e7\u00f5es protegidas e mantidas pela UEPB;<\/li>\n<li><strong>Empreendedorismo<\/strong>: Desenvolver atividades que promovam a educa\u00e7\u00e3o e a forma\u00e7\u00e3o empreendedora na UEPB.<\/li>\n<\/ul>\n<p>[\/vc_column_text][\/vc_column][vc_column width=&#8221;1\/3&#8243;][vc_text_separator title=&#8221;Compete \u00e0 INOVATEC&#8221; title_align=&#8221;separator_align_left&#8221;][vc_column_text]<\/p>\n<ul>\n<li>Zelar pela manuten\u00e7\u00e3o da pol\u00edtica institucional de est\u00edmulo \u00e0 prote\u00e7\u00e3o das cria\u00e7\u00f5es, licenciamento, inova\u00e7\u00e3o e outras formas de transfer\u00eancia de tecnologia;<\/li>\n<li>Opinar pela conveni\u00eancia e promover a prote\u00e7\u00e3o das cria\u00e7\u00f5es desenvolvidas na institui\u00e7\u00e3o;<\/li>\n<li>Emitir parecer nos contratos ou conv\u00eanios que envolvam mat\u00e9rias atinentes \u00e0 propriedade intelectual;<\/li>\n<li>Opinar quanto \u00e0 conveni\u00eancia de divulga\u00e7\u00e3o das cria\u00e7\u00f5es desenvolvidas na institui\u00e7\u00e3o, pass\u00edveis de prote\u00e7\u00e3o intelectual;<\/li>\n<li>Acompanhar o processamento dos pedidos e a manuten\u00e7\u00e3o dos t\u00edtulos de propriedade intelectual da institui\u00e7\u00e3o.<\/li>\n<li>Desenvolver estudos de prospec\u00e7\u00e3o tecnol\u00f3gica e de intelig\u00eancia competitiva no campo da propriedade intelectual, de forma a orientar as a\u00e7\u00f5es de inova\u00e7\u00e3o da ICT;<\/li>\n<li>Desenvolver estudos e estrat\u00e9gias para a transfer\u00eancia de inova\u00e7\u00e3o gerada pela ICT;<\/li>\n<li>Negociar e gerir os acordos de transfer\u00eancia de tecnologia oriunda da ICT.<\/li>\n<\/ul>\n<p>[\/vc_column_text][\/vc_column][\/vc_row]<\/p>\n<\/div>","protected":false},"excerpt":{"rendered":"<p>[vc_row gap=&#8221;30&#8243; equal_height=&#8221;yes&#8221; el_class=&#8221;conf-azul&#8221;][vc_column width=&#8221;1\/3&#8243;][vc_text_separator title=&#8221;INOVATEC\/UEPB&#8221; title_align=&#8221;separator_align_left&#8221;][vc_column_text]A Ag\u00eancia de Inova\u00e7\u00e3o Tecnol\u00f3gica da Universidade Estadual da Para\u00edba \u2013 INOVATEC\/UEPB \u00e9 o \u00f3rg\u00e3o suplementar da Universidade Estadual da Para\u00edba, criada pela resolu\u00e7\u00e3o do Conselho Universit\u00e1rio, substituindo o N\u00facleo de Inova\u00e7\u00e3o e Transfer\u00eancia Tecnol\u00f3gica \u2013 NITT\/UEPB, RESOLU\u00c7\u00c3O\/UEPB\/CONSUNI\/0143\/2015, para realizar a Gest\u00e3o da Inova\u00e7\u00e3o atrav\u00e9s do planejamento, coordena\u00e7\u00e3o e <a class=\"leiamais\" href=\"https:\/\/coordenadorias.uepb.edu.br\/inovatec\/apresentacao\/\">Leia Mais&#8230;<\/a><\/p>\n","protected":false},"author":2,"featured_media":0,"parent":0,"menu_order":0,"comment_status":"closed","ping_status":"closed","template":"","meta":{"footnotes":""},"class_list":["post-9","page","type-page","status-publish","hentry"],"_links":{"self":[{"href":"https:\/\/coordenadorias.uepb.edu.br\/inovatec\/wp-json\/wp\/v2\/pages\/9","targetHints":{"allow":["GET"]}}],"collection":[{"href":"https:\/\/coordenadorias.uepb.edu.br\/inovatec\/wp-json\/wp\/v2\/pages"}],"about":[{"href":"https:\/\/coordenadorias.uepb.edu.br\/inovatec\/wp-json\/wp\/v2\/types\/page"}],"author":[{"embeddable":true,"href":"https:\/\/coordenadorias.uepb.edu.br\/inovatec\/wp-json\/wp\/v2\/users\/2"}],"replies":[{"embeddable":true,"href":"https:\/\/coordenadorias.uepb.edu.br\/inovatec\/wp-json\/wp\/v2\/comments?post=9"}],"version-history":[{"count":4,"href":"https:\/\/coordenadorias.uepb.edu.br\/inovatec\/wp-json\/wp\/v2\/pages\/9\/revisions"}],"predecessor-version":[{"id":931,"href":"https:\/\/coordenadorias.uepb.edu.br\/inovatec\/wp-json\/wp\/v2\/pages\/9\/revisions\/931"}],"wp:attachment":[{"href":"https:\/\/coordenadorias.uepb.edu.br\/inovatec\/wp-json\/wp\/v2\/media?parent=9"}],"curies":[{"name":"wp","href":"https:\/\/api.w.org\/{rel}","templated":true}]}}