{"id":49,"date":"2016-08-04T08:08:27","date_gmt":"2016-08-04T11:08:27","guid":{"rendered":"http:\/\/nucleos.uepb.edu.br\/inovatec\/?page_id=49"},"modified":"2016-08-04T08:08:27","modified_gmt":"2016-08-04T11:08:27","slug":"tecnologia-assistiva","status":"publish","type":"page","link":"https:\/\/coordenadorias.uepb.edu.br\/inovatec\/vitrine-tecnologica\/tecnologia-assistiva\/","title":{"rendered":"Tecnologia Assistiva"},"content":{"rendered":"<p><strong>RECURSO DID\u00c1TICO AUXILIAR PARA DEFICIENTES VISUAIS <\/strong><\/p>\n<p>Trata-se de uma Tecnologia Assistiva que viabiliza o processo de ensino e aprendizagem dos deficientes visuais atrav\u00e9s da comunica\u00e7\u00e3o entre videntes e n\u00e3o videntes.<\/p>\n<p>Oportunidade:<\/p>\n<ul>\n<li>Permite realizar a leitura de gr\u00e1ficos, f\u00f3rmulas e simbologia de modo geral. As tecnologias atuais s\u00e3o limitadas para constru\u00e7\u00f5es de figuras geom\u00e9tricas, gr\u00e1ficos e simbologia em geral.<\/li>\n<\/ul>\n<p>A tecnologia est\u00e1 depositada no INPI sob solicita\u00e7\u00e3o de Carta Patente com Protocolo de n\u00ba BR 20 2013 031957 6 A2.<\/p>\n","protected":false},"excerpt":{"rendered":"<p>RECURSO DID\u00c1TICO AUXILIAR PARA DEFICIENTES VISUAIS Trata-se de uma Tecnologia Assistiva que viabiliza o processo de ensino e aprendizagem dos deficientes visuais atrav\u00e9s da comunica\u00e7\u00e3o entre videntes e n\u00e3o videntes. Oportunidade: Permite realizar a leitura de gr\u00e1ficos, f\u00f3rmulas e simbologia de modo geral. As tecnologias atuais s\u00e3o limitadas para constru\u00e7\u00f5es de figuras geom\u00e9tricas, gr\u00e1ficos e <a class=\"leiamais\" href=\"https:\/\/coordenadorias.uepb.edu.br\/inovatec\/vitrine-tecnologica\/tecnologia-assistiva\/\">Leia Mais&#8230;<\/a><\/p>\n","protected":false},"author":2,"featured_media":0,"parent":35,"menu_order":0,"comment_status":"closed","ping_status":"closed","template":"","meta":{"footnotes":""},"class_list":["post-49","page","type-page","status-publish","hentry"],"_links":{"self":[{"href":"https:\/\/coordenadorias.uepb.edu.br\/inovatec\/wp-json\/wp\/v2\/pages\/49","targetHints":{"allow":["GET"]}}],"collection":[{"href":"https:\/\/coordenadorias.uepb.edu.br\/inovatec\/wp-json\/wp\/v2\/pages"}],"about":[{"href":"https:\/\/coordenadorias.uepb.edu.br\/inovatec\/wp-json\/wp\/v2\/types\/page"}],"author":[{"embeddable":true,"href":"https:\/\/coordenadorias.uepb.edu.br\/inovatec\/wp-json\/wp\/v2\/users\/2"}],"replies":[{"embeddable":true,"href":"https:\/\/coordenadorias.uepb.edu.br\/inovatec\/wp-json\/wp\/v2\/comments?post=49"}],"version-history":[{"count":0,"href":"https:\/\/coordenadorias.uepb.edu.br\/inovatec\/wp-json\/wp\/v2\/pages\/49\/revisions"}],"up":[{"embeddable":true,"href":"https:\/\/coordenadorias.uepb.edu.br\/inovatec\/wp-json\/wp\/v2\/pages\/35"}],"wp:attachment":[{"href":"https:\/\/coordenadorias.uepb.edu.br\/inovatec\/wp-json\/wp\/v2\/media?parent=49"}],"curies":[{"name":"wp","href":"https:\/\/api.w.org\/{rel}","templated":true}]}}