{"id":41,"date":"2016-08-04T08:05:33","date_gmt":"2016-08-04T11:05:33","guid":{"rendered":"http:\/\/nucleos.uepb.edu.br\/inovatec\/?page_id=41"},"modified":"2016-08-04T08:05:33","modified_gmt":"2016-08-04T11:05:33","slug":"combustiveis","status":"publish","type":"page","link":"https:\/\/coordenadorias.uepb.edu.br\/inovatec\/vitrine-tecnologica\/combustiveis\/","title":{"rendered":"Biocombust\u00edveis"},"content":{"rendered":"<p><strong>PROCESSO PARA CLASSIFICA\u00c7\u00c3O DE BIODIESEL E INSTRUMENTO PARA CLASSIFICA\u00c7\u00c3O DE BIODIESEL<\/strong><\/p>\n<p>A inova\u00e7\u00e3o deste sistema de classifica\u00e7\u00e3o \u00e9 importante para tributa\u00e7\u00e3o de forma diferenciada e rastreabilidade do biodiesel, possibilita a verifica\u00e7\u00e3o da qualidade e origem dos produtos com precis\u00e3o e propor\u00e7\u00e3o ideal de mistura com diesel, dentro outras.<\/p>\n<p>A tecnologia est\u00e1 depositada no INPI sob solicita\u00e7\u00e3o de Carta Patente com Protocolo de n\u00ba PI 1104468-3 A2.<\/p>\n","protected":false},"excerpt":{"rendered":"<p>PROCESSO PARA CLASSIFICA\u00c7\u00c3O DE BIODIESEL E INSTRUMENTO PARA CLASSIFICA\u00c7\u00c3O DE BIODIESEL A inova\u00e7\u00e3o deste sistema de classifica\u00e7\u00e3o \u00e9 importante para tributa\u00e7\u00e3o de forma diferenciada e rastreabilidade do biodiesel, possibilita a verifica\u00e7\u00e3o da qualidade e origem dos produtos com precis\u00e3o e propor\u00e7\u00e3o ideal de mistura com diesel, dentro outras. A tecnologia est\u00e1 depositada no INPI sob <a class=\"leiamais\" href=\"https:\/\/coordenadorias.uepb.edu.br\/inovatec\/vitrine-tecnologica\/combustiveis\/\">Leia Mais&#8230;<\/a><\/p>\n","protected":false},"author":2,"featured_media":0,"parent":35,"menu_order":0,"comment_status":"closed","ping_status":"closed","template":"","meta":{"footnotes":""},"class_list":["post-41","page","type-page","status-publish","hentry"],"_links":{"self":[{"href":"https:\/\/coordenadorias.uepb.edu.br\/inovatec\/wp-json\/wp\/v2\/pages\/41","targetHints":{"allow":["GET"]}}],"collection":[{"href":"https:\/\/coordenadorias.uepb.edu.br\/inovatec\/wp-json\/wp\/v2\/pages"}],"about":[{"href":"https:\/\/coordenadorias.uepb.edu.br\/inovatec\/wp-json\/wp\/v2\/types\/page"}],"author":[{"embeddable":true,"href":"https:\/\/coordenadorias.uepb.edu.br\/inovatec\/wp-json\/wp\/v2\/users\/2"}],"replies":[{"embeddable":true,"href":"https:\/\/coordenadorias.uepb.edu.br\/inovatec\/wp-json\/wp\/v2\/comments?post=41"}],"version-history":[{"count":0,"href":"https:\/\/coordenadorias.uepb.edu.br\/inovatec\/wp-json\/wp\/v2\/pages\/41\/revisions"}],"up":[{"embeddable":true,"href":"https:\/\/coordenadorias.uepb.edu.br\/inovatec\/wp-json\/wp\/v2\/pages\/35"}],"wp:attachment":[{"href":"https:\/\/coordenadorias.uepb.edu.br\/inovatec\/wp-json\/wp\/v2\/media?parent=41"}],"curies":[{"name":"wp","href":"https:\/\/api.w.org\/{rel}","templated":true}]}}