{"id":35,"date":"2016-08-04T08:04:02","date_gmt":"2016-08-04T11:04:02","guid":{"rendered":"http:\/\/nucleos.uepb.edu.br\/inovatec\/?page_id=35"},"modified":"2022-05-06T08:59:48","modified_gmt":"2022-05-06T11:59:48","slug":"vitrine-tecnologica","status":"publish","type":"page","link":"https:\/\/coordenadorias.uepb.edu.br\/inovatec\/vitrine-tecnologica\/","title":{"rendered":"Vitrine Tecnol\u00f3gica"},"content":{"rendered":"<p style=\"text-align: justify;\"><span style=\"color: #000000;\">A vitrine tecnol\u00f3gica da INOVATEC\/UEPB cont\u00e9m as tecnologias criadas por pesquisadores (professores, alunos e t\u00e9cnicos) protegidas atrav\u00e9s de dep\u00f3sito de pedido de patente ou registro de software. Seu objetivo \u00e9 disponibilizar estas tecnologias para licenciamento permitindo que os produtos\u00a0gerados na UEPB cheguem \u00e0 sociedade atrav\u00e9s da parceria universidade e setor produtivo.<\/span><\/p>\n<p style=\"text-align: justify;\"><span style=\"color: #000000;\">Empresas interessadas por alguma das tecnologias dispon\u00edveis na vitrine entrar em contato.<\/span><\/p>\n<p style=\"text-align: justify;\"><a href=\"https:\/\/coordenadorias.uepb.edu.br\/inovatec\/vitrine-tecnologica\/agua\/\">Equipamentos<\/a><\/p>\n<p style=\"text-align: justify;\"><a href=\"https:\/\/coordenadorias.uepb.edu.br\/inovatec\/vitrine-tecnologica\/alimentos\/\">Tecnologia de Alimentos<\/a><\/p>\n<p style=\"text-align: justify;\"><a href=\"https:\/\/coordenadorias.uepb.edu.br\/inovatec\/vitrine-tecnologica\/combustiveis\/\">Biocombust\u00edvel<\/a><\/p>\n<p style=\"text-align: justify;\"><a href=\"https:\/\/coordenadorias.uepb.edu.br\/inovatec\/vitrine-tecnologica\/farmacia\/\">F\u00e1rmacos<\/a><\/p>\n<p style=\"text-align: justify;\"><a href=\"https:\/\/coordenadorias.uepb.edu.br\/inovatec\/vitrine-tecnologica\/odontologia\/\">Odontologia<\/a><\/p>\n<p style=\"text-align: justify;\"><a href=\"https:\/\/coordenadorias.uepb.edu.br\/inovatec\/vitrine-tecnologica\/softwares\/\">Softwares<\/a><\/p>\n<p style=\"text-align: justify;\"><a href=\"https:\/\/coordenadorias.uepb.edu.br\/inovatec\/vitrine-tecnologica\/tecnologia-assistiva\/\">Tecnologia Assistiva<\/a><\/p>\n<p style=\"text-align: justify;\"><span style=\"color: #000000;\">OBS.: De acordo com a altera\u00e7\u00e3o efetuada a partir da Lei N\u00ba 13.243\/2016 no caput do Art. 6\u00ba e em\u00a0seu \u00a7 1\u00ba da Lei N\u00ba 10.973\/2004, a Universidade Estadual da Para\u00edba informa que todas as tecnologias presentes em sua Vitrine Tecnol\u00f3gica est\u00e3o sendo\u00a0ofertadas para todas as pessoas jur\u00eddicas que demonstrarem interesse e capacidade de produ\u00e7\u00e3o e comercializa\u00e7\u00e3o das referidas. A\u00a0transfer\u00eancia da tecnologia poder\u00e1 ser efetuada com ou sem exclusividade, a crit\u00e9rio da universidade durante a realiza\u00e7\u00e3o da negocia\u00e7\u00e3o\u00a0e at\u00e9 que a\u00a0Resolu\u00e7\u00e3o UEPB\/CONSUNI\/0143\/2015\u00a0seja alterada de acordo com as diretrizes da Lei N\u00ba 13.243\/2016.<\/span><\/p>\n","protected":false},"excerpt":{"rendered":"<p>A vitrine tecnol\u00f3gica da INOVATEC\/UEPB cont\u00e9m as tecnologias criadas por pesquisadores (professores, alunos e t\u00e9cnicos) protegidas atrav\u00e9s de dep\u00f3sito de pedido de patente ou registro de software. Seu objetivo \u00e9 disponibilizar estas tecnologias para licenciamento permitindo que os produtos\u00a0gerados na UEPB cheguem \u00e0 sociedade atrav\u00e9s da parceria universidade e setor produtivo. Empresas interessadas por alguma <a class=\"leiamais\" href=\"https:\/\/coordenadorias.uepb.edu.br\/inovatec\/vitrine-tecnologica\/\">Leia Mais&#8230;<\/a><\/p>\n","protected":false},"author":2,"featured_media":0,"parent":0,"menu_order":0,"comment_status":"closed","ping_status":"closed","template":"","meta":{"footnotes":""},"class_list":["post-35","page","type-page","status-publish","hentry"],"_links":{"self":[{"href":"https:\/\/coordenadorias.uepb.edu.br\/inovatec\/wp-json\/wp\/v2\/pages\/35","targetHints":{"allow":["GET"]}}],"collection":[{"href":"https:\/\/coordenadorias.uepb.edu.br\/inovatec\/wp-json\/wp\/v2\/pages"}],"about":[{"href":"https:\/\/coordenadorias.uepb.edu.br\/inovatec\/wp-json\/wp\/v2\/types\/page"}],"author":[{"embeddable":true,"href":"https:\/\/coordenadorias.uepb.edu.br\/inovatec\/wp-json\/wp\/v2\/users\/2"}],"replies":[{"embeddable":true,"href":"https:\/\/coordenadorias.uepb.edu.br\/inovatec\/wp-json\/wp\/v2\/comments?post=35"}],"version-history":[{"count":2,"href":"https:\/\/coordenadorias.uepb.edu.br\/inovatec\/wp-json\/wp\/v2\/pages\/35\/revisions"}],"predecessor-version":[{"id":961,"href":"https:\/\/coordenadorias.uepb.edu.br\/inovatec\/wp-json\/wp\/v2\/pages\/35\/revisions\/961"}],"wp:attachment":[{"href":"https:\/\/coordenadorias.uepb.edu.br\/inovatec\/wp-json\/wp\/v2\/media?parent=35"}],"curies":[{"name":"wp","href":"https:\/\/api.w.org\/{rel}","templated":true}]}}