{"id":33,"date":"2016-08-04T08:03:27","date_gmt":"2016-08-04T11:03:27","guid":{"rendered":"http:\/\/nucleos.uepb.edu.br\/inovatec\/?page_id=33"},"modified":"2016-08-04T08:03:27","modified_gmt":"2016-08-04T11:03:27","slug":"transferencia-de-tecnologias","status":"publish","type":"page","link":"https:\/\/coordenadorias.uepb.edu.br\/inovatec\/transferencia-de-tecnologias\/","title":{"rendered":"Transfer\u00eancia de Tecnologias"},"content":{"rendered":"<p>A INOVATEC realiza a Transfer\u00eancia das Tecnologias de titularidade da UEPB, por meio de contratos de licenciamento e parceria com empresas, conforme prev\u00ea as Leis \u00a0N\u00ba 10. 973\/2004 e 13.243\/2016. Todas as nossas tecnologias est\u00e3o dispon\u00edveis em nossa <a href=\"http:\/\/nucleos.uepb.edu.br\/inovatec\/vitrine-tecnologica\/\">Vitrine Tecnol\u00f3gica<\/a>.<\/p>\n","protected":false},"excerpt":{"rendered":"<p>A INOVATEC realiza a Transfer\u00eancia das Tecnologias de titularidade da UEPB, por meio de contratos de licenciamento e parceria com empresas, conforme prev\u00ea as Leis \u00a0N\u00ba 10. 973\/2004 e 13.243\/2016. Todas as nossas tecnologias est\u00e3o dispon\u00edveis em nossa Vitrine Tecnol\u00f3gica.<\/p>\n","protected":false},"author":2,"featured_media":0,"parent":0,"menu_order":0,"comment_status":"closed","ping_status":"closed","template":"","meta":{"footnotes":""},"class_list":["post-33","page","type-page","status-publish","hentry"],"_links":{"self":[{"href":"https:\/\/coordenadorias.uepb.edu.br\/inovatec\/wp-json\/wp\/v2\/pages\/33","targetHints":{"allow":["GET"]}}],"collection":[{"href":"https:\/\/coordenadorias.uepb.edu.br\/inovatec\/wp-json\/wp\/v2\/pages"}],"about":[{"href":"https:\/\/coordenadorias.uepb.edu.br\/inovatec\/wp-json\/wp\/v2\/types\/page"}],"author":[{"embeddable":true,"href":"https:\/\/coordenadorias.uepb.edu.br\/inovatec\/wp-json\/wp\/v2\/users\/2"}],"replies":[{"embeddable":true,"href":"https:\/\/coordenadorias.uepb.edu.br\/inovatec\/wp-json\/wp\/v2\/comments?post=33"}],"version-history":[{"count":0,"href":"https:\/\/coordenadorias.uepb.edu.br\/inovatec\/wp-json\/wp\/v2\/pages\/33\/revisions"}],"wp:attachment":[{"href":"https:\/\/coordenadorias.uepb.edu.br\/inovatec\/wp-json\/wp\/v2\/media?parent=33"}],"curies":[{"name":"wp","href":"https:\/\/api.w.org\/{rel}","templated":true}]}}