{"id":29,"date":"2016-08-04T07:56:20","date_gmt":"2016-08-04T10:56:20","guid":{"rendered":"http:\/\/nucleos.uepb.edu.br\/inovatec\/?page_id=29"},"modified":"2016-08-04T07:56:20","modified_gmt":"2016-08-04T10:56:20","slug":"projeto-empreender-uepb","status":"publish","type":"page","link":"https:\/\/coordenadorias.uepb.edu.br\/inovatec\/projeto-empreender-uepb\/","title":{"rendered":"Projeto Empreender UEPB"},"content":{"rendered":"<p>O Projeto institucional &#8220;Empreender UEPB&#8221;, realizado\u00a0em \u00a0parceria com o Servi\u00e7o Brasileiro de Apoio as Micro e Pequenas Empresas (SEBRAE), a\u00a0Funda\u00e7\u00e3o Parque Tecnol\u00f3gico da Para\u00edba (PaqTCPB) e a Universidade Federal de Campina Grande (UFCG), tem por objetivo incentivar o empreendedorismo inovador na universidade, beneficiando professores\u00a0 alunos e funcion\u00e1rios. A\u00e7\u00f5es:<\/p>\n<ul>\n<li><strong>Curso B\u00e1sico de Empreendedorismo<\/strong>: Capacita professores e servidores para repassarem o Componente Curricular de Empreendedorismo nos mais diversos cursos de gradua\u00e7\u00e3o da universidade;<\/li>\n<li><strong>Semin\u00e1rio EMPRETEC<\/strong>: Capacita\u00a0professores, alunos de p\u00f3s-gradua\u00e7\u00e3o e servidores;<\/li>\n<li><strong>Curso de curta dura\u00e7\u00e3o em Inova\u00e7\u00e3o Tecnol\u00f3gica e Empreendedorismo<\/strong>: Destinado a alunos de gradua\u00e7\u00e3o e p\u00f3s-gradua\u00e7\u00e3o da universidade, e \u00e0 sociedade de modo geral;.<\/li>\n<li><strong>Desafio Universit\u00e1rio Empreendedor (DUE)<\/strong>: Atualmente aberto para alunos de gradua\u00e7\u00e3o;<\/li>\n<li><strong>MBA em Gest\u00e3o Empreendedora e Inova\u00e7\u00e3o<\/strong>: Voltado para profissionais, professores e alunos de p\u00f3s-gradua\u00e7\u00e3o.<\/li>\n<\/ul>\n","protected":false},"excerpt":{"rendered":"<p>O Projeto institucional &#8220;Empreender UEPB&#8221;, realizado\u00a0em \u00a0parceria com o Servi\u00e7o Brasileiro de Apoio as Micro e Pequenas Empresas (SEBRAE), a\u00a0Funda\u00e7\u00e3o Parque Tecnol\u00f3gico da Para\u00edba (PaqTCPB) e a Universidade Federal de Campina Grande (UFCG), tem por objetivo incentivar o empreendedorismo inovador na universidade, beneficiando professores\u00a0 alunos e funcion\u00e1rios. A\u00e7\u00f5es: Curso B\u00e1sico de Empreendedorismo: Capacita professores e <a class=\"leiamais\" href=\"https:\/\/coordenadorias.uepb.edu.br\/inovatec\/projeto-empreender-uepb\/\">Leia Mais&#8230;<\/a><\/p>\n","protected":false},"author":2,"featured_media":0,"parent":0,"menu_order":0,"comment_status":"closed","ping_status":"closed","template":"","meta":{"footnotes":""},"class_list":["post-29","page","type-page","status-publish","hentry"],"_links":{"self":[{"href":"https:\/\/coordenadorias.uepb.edu.br\/inovatec\/wp-json\/wp\/v2\/pages\/29","targetHints":{"allow":["GET"]}}],"collection":[{"href":"https:\/\/coordenadorias.uepb.edu.br\/inovatec\/wp-json\/wp\/v2\/pages"}],"about":[{"href":"https:\/\/coordenadorias.uepb.edu.br\/inovatec\/wp-json\/wp\/v2\/types\/page"}],"author":[{"embeddable":true,"href":"https:\/\/coordenadorias.uepb.edu.br\/inovatec\/wp-json\/wp\/v2\/users\/2"}],"replies":[{"embeddable":true,"href":"https:\/\/coordenadorias.uepb.edu.br\/inovatec\/wp-json\/wp\/v2\/comments?post=29"}],"version-history":[{"count":0,"href":"https:\/\/coordenadorias.uepb.edu.br\/inovatec\/wp-json\/wp\/v2\/pages\/29\/revisions"}],"wp:attachment":[{"href":"https:\/\/coordenadorias.uepb.edu.br\/inovatec\/wp-json\/wp\/v2\/media?parent=29"}],"curies":[{"name":"wp","href":"https:\/\/api.w.org\/{rel}","templated":true}]}}