{"id":27,"date":"2016-08-04T07:55:47","date_gmt":"2016-08-04T10:55:47","guid":{"rendered":"http:\/\/nucleos.uepb.edu.br\/inovatec\/?page_id=27"},"modified":"2016-08-04T07:55:47","modified_gmt":"2016-08-04T10:55:47","slug":"passo-a-passo-para-solicitar-a-protecao-da-pi-atraves-da-inovatec-uepb","status":"publish","type":"page","link":"https:\/\/coordenadorias.uepb.edu.br\/inovatec\/passo-a-passo-para-solicitar-a-protecao-da-pi-atraves-da-inovatec-uepb\/","title":{"rendered":"Passo a passo para solicitar a prote\u00e7\u00e3o da PI atrav\u00e9s da INOVATEC-UEPB"},"content":{"rendered":"<p>Professores, funcion\u00e1rios e alunos da UEPB que solicitarem a prote\u00e7\u00e3o de cria\u00e7\u00f5es de novos produtos ou processos utilizando os recursos da universidade devem seguir o seguinte passo a passo.<\/p>\n<p><strong>PATENTE<\/strong><\/p>\n<p style=\"padding-left: 30px\">1. Preencher o Formul\u00e1rio para Dep\u00f3sito de Patente, dispon\u00edvel na aba Downloads;<\/p>\n<p style=\"padding-left: 30px\">2. Anexar os documentos solicitados, quando for o caso.<\/p>\n<p style=\"padding-left: 30px\">3. Encaminhar para o e-mail inovatecuepb@uepb.edu.br ou entreg\u00e1-lo pessoalmente na sede da INOVATEC-UEPB, Sala 212 do Pr\u00e9dio Administrativo da Reitoria.<\/p>\n<p style=\"padding-left: 30px\">4. Aguardar contato para reuni\u00e3o;<\/p>\n<p style=\"padding-left: 30px\">5. Os procedimentos junto aos \u00f3rg\u00e3os competentes, bem como o pagamento de taxas, s\u00e3o efetuados pela INOVATEC-UEPB.<\/p>\n<p>OBS.: Este processo deve ser sigiloso.<\/p>\n<p>Ressalta-se que de acordo com as Leis \u00a0N\u00ba 10. 973\/2004 e 13.243\/2016 a titularidade das cria\u00e7\u00f5es ser\u00e3o de exclusividade da UEPB. Quando existir parceria com outras institui\u00e7\u00f5es, estas ser\u00e3o co-titulares. Os inventores ser\u00e3o os pesquisadores que ter\u00e3o direito a participa\u00e7\u00e3o nos royalties da tecnologia quando transferida.<\/p>\n<p>Para solicitar registro de <strong>PROGRAMA DE COMPUTADOR<\/strong>, <strong>MARCA<\/strong>\u00a0ou\u00a0<strong>DESENHO INDUSTRIAL<\/strong>, entrar em contato com a INOVATEC.<\/p>\n","protected":false},"excerpt":{"rendered":"<p>Professores, funcion\u00e1rios e alunos da UEPB que solicitarem a prote\u00e7\u00e3o de cria\u00e7\u00f5es de novos produtos ou processos utilizando os recursos da universidade devem seguir o seguinte passo a passo. PATENTE 1. Preencher o Formul\u00e1rio para Dep\u00f3sito de Patente, dispon\u00edvel na aba Downloads; 2. Anexar os documentos solicitados, quando for o caso. 3. Encaminhar para o <a class=\"leiamais\" href=\"https:\/\/coordenadorias.uepb.edu.br\/inovatec\/passo-a-passo-para-solicitar-a-protecao-da-pi-atraves-da-inovatec-uepb\/\">Leia Mais&#8230;<\/a><\/p>\n","protected":false},"author":2,"featured_media":0,"parent":0,"menu_order":0,"comment_status":"closed","ping_status":"closed","template":"","meta":{"footnotes":""},"class_list":["post-27","page","type-page","status-publish","hentry"],"_links":{"self":[{"href":"https:\/\/coordenadorias.uepb.edu.br\/inovatec\/wp-json\/wp\/v2\/pages\/27","targetHints":{"allow":["GET"]}}],"collection":[{"href":"https:\/\/coordenadorias.uepb.edu.br\/inovatec\/wp-json\/wp\/v2\/pages"}],"about":[{"href":"https:\/\/coordenadorias.uepb.edu.br\/inovatec\/wp-json\/wp\/v2\/types\/page"}],"author":[{"embeddable":true,"href":"https:\/\/coordenadorias.uepb.edu.br\/inovatec\/wp-json\/wp\/v2\/users\/2"}],"replies":[{"embeddable":true,"href":"https:\/\/coordenadorias.uepb.edu.br\/inovatec\/wp-json\/wp\/v2\/comments?post=27"}],"version-history":[{"count":0,"href":"https:\/\/coordenadorias.uepb.edu.br\/inovatec\/wp-json\/wp\/v2\/pages\/27\/revisions"}],"wp:attachment":[{"href":"https:\/\/coordenadorias.uepb.edu.br\/inovatec\/wp-json\/wp\/v2\/media?parent=27"}],"curies":[{"name":"wp","href":"https:\/\/api.w.org\/{rel}","templated":true}]}}