{"id":23,"date":"2016-08-04T07:54:25","date_gmt":"2016-08-04T10:54:25","guid":{"rendered":"http:\/\/nucleos.uepb.edu.br\/inovatec\/?page_id=23"},"modified":"2022-05-05T14:39:59","modified_gmt":"2022-05-05T17:39:59","slug":"incubadora-empresarial-da-uepb","status":"publish","type":"page","link":"https:\/\/coordenadorias.uepb.edu.br\/inovatec\/incubadora-empresarial-da-uepb\/","title":{"rendered":"Incubadora Empresarial da UEPB"},"content":{"rendered":"<div class=\"wpb-content-wrapper\"><p>[vc_row][vc_column][vc_message]Maiores informa\u00e7\u00f5es a respeito de incuba\u00e7\u00e3o de empresas ser\u00e3o divulgadas em breve.[\/vc_message][\/vc_column][\/vc_row]<\/p>\n<\/div>","protected":false},"excerpt":{"rendered":"<p>[vc_row][vc_column][vc_message]Maiores informa\u00e7\u00f5es a respeito de incuba\u00e7\u00e3o de empresas ser\u00e3o divulgadas em breve.[\/vc_message][\/vc_column][\/vc_row]<\/p>\n","protected":false},"author":2,"featured_media":0,"parent":0,"menu_order":0,"comment_status":"closed","ping_status":"closed","template":"","meta":{"footnotes":""},"class_list":["post-23","page","type-page","status-publish","hentry"],"_links":{"self":[{"href":"https:\/\/coordenadorias.uepb.edu.br\/inovatec\/wp-json\/wp\/v2\/pages\/23","targetHints":{"allow":["GET"]}}],"collection":[{"href":"https:\/\/coordenadorias.uepb.edu.br\/inovatec\/wp-json\/wp\/v2\/pages"}],"about":[{"href":"https:\/\/coordenadorias.uepb.edu.br\/inovatec\/wp-json\/wp\/v2\/types\/page"}],"author":[{"embeddable":true,"href":"https:\/\/coordenadorias.uepb.edu.br\/inovatec\/wp-json\/wp\/v2\/users\/2"}],"replies":[{"embeddable":true,"href":"https:\/\/coordenadorias.uepb.edu.br\/inovatec\/wp-json\/wp\/v2\/comments?post=23"}],"version-history":[{"count":2,"href":"https:\/\/coordenadorias.uepb.edu.br\/inovatec\/wp-json\/wp\/v2\/pages\/23\/revisions"}],"predecessor-version":[{"id":928,"href":"https:\/\/coordenadorias.uepb.edu.br\/inovatec\/wp-json\/wp\/v2\/pages\/23\/revisions\/928"}],"wp:attachment":[{"href":"https:\/\/coordenadorias.uepb.edu.br\/inovatec\/wp-json\/wp\/v2\/media?parent=23"}],"curies":[{"name":"wp","href":"https:\/\/api.w.org\/{rel}","templated":true}]}}