{"id":21,"date":"2016-08-04T07:53:20","date_gmt":"2016-08-04T10:53:20","guid":{"rendered":"http:\/\/nucleos.uepb.edu.br\/inovatec\/?page_id=21"},"modified":"2016-08-04T07:53:20","modified_gmt":"2016-08-04T10:53:20","slug":"historico","status":"publish","type":"page","link":"https:\/\/coordenadorias.uepb.edu.br\/inovatec\/historico\/","title":{"rendered":"Hist\u00f3rico"},"content":{"rendered":"<p>A INOVATEC-UEPB surge dentro do contexto nacional que vem levando as institui\u00e7\u00f5es de ci\u00eancia e tecnologia &#8211; ICT\u2019s &#8211; suprir a necessidade de comunica\u00e7\u00e3o entre a Universidade e as empresas com vistas \u00e0 capacita\u00e7\u00e3o e ao alcance da autonomia tecnol\u00f3gica e ao desenvolvimento industrial do Pa\u00eds e de suas regi\u00f5es, buscando incentivar a inova\u00e7\u00e3o e \u00e0 pesquisa cient\u00edfica e tecnol\u00f3gica no ambiente produtivo.\u00a0Est\u00e1 amparada pelas Leis N\u00ba 10.973\/2004, 13. 243\/2016, 12.772\/2012, 8.958\/1994 e outras.<\/p>\n<p>Foi criada inicialmente pela Resolu\u00e7\u00e3o <a href=\"http:\/\/nucleos.uepb.edu.br\/inovatec\/download\/resolucao-uepbconsuni0292008\/\">UEPB\/CONSUNI\/029\/2008<\/a>, como N\u00facleo de Inova\u00e7\u00e3o e Transfer\u00eancia de Tecnol\u00f3gica \u2013 NITT, assinada em 24 de outubro de 2008 e publicada em 27 de mar\u00e7o de 2009.<\/p>\n<p>Tornou-se Ag\u00eancia de Inova\u00e7\u00e3o Tecnol\u00f3gica \u2013 INOVATEC, pela <a href=\"http:\/\/nucleos.uepb.edu.br\/inovatec\/download\/resolucao-uepb-consuni-0143-2015-transforma-o-nitt-em-inovatec-inclui-o-regimento\/\">Resolu\u00e7\u00e3o UEPB\/CONSUNI\/143\/2015<\/a>, assinada em de Novembro de 2015 e publicada no <a href=\"http:\/\/nucleos.uepb.edu.br\/inovatec\/download\/diario-oficial-do-estado-da-paraiba-de-06122015-homologada-criacao-da-inovatec\/\">Di\u00e1rio Oficial do Estado da Para\u00edba em 06\/12\/2015<\/a>.<\/p>\n","protected":false},"excerpt":{"rendered":"<p>A INOVATEC-UEPB surge dentro do contexto nacional que vem levando as institui\u00e7\u00f5es de ci\u00eancia e tecnologia &#8211; ICT\u2019s &#8211; suprir a necessidade de comunica\u00e7\u00e3o entre a Universidade e as empresas com vistas \u00e0 capacita\u00e7\u00e3o e ao alcance da autonomia tecnol\u00f3gica e ao desenvolvimento industrial do Pa\u00eds e de suas regi\u00f5es, buscando incentivar a inova\u00e7\u00e3o e <a class=\"leiamais\" href=\"https:\/\/coordenadorias.uepb.edu.br\/inovatec\/historico\/\">Leia Mais&#8230;<\/a><\/p>\n","protected":false},"author":2,"featured_media":0,"parent":0,"menu_order":0,"comment_status":"closed","ping_status":"closed","template":"","meta":{"footnotes":""},"class_list":["post-21","page","type-page","status-publish","hentry"],"_links":{"self":[{"href":"https:\/\/coordenadorias.uepb.edu.br\/inovatec\/wp-json\/wp\/v2\/pages\/21","targetHints":{"allow":["GET"]}}],"collection":[{"href":"https:\/\/coordenadorias.uepb.edu.br\/inovatec\/wp-json\/wp\/v2\/pages"}],"about":[{"href":"https:\/\/coordenadorias.uepb.edu.br\/inovatec\/wp-json\/wp\/v2\/types\/page"}],"author":[{"embeddable":true,"href":"https:\/\/coordenadorias.uepb.edu.br\/inovatec\/wp-json\/wp\/v2\/users\/2"}],"replies":[{"embeddable":true,"href":"https:\/\/coordenadorias.uepb.edu.br\/inovatec\/wp-json\/wp\/v2\/comments?post=21"}],"version-history":[{"count":0,"href":"https:\/\/coordenadorias.uepb.edu.br\/inovatec\/wp-json\/wp\/v2\/pages\/21\/revisions"}],"wp:attachment":[{"href":"https:\/\/coordenadorias.uepb.edu.br\/inovatec\/wp-json\/wp\/v2\/media?parent=21"}],"curies":[{"name":"wp","href":"https:\/\/api.w.org\/{rel}","templated":true}]}}