{"id":17,"date":"2016-08-04T07:52:28","date_gmt":"2016-08-04T10:52:28","guid":{"rendered":"http:\/\/nucleos.uepb.edu.br\/inovatec\/?page_id=17"},"modified":"2025-07-28T11:21:34","modified_gmt":"2025-07-28T14:21:34","slug":"equipe","status":"publish","type":"page","link":"https:\/\/coordenadorias.uepb.edu.br\/inovatec\/equipe\/","title":{"rendered":"Equipe"},"content":{"rendered":"<div class=\"wpb-content-wrapper\"><p>[vc_row gap=&#8221;30&#8243; equal_height=&#8221;yes&#8221;][vc_column width=&#8221;1\/2&#8243; el_class=&#8221;conf-azul&#8221;][vc_text_separator title=&#8221;Coordenadores&#8221; title_align=&#8221;separator_align_left&#8221;][vc_column_text css=&#8221;&#8221;]<strong>Coordenadora de Propriedade Intelectual<\/strong><br \/>\nProf\u00aa Dr\u00aa Simone Silva dos Santos Lopes<br \/>\nsimonelopes@servidor.uepb.edu.br<\/p>\n<p><strong>Coordenador de Empreendedorismo<\/strong><br \/>\nProf. Dr. Josemir Moura Maia<br \/>\njmouram@servidor.uepb.edu.br<\/p>\n<p><strong>Coordenadora de Transfer\u00eancia de Tecnologias<\/strong><br \/>\nYedda Alexandra Freire de Albuquerque Prazeres<br \/>\nyedda@servidor.uepb.edu.br[\/vc_column_text][\/vc_column][vc_column width=&#8221;1\/2&#8243; el_class=&#8221;conf-azul&#8221;][vc_text_separator title=&#8221;Assistentes e assesores&#8221; title_align=&#8221;separator_align_left&#8221;][vc_column_text css=&#8221;&#8221;]<strong>Assistente T\u00e9cnico de Empreendedorismo\u00a0<\/strong><br \/>\n<span class=\"OYPEnA font-feature-liga-off font-feature-clig-off font-feature-calt-off text-decoration-none text-strikethrough-none\">Marilda Perazzo<\/span><\/p>\n<p><strong>Assistente T\u00e9cnico de Marketing e Comunica\u00e7\u00e3o<\/strong><br \/>\n<span class=\"OYPEnA font-feature-liga-off font-feature-clig-off font-feature-calt-off text-decoration-none text-strikethrough-none\">Geiza Su\u00eania<\/span><\/p>\n<p><strong>Assistente T\u00e9cnico de Propriedade Intelectual\u00a0<\/strong><br \/>\n<span class=\"OYPEnA font-feature-liga-off font-feature-clig-off font-feature-calt-off text-decoration-none text-strikethrough-none\">Gizelda Ferreira<\/span><\/p>\n<p><strong>Pesquisadora da Incubadora Tecnol\u00f3gica<\/strong><br \/>\n<span class=\"OYPEnA font-feature-liga-off font-feature-clig-off font-feature-calt-off text-decoration-none text-strikethrough-none\">Ana Mery<\/span><\/p>\n<p><strong>Pesquisador de Transfer\u00eancia de Tencologias<\/strong><br \/>\n<span class=\"OYPEnA font-feature-liga-off font-feature-clig-off font-feature-calt-off text-decoration-none text-strikethrough-none\">Luiz Nunes<\/span><\/p>\n<p><span class=\"OYPEnA font-feature-liga-off font-feature-clig-off font-feature-calt-off text-decoration-none text-strikethrough-none\"><b>Assessora de Empreendedorismo<br \/>\n<\/b>Silene Sim\u00f5es<\/span>[\/vc_column_text][\/vc_column][\/vc_row]<\/p>\n<\/div>","protected":false},"excerpt":{"rendered":"<p>[vc_row gap=&#8221;30&#8243; equal_height=&#8221;yes&#8221;][vc_column width=&#8221;1\/2&#8243; el_class=&#8221;conf-azul&#8221;][vc_text_separator title=&#8221;Coordenadores&#8221; title_align=&#8221;separator_align_left&#8221;][vc_column_text css=&#8221;&#8221;]Coordenadora de Propriedade Intelectual Prof\u00aa Dr\u00aa Simone Silva dos Santos Lopes simonelopes@servidor.uepb.edu.br Coordenador de Empreendedorismo Prof. Dr. Josemir Moura Maia jmouram@servidor.uepb.edu.br Coordenadora de Transfer\u00eancia de Tecnologias Yedda Alexandra Freire de Albuquerque Prazeres yedda@servidor.uepb.edu.br[\/vc_column_text][\/vc_column][vc_column width=&#8221;1\/2&#8243; el_class=&#8221;conf-azul&#8221;][vc_text_separator title=&#8221;Assistentes e assesores&#8221; title_align=&#8221;separator_align_left&#8221;][vc_column_text css=&#8221;&#8221;]Assistente T\u00e9cnico de Empreendedorismo\u00a0 Marilda Perazzo Assistente T\u00e9cnico de <a class=\"leiamais\" href=\"https:\/\/coordenadorias.uepb.edu.br\/inovatec\/equipe\/\">Leia Mais&#8230;<\/a><\/p>\n","protected":false},"author":2,"featured_media":0,"parent":0,"menu_order":0,"comment_status":"closed","ping_status":"closed","template":"","meta":{"footnotes":""},"class_list":["post-17","page","type-page","status-publish","hentry"],"_links":{"self":[{"href":"https:\/\/coordenadorias.uepb.edu.br\/inovatec\/wp-json\/wp\/v2\/pages\/17","targetHints":{"allow":["GET"]}}],"collection":[{"href":"https:\/\/coordenadorias.uepb.edu.br\/inovatec\/wp-json\/wp\/v2\/pages"}],"about":[{"href":"https:\/\/coordenadorias.uepb.edu.br\/inovatec\/wp-json\/wp\/v2\/types\/page"}],"author":[{"embeddable":true,"href":"https:\/\/coordenadorias.uepb.edu.br\/inovatec\/wp-json\/wp\/v2\/users\/2"}],"replies":[{"embeddable":true,"href":"https:\/\/coordenadorias.uepb.edu.br\/inovatec\/wp-json\/wp\/v2\/comments?post=17"}],"version-history":[{"count":8,"href":"https:\/\/coordenadorias.uepb.edu.br\/inovatec\/wp-json\/wp\/v2\/pages\/17\/revisions"}],"predecessor-version":[{"id":1018,"href":"https:\/\/coordenadorias.uepb.edu.br\/inovatec\/wp-json\/wp\/v2\/pages\/17\/revisions\/1018"}],"wp:attachment":[{"href":"https:\/\/coordenadorias.uepb.edu.br\/inovatec\/wp-json\/wp\/v2\/media?parent=17"}],"curies":[{"name":"wp","href":"https:\/\/api.w.org\/{rel}","templated":true}]}}