{"id":15,"date":"2016-08-04T07:52:03","date_gmt":"2016-08-04T10:52:03","guid":{"rendered":"http:\/\/nucleos.uepb.edu.br\/inovatec\/?page_id=15"},"modified":"2022-05-05T14:37:05","modified_gmt":"2022-05-05T17:37:05","slug":"empresas-juniores","status":"publish","type":"page","link":"https:\/\/coordenadorias.uepb.edu.br\/inovatec\/empresas-juniores\/","title":{"rendered":"Empresas Juniores"},"content":{"rendered":"<div class=\"wpb-content-wrapper\"><p>[vc_row el_class=&#8221;conf-azul&#8221;][vc_column][vc_column_text]Como forma de estimular o empreendedorismo perante os alunos dos cursos de gradua\u00e7\u00e3o, a Universidade Estadual da Para\u00edba tem estimulado e apoiado a cria\u00e7\u00e3o de Empresas Juniores. Abaixo seguem alguns pontos a respeito destas empresas, bem como quais\u00a0pertencem \u00e0 UEPB.<\/p>\n<p>Informa\u00e7\u00f5es a respeito da cria\u00e7\u00e3o de uma Empresa J\u00fanior:<\/p>\n<ul>\n<li>A <a href=\"http:\/\/www.planalto.gov.br\/ccivil_03\/_Ato2015-2018\/2016\/Lei\/L13267.htm\" target=\"_blank\" rel=\"noopener noreferrer\">Lei N\u00ba 13.267\/2016<\/a> disciplina a cria\u00e7\u00e3o e a organiza\u00e7\u00e3o das associa\u00e7\u00f5es denominadas empresas juniores com funcionamento perante institui\u00e7\u00f5es de ensino superior;<\/li>\n<li>Trata-se de uma organiza\u00e7\u00e3o sem fins lucrativos, por\u00e9m, para obter sustenta\u00e7\u00e3o\u00a0financeira pode cobrar pela presta\u00e7\u00e3o de seus servi\u00e7os;<\/li>\n<li>A gest\u00e3o da empresa \u00e9 aut\u00f4noma, realiza-se pelos empres\u00e1rios juniores;<\/li>\n<li>Os estudantes matriculados em curso de gradua\u00e7\u00e3o e associados \u00e0 respectiva empresa j\u00fanior exercem trabalho volunt\u00e1rio;<\/li>\n<li>A empresa j\u00fanior ser\u00e1 inscrita como associa\u00e7\u00e3o civil no Registro Civil das Pessoas Jur\u00eddicas e no Cadastro Nacional da Pessoa Jur\u00eddica;<\/li>\n<li>\u00c9 preciso existir relacionamento entre e o curso\u00a0dos empres\u00e1rios juniores e as atividades da\u00a0empresa;<\/li>\n<li>Professores da universidade e outros profissionais especializados dever\u00e3o orientar e supervisionar as atividades desenvolvidas;<\/li>\n<li>As Empresas Juniores podem se associar a organiza\u00e7\u00f5es como a <a href=\"http:\/\/pbjunior.org.br\/\" target=\"_blank\" rel=\"noopener noreferrer\">PB J\u00fanior<\/a> e a\u00a0<a href=\"http:\/\/brasiljunior.org.br\/\" target=\"_blank\" rel=\"noopener noreferrer\">Brasil J\u00fanior<\/a>\u00a0para compartilhar experi\u00eancias e impulsionar sua viv\u00eancia empresarial;<\/li>\n<li>A UEPB poder\u00e1 ceder espa\u00e7o f\u00edsico e materiais para a sede da Empresa J\u00fanior.<\/li>\n<\/ul>\n<p>Atualmente, est\u00e3o em conformidade com o disposto na Resolu\u00e7\u00e3o UEPB\/Consuni\/0250\/2018 as seguintes Empresas Juniores:[\/vc_column_text][vc_tta_accordion style=&#8221;modern&#8221; c_icon=&#8221;triangle&#8221; active_section=&#8221;&#8221; collapsible_all=&#8221;true&#8221;][vc_tta_section title=&#8221;Campus I (Campina Grande)&#8221; tab_id=&#8221;1651772005060-f5bbf8f8-e113&#8243;][vc_column_text]<strong>NAPPES Consultoria Jr.<\/strong><\/p>\n<p>\u00c9 integrada por estudantes dos cursos de Administra\u00e7\u00e3o, Ci\u00eancias Cont\u00e1beis, Comunica\u00e7\u00e3o Social e Servi\u00e7o Social. Sendo assim, presta consultoria empresarial nestas \u00e1reas.<\/p>\n<p><strong>Telefone<\/strong>: (83) 3344-5911<\/p>\n<p><strong>E-mail<\/strong>:<\/p>\n<ul>\n<li>nappesconsultoriajr@hotmail.com<\/li>\n<li><span class=\"adr\">atendimentonappesconsultoria@gmail.com<\/span><\/li>\n<\/ul>\n<p><strong>Site<\/strong>: nappesconsultoriajr.blogspot.com[\/vc_column_text][\/vc_tta_section][vc_tta_section title=&#8221;Campus IV (Catol\u00e9 do Rocha)&#8221; tab_id=&#8221;1651772005070-5e912573-8476&#8243;][vc_column_text]<strong>ANAC Jr.<br \/>\n<\/strong><\/p>\n<p>\u00c9 integrada por estudantes do curso de Ci\u00eancias Agr\u00e1rias.<\/p>\n<p><strong>E-mail<\/strong>:\u00a0<span class=\"adr\">cajueirojunioruepb@gmail.com<\/span>[\/vc_column_text][\/vc_tta_section][vc_tta_section title=&#8221;Campus V (Jo\u00e3o Pessoa)&#8221; tab_id=&#8221;1651772041510-0fc888e9-ba6f&#8221;][vc_column_text]<strong>ELEVEN \u2013 Empresa J\u00fanior de Rela\u00e7\u00f5es Internacionais.<\/strong><\/p>\n<p>\u00c9 integrada por estudantes do curso de Rela\u00e7\u00f5es Internacionais.<\/p>\n<p><strong>E-mail<\/strong>: elevenjr.comercial@gmail.com[\/vc_column_text][\/vc_tta_section][vc_tta_section title=&#8221;Campus VIII (Araruna)&#8221; tab_id=&#8221;1651772070207-52f8c004-7d5b&#8221;][vc_column_text]<\/p>\n<div class=\"mdl-grid demo-content conteudo-interno-titulo\">\n<div class=\"mdl-cell mdl-cell--12-col\">\n<p><strong>PILARES Consultoria J\u00fanior de Engenharia Civil<br \/>\n<\/strong><\/p>\n<p>\u00c9 integrada por estudantes do curso de Engenharia Civil.<\/p>\n<p><strong>Telefone<\/strong>: 83 83 99942-8710\/ 83 99998-2101<\/p>\n<p><strong>E-mail<\/strong>:\u00a0<span class=\"adr\">empresajrpilares@gmail.com<\/span><\/p>\n<p><strong>Site<\/strong>: <a href=\"https:\/\/empresajrpilares.wixsite.com\/pilares-empresa-jr\" target=\"_blank\" rel=\"noopener\">https:\/\/empresajrpilares.wixsite.com\/pilares-empresa-jr<\/a><\/p>\n<\/div>\n<\/div>\n<footer id=\"rodape\" class=\"mdl-mega-footer div-rodape-global\">\n<div id=\"info-rodape\" class=\"mdl-grid\">\n<div class=\"mdl-cell mdl-cell--3-col mdl-cell--4-col-tablet mdl-cell--12-col-phone div-rodape\"><\/div>\n<\/div>\n<\/footer>\n<p>[\/vc_column_text][\/vc_tta_section][\/vc_tta_accordion][\/vc_column][\/vc_row]<\/p>\n<\/div>","protected":false},"excerpt":{"rendered":"<p>[vc_row el_class=&#8221;conf-azul&#8221;][vc_column][vc_column_text]Como forma de estimular o empreendedorismo perante os alunos dos cursos de gradua\u00e7\u00e3o, a Universidade Estadual da Para\u00edba tem estimulado e apoiado a cria\u00e7\u00e3o de Empresas Juniores. Abaixo seguem alguns pontos a respeito destas empresas, bem como quais\u00a0pertencem \u00e0 UEPB. Informa\u00e7\u00f5es a respeito da cria\u00e7\u00e3o de uma Empresa J\u00fanior: A Lei N\u00ba 13.267\/2016 disciplina <a class=\"leiamais\" href=\"https:\/\/coordenadorias.uepb.edu.br\/inovatec\/empresas-juniores\/\">Leia Mais&#8230;<\/a><\/p>\n","protected":false},"author":2,"featured_media":0,"parent":0,"menu_order":0,"comment_status":"closed","ping_status":"closed","template":"","meta":{"footnotes":""},"class_list":["post-15","page","type-page","status-publish","hentry"],"_links":{"self":[{"href":"https:\/\/coordenadorias.uepb.edu.br\/inovatec\/wp-json\/wp\/v2\/pages\/15","targetHints":{"allow":["GET"]}}],"collection":[{"href":"https:\/\/coordenadorias.uepb.edu.br\/inovatec\/wp-json\/wp\/v2\/pages"}],"about":[{"href":"https:\/\/coordenadorias.uepb.edu.br\/inovatec\/wp-json\/wp\/v2\/types\/page"}],"author":[{"embeddable":true,"href":"https:\/\/coordenadorias.uepb.edu.br\/inovatec\/wp-json\/wp\/v2\/users\/2"}],"replies":[{"embeddable":true,"href":"https:\/\/coordenadorias.uepb.edu.br\/inovatec\/wp-json\/wp\/v2\/comments?post=15"}],"version-history":[{"count":7,"href":"https:\/\/coordenadorias.uepb.edu.br\/inovatec\/wp-json\/wp\/v2\/pages\/15\/revisions"}],"predecessor-version":[{"id":926,"href":"https:\/\/coordenadorias.uepb.edu.br\/inovatec\/wp-json\/wp\/v2\/pages\/15\/revisions\/926"}],"wp:attachment":[{"href":"https:\/\/coordenadorias.uepb.edu.br\/inovatec\/wp-json\/wp\/v2\/media?parent=15"}],"curies":[{"name":"wp","href":"https:\/\/api.w.org\/{rel}","templated":true}]}}