{"id":11,"date":"2016-08-04T07:51:06","date_gmt":"2016-08-04T10:51:06","guid":{"rendered":"http:\/\/nucleos.uepb.edu.br\/inovatec\/?page_id=11"},"modified":"2025-07-28T11:14:48","modified_gmt":"2025-07-28T14:14:48","slug":"diretoria-executiva","status":"publish","type":"page","link":"https:\/\/coordenadorias.uepb.edu.br\/inovatec\/diretoria-executiva\/","title":{"rendered":"Coordenadoria Executiva"},"content":{"rendered":"<div class=\"wpb-content-wrapper\"><p>[vc_row][vc_column][vc_column_text]<strong>PRESID\u00caNCIA<\/strong><strong>: <\/strong>A INOVATEC\/UEPB ser\u00e1 dirigida pelo Coordenador de Propriedade Intelectual, assessorado pelo Coordenador de Empreendedorismo e o Coordenador de Transfer\u00eancia de Tecnologia.[\/vc_column_text][vc_text_separator title=&#8221;Coordenadorias&#8221;][vc_row_inner equal_height=&#8221;yes&#8221; gap=&#8221;30&#8243;][vc_column_inner el_class=&#8221;conf-azul&#8221; width=&#8221;1\/3&#8243;][vc_text_separator title=&#8221;Propriedade Intelectual&#8221; title_align=&#8221;separator_align_left&#8221;][vc_column_text]\u00c9 o \u00f3rg\u00e3o respons\u00e1vel pela prote\u00e7\u00e3o da Propriedade Intelectual, abertura e acompanhamento de processos de licenciamento e demais quest\u00f5es referentes \u00e0 Propriedade Intelectual.<\/p>\n<p><strong>Coordenadora de Propriedade Intelectual<\/strong><br \/>\nProf\u00aa Dr\u00aa Simone Silva dos Santos Lopes<br \/>\nE-mail: simonelopes@servidor.uepb.edu.br[\/vc_column_text][\/vc_column_inner][vc_column_inner el_class=&#8221;conf-azul&#8221; width=&#8221;1\/3&#8243; css=&#8221;.vc_custom_1651773186809{padding-bottom: 30px !important;}&#8221;][vc_text_separator title=&#8221;Transfer\u00eancia de Tecnologias&#8221; title_align=&#8221;separator_align_left&#8221;][vc_column_text css=&#8221;&#8221;]\u00c9 o \u00f3rg\u00e3o respons\u00e1vel pela celebra\u00e7\u00e3o de contratos de licenciamento e transfer\u00eancia de tecnologia para outorga de direito de uso ou de explora\u00e7\u00e3o de cria\u00e7\u00e3o de titularidade ou cotitularidade da Universidade.<\/p>\n<p><strong>Coordenadora de Transfer\u00eancia de Tecnologias<\/strong><br \/>\nYedda Alexandra Freire de Albuquerque Prazeres<br \/>\nE-mail: yedda@servidor.uepb.edu.br[\/vc_column_text][\/vc_column_inner][vc_column_inner el_class=&#8221;conf-azul&#8221; width=&#8221;1\/3&#8243;][vc_text_separator title=&#8221;Empreendedorismo&#8221; title_align=&#8221;separator_align_left&#8221;][vc_column_text]\u00c9 o \u00f3rg\u00e3o respons\u00e1vel por incentivar o empreendedorismo e realizar a implanta\u00e7\u00e3o de parques, incubadoras e fortalecimento de empresas.<\/p>\n<p><strong>Coordenador de Empreendedorismo<\/strong><br \/>\nProf. Dr. Josemir Moura Maia<br \/>\nE-mail: jmouram@servidor.uepb.edu.br[\/vc_column_text][\/vc_column_inner][\/vc_row_inner][\/vc_column][\/vc_row]<\/p>\n<\/div>","protected":false},"excerpt":{"rendered":"<p>[vc_row][vc_column][vc_column_text]PRESID\u00caNCIA: A INOVATEC\/UEPB ser\u00e1 dirigida pelo Coordenador de Propriedade Intelectual, assessorado pelo Coordenador de Empreendedorismo e o Coordenador de Transfer\u00eancia de Tecnologia.[\/vc_column_text][vc_text_separator title=&#8221;Coordenadorias&#8221;][vc_row_inner equal_height=&#8221;yes&#8221; gap=&#8221;30&#8243;][vc_column_inner el_class=&#8221;conf-azul&#8221; width=&#8221;1\/3&#8243;][vc_text_separator title=&#8221;Propriedade Intelectual&#8221; title_align=&#8221;separator_align_left&#8221;][vc_column_text]\u00c9 o \u00f3rg\u00e3o respons\u00e1vel pela prote\u00e7\u00e3o da Propriedade Intelectual, abertura e acompanhamento de processos de licenciamento e demais quest\u00f5es referentes \u00e0 Propriedade Intelectual. Coordenadora de Propriedade <a class=\"leiamais\" href=\"https:\/\/coordenadorias.uepb.edu.br\/inovatec\/diretoria-executiva\/\">Leia Mais&#8230;<\/a><\/p>\n","protected":false},"author":2,"featured_media":0,"parent":0,"menu_order":0,"comment_status":"closed","ping_status":"closed","template":"","meta":{"footnotes":""},"class_list":["post-11","page","type-page","status-publish","hentry"],"_links":{"self":[{"href":"https:\/\/coordenadorias.uepb.edu.br\/inovatec\/wp-json\/wp\/v2\/pages\/11","targetHints":{"allow":["GET"]}}],"collection":[{"href":"https:\/\/coordenadorias.uepb.edu.br\/inovatec\/wp-json\/wp\/v2\/pages"}],"about":[{"href":"https:\/\/coordenadorias.uepb.edu.br\/inovatec\/wp-json\/wp\/v2\/types\/page"}],"author":[{"embeddable":true,"href":"https:\/\/coordenadorias.uepb.edu.br\/inovatec\/wp-json\/wp\/v2\/users\/2"}],"replies":[{"embeddable":true,"href":"https:\/\/coordenadorias.uepb.edu.br\/inovatec\/wp-json\/wp\/v2\/comments?post=11"}],"version-history":[{"count":11,"href":"https:\/\/coordenadorias.uepb.edu.br\/inovatec\/wp-json\/wp\/v2\/pages\/11\/revisions"}],"predecessor-version":[{"id":1017,"href":"https:\/\/coordenadorias.uepb.edu.br\/inovatec\/wp-json\/wp\/v2\/pages\/11\/revisions\/1017"}],"wp:attachment":[{"href":"https:\/\/coordenadorias.uepb.edu.br\/inovatec\/wp-json\/wp\/v2\/media?parent=11"}],"curies":[{"name":"wp","href":"https:\/\/api.w.org\/{rel}","templated":true}]}}