{"id":85,"date":"2017-02-22T17:03:57","date_gmt":"2017-02-22T20:03:57","guid":{"rendered":"https:\/\/coordenadorias.uepb.edu.br\/cori\/?page_id=85"},"modified":"2023-07-26T09:43:06","modified_gmt":"2023-07-26T12:43:06","slug":"equipe","status":"publish","type":"page","link":"https:\/\/coordenadorias.uepb.edu.br\/cori\/equipe\/","title":{"rendered":"Equipe e contatos"},"content":{"rendered":"<div class=\"wpb-content-wrapper\"><p>[vc_row][vc_column width=&#8221;1\/4&#8243;][\/vc_column][vc_column width=&#8221;1\/2&#8243; el_class=&#8221;conf-azul&#8221;][vc_text_separator title=&#8221;Coordenador&#8221; i_icon_fontawesome=&#8221;fas fa-user&#8221; i_color=&#8221;white&#8221; i_background_style=&#8221;boxed&#8221; i_background_color=&#8221;blue&#8221; i_size=&#8221;sm&#8221; title_align=&#8221;separator_align_left&#8221; align=&#8221;align_left&#8221; add_icon=&#8221;true&#8221;][vc_column_text]Professor Cl\u00e1udio Sim\u00e3o de Lucena Neto<\/p>\n<p>claudio.lucena@gsuite.uepb.edu.br<br \/>\nCoordenador de Rela\u00e7\u00f5es Internacionais[\/vc_column_text][\/vc_column][vc_column width=&#8221;1\/4&#8243;][\/vc_column][\/vc_row][vc_row gap=&#8221;30&#8243; equal_height=&#8221;yes&#8221;][vc_column width=&#8221;1\/2&#8243; el_class=&#8221;conf-azul&#8221;][vc_text_separator title=&#8221;Equipe&#8221; i_icon_fontawesome=&#8221;fas fa-users&#8221; i_color=&#8221;white&#8221; i_background_style=&#8221;boxed&#8221; i_background_color=&#8221;green&#8221; i_size=&#8221;sm&#8221; title_align=&#8221;separator_align_left&#8221; add_icon=&#8221;true&#8221;][vc_column_text]<strong>Secret\u00e1rio Executivo:<br \/>\n<\/strong>Christiano Cordeiro Soares<br \/>\nchristiano@servidor.uepb.edu.br<\/p>\n<p><strong>Assessor Administrativo<\/strong><br \/>\nGilberto Rodrigues<br \/>\ngilbertorodrigues@servidor.uepb.edu.br<\/p>\n<p><strong>N\u00facleo de L\u00ednguas &#8211; NucLi:<br \/>\n<\/strong>Jussara Mirza Correia<br \/>\njussaramirza@servidor.uepb.edu.br<\/p>\n<p>[\/vc_column_text][\/vc_column][vc_column width=&#8221;1\/2&#8243; el_class=&#8221;conf-azul&#8221;][vc_text_separator title=&#8221;Endere\u00e7o&#8221; i_icon_fontawesome=&#8221;fas fa-map-marker-alt&#8221; i_color=&#8221;white&#8221; i_background_style=&#8221;boxed&#8221; i_background_color=&#8221;orange&#8221; i_size=&#8221;sm&#8221; title_align=&#8221;separator_align_left&#8221; add_icon=&#8221;true&#8221;][vc_column_text]Rua das Bara\u00fanas, n\u00b0 351<br \/>\nUEPB \u2013 Pr\u00e9dio Administrativo da Reitoria, 2\u00ba andar, Sala 227.<br \/>\nCEP: 58.429-500. Campina Grande\/PB<\/p>\n<p><strong>E-mail<\/strong>: cori@gsuite.uepb.edu.br<\/p>\n<p><strong>Facebook<\/strong>: <a href=\"https:\/\/www.facebook.com\/cori.uepb\" target=\"_blank\" rel=\"noopener\">https:\/\/www.facebook.com\/cori.uepb<\/a><br \/>\n<strong>Instagram<\/strong>: <a href=\"https:\/\/www.instagram.com\/cori_uepb\/\" target=\"_blank\" rel=\"noopener\">https:\/\/www.instagram.com\/cori_uepb\/<\/a><\/p>\n<p><strong>Telefone<\/strong>: +55 (83) 3315-3415[\/vc_column_text][\/vc_column][\/vc_row]<\/p>\n<\/div>","protected":false},"excerpt":{"rendered":"<p>[vc_row][vc_column width=&#8221;1\/4&#8243;][\/vc_column][vc_column width=&#8221;1\/2&#8243; el_class=&#8221;conf-azul&#8221;][vc_text_separator title=&#8221;Coordenador&#8221; i_icon_fontawesome=&#8221;fas fa-user&#8221; i_color=&#8221;white&#8221; i_background_style=&#8221;boxed&#8221; i_background_color=&#8221;blue&#8221; i_size=&#8221;sm&#8221; title_align=&#8221;separator_align_left&#8221; align=&#8221;align_left&#8221; add_icon=&#8221;true&#8221;][vc_column_text]Professor Cl\u00e1udio Sim\u00e3o de Lucena Neto claudio.lucena@gsuite.uepb.edu.br Coordenador de Rela\u00e7\u00f5es Internacionais[\/vc_column_text][\/vc_column][vc_column width=&#8221;1\/4&#8243;][\/vc_column][\/vc_row][vc_row gap=&#8221;30&#8243; equal_height=&#8221;yes&#8221;][vc_column width=&#8221;1\/2&#8243; el_class=&#8221;conf-azul&#8221;][vc_text_separator title=&#8221;Equipe&#8221; i_icon_fontawesome=&#8221;fas fa-users&#8221; i_color=&#8221;white&#8221; i_background_style=&#8221;boxed&#8221; i_background_color=&#8221;green&#8221; i_size=&#8221;sm&#8221; title_align=&#8221;separator_align_left&#8221; add_icon=&#8221;true&#8221;][vc_column_text]Secret\u00e1rio Executivo: Christiano Cordeiro Soares christiano@servidor.uepb.edu.br Assessor Administrativo Gilberto Rodrigues gilbertorodrigues@servidor.uepb.edu.br N\u00facleo de L\u00ednguas &#8211; NucLi: Jussara Mirza <a class=\"leiamais\" href=\"https:\/\/coordenadorias.uepb.edu.br\/cori\/equipe\/\">Leia Mais&#8230;<\/a><\/p>\n","protected":false},"author":1,"featured_media":0,"parent":0,"menu_order":0,"comment_status":"closed","ping_status":"closed","template":"","meta":{"footnotes":""},"class_list":["post-85","page","type-page","status-publish","hentry"],"_links":{"self":[{"href":"https:\/\/coordenadorias.uepb.edu.br\/cori\/wp-json\/wp\/v2\/pages\/85","targetHints":{"allow":["GET"]}}],"collection":[{"href":"https:\/\/coordenadorias.uepb.edu.br\/cori\/wp-json\/wp\/v2\/pages"}],"about":[{"href":"https:\/\/coordenadorias.uepb.edu.br\/cori\/wp-json\/wp\/v2\/types\/page"}],"author":[{"embeddable":true,"href":"https:\/\/coordenadorias.uepb.edu.br\/cori\/wp-json\/wp\/v2\/users\/1"}],"replies":[{"embeddable":true,"href":"https:\/\/coordenadorias.uepb.edu.br\/cori\/wp-json\/wp\/v2\/comments?post=85"}],"version-history":[{"count":36,"href":"https:\/\/coordenadorias.uepb.edu.br\/cori\/wp-json\/wp\/v2\/pages\/85\/revisions"}],"predecessor-version":[{"id":2986,"href":"https:\/\/coordenadorias.uepb.edu.br\/cori\/wp-json\/wp\/v2\/pages\/85\/revisions\/2986"}],"wp:attachment":[{"href":"https:\/\/coordenadorias.uepb.edu.br\/cori\/wp-json\/wp\/v2\/media?parent=85"}],"curies":[{"name":"wp","href":"https:\/\/api.w.org\/{rel}","templated":true}]}}