{"id":8,"date":"2017-02-20T09:55:30","date_gmt":"2017-02-20T12:55:30","guid":{"rendered":"https:\/\/coordenadorias.uepb.edu.br\/cori\/?page_id=8"},"modified":"2017-11-27T11:10:18","modified_gmt":"2017-11-27T14:10:18","slug":"espanhol","status":"publish","type":"page","link":"https:\/\/coordenadorias.uepb.edu.br\/cori\/centro-cori-de-idiomas\/espanhol\/","title":{"rendered":"Espanhol"},"content":{"rendered":"<p>[:pb]<strong>LA HORA HISPANA<\/strong><\/p>\n<p><em>La Hora Hispana<\/em> \u00e9 uma atividade gratuita, aberta para toda a comunidade acad\u00eamica, que \u00e9 desenvolvida pela CoRI e consiste em encontros de conversa\u00e7\u00e3o em l\u00edngua espanhola guiadas por um professor de espanhol nativo.<\/p>\n<p><strong>Para mais informa\u00e7\u00f5es: <\/strong><a href=\"http:\/\/www.facebook.com\/cori.uepb\">www.facebook.com\/cori.uepb<\/a><\/p>\n<p><strong><br \/>\nCURSO PREPARAT\u00d3RIO PARA O EXAME DE NIVELAMENTO E\/OU PROFICI\u00caNCIA EM L\u00cdNGUA ESPANHOLA: DIPLOMAS DE ESPA\u00d1OL COMO LEGUA EXTRANJERA (DELE\/N\u00cdVEL B1)<\/strong><\/p>\n<p><strong>Qual o objetivo?<\/strong><br \/>\nO Curso Preparat\u00f3rio para exames de nivelamento e\/ou profici\u00eancia em l\u00edngua espanhola \u00e9 realizado pela Coordenadoria de Rela\u00e7\u00f5es Internacionais (CoRI) juntamente com o Departamento de Letras da UEPB e a Ag\u00eancia Espanhola de Coopera\u00e7\u00e3o Internacional para o Desenvolvimento (AECID), tendo como objetivo proporcionar, gratuitamente, \u00e0 comunidade acad\u00eamica da UEPB o dom\u00ednio, em n\u00edvel intermedi\u00e1rio, do idioma espanhol, atrav\u00e9s da prepara\u00e7\u00e3o para o exame do <em>Diploma de Espa\u00f1ol como Lengua Extranjera (DELE)<\/em>, no n\u00edvel B1.<\/p>\n<p><strong>*As demais informa\u00e7\u00f5es sobre o Curso constar\u00e3o no edital a ser emitido pela CoRI quando da divulga\u00e7\u00e3o do per\u00edodo destinado \u00e0s inscri\u00e7\u00f5es.<\/strong><\/p>\n<p><strong>Conhe\u00e7a:<\/strong><\/p>\n<p>AECID: <a href=\"http:\/\/www.aecid.es\/\">http:\/\/www.aecid.es\/<br \/>\n<\/a>CERVANTES: <a href=\"http:\/\/www.cervantes.es\/default.htm\">http:\/\/www.cervantes.es\/default.htm<\/a><\/p>\n<p><strong><br \/>\nAPLICA\u00c7\u00c3O DO EXAME DE NIVELAMENTO E\/OU PROFICI\u00caNCIA EM L\u00cdNGUA ESPANHOLA: Diplomas de Espa\u00f1ol como Lengua Extranjera (DELE)<\/strong><\/p>\n<p><strong>O que \u00e9?<\/strong><br \/>\nAs aplica\u00e7\u00f5es do <em>Diploma de Espa\u00f1ol como Lengua Extranjera (DELE)<\/em> s\u00e3o proporcionadas pela parceria firmada entre a UEPB e o Instituto Cervantes e t\u00eam por objetivo atender a toda comunidade interessada em obter um dos certificados de maior reconhecimento internacional no idioma espanhol.<\/p>\n<p>A UEPB aplica anualmente (de acordo com o calend\u00e1rio do Instituto Cervantes) o <em>DELE<\/em> para os n\u00edveis <strong>A1, A2, B1, B2, C1 E C2<\/strong>.[:en]<strong>LA HORA HISPANA<\/strong><\/p>\n<p>La hora Hispana is a free activity, open all academic community offered by IRCB, that consists in communicative meetings in Spanish Language guided by a native Spanish Professor.<\/p>\n<p>For more information: <a href=\"https:\/\/www.facebook.com\/cori.uepb\" target=\"_blank\" rel=\"noopener\">www.facebook.com\/cori.uepb<\/a><\/p>\n<p><strong>PREPARATION COURSE TO PROFICIENCY IN SPANISH LANGUAGE &#8211; DIPLOMAS DE ESPA\u00d1OL COMO LEGUA EXTRANJERA (DELE\/N\u00cdVEL B1)<\/strong><\/p>\n<p>This course is offered by IRCB in concert with Language Department of the State University of Para\u00edba and the Spanish Agency to International Cooperation and Development (SAICD), that aims to promote for free to all academic community the Intermediate level of Spanish necessary for taking the DELE exam.<\/p>\n<p><strong>*The information about this course will be broadcasted by public notices published by International Relations Coordinating Body through the submission period.<\/strong><\/p>\n<p>Visit:<\/p>\n<ul>\n<li>SAICD: <a href=\"http:\/\/www.aecid.es\/\" target=\"_blank\" rel=\"noopener\">http:\/\/www.aecid.es\/<\/a><\/li>\n<li>CERVANTES: <a href=\"http:\/\/www.cervantes.es\/default.htm\" target=\"_blank\" rel=\"noopener\">http:\/\/www.cervantes.es\/default.htm<\/a><\/li>\n<\/ul>\n<p>&nbsp;<\/p>\n<p><strong>APLICATION OF THE EXAM: DIPLOMAS DE ESPA\u00d1OL COMO LEGUA EXTRANJERA (DELE\/N\u00cdVEL B1)<\/strong><\/p>\n<p>The application of this exam is offerd by the partnership between SUP and Cervantes Institute and has the objective of offering to all academic community, the most internationally recognized certificate in Spanish Language Proficiency.<\/p>\n<p>Our University applies the DELE exam every year, following the Cervantes Institute Calendar, to all levels: A1, A2, B1, B2, C1 and C2.[:]<\/p>\n","protected":false},"excerpt":{"rendered":"<p>[:pb]LA HORA HISPANA La Hora Hispana \u00e9 uma atividade gratuita, aberta para toda a comunidade acad\u00eamica, que \u00e9 desenvolvida pela CoRI e consiste em encontros de conversa\u00e7\u00e3o em l\u00edngua espanhola guiadas por um professor de espanhol nativo. Para mais informa\u00e7\u00f5es: www.facebook.com\/cori.uepb CURSO PREPARAT\u00d3RIO PARA O EXAME DE NIVELAMENTO E\/OU PROFICI\u00caNCIA EM L\u00cdNGUA ESPANHOLA: DIPLOMAS DE <a class=\"leiamais\" href=\"https:\/\/coordenadorias.uepb.edu.br\/cori\/centro-cori-de-idiomas\/espanhol\/\">Leia Mais&#8230;<\/a><\/p>\n","protected":false},"author":2,"featured_media":0,"parent":131,"menu_order":0,"comment_status":"closed","ping_status":"closed","template":"","meta":{"footnotes":""},"class_list":["post-8","page","type-page","status-publish","hentry"],"_links":{"self":[{"href":"https:\/\/coordenadorias.uepb.edu.br\/cori\/wp-json\/wp\/v2\/pages\/8","targetHints":{"allow":["GET"]}}],"collection":[{"href":"https:\/\/coordenadorias.uepb.edu.br\/cori\/wp-json\/wp\/v2\/pages"}],"about":[{"href":"https:\/\/coordenadorias.uepb.edu.br\/cori\/wp-json\/wp\/v2\/types\/page"}],"author":[{"embeddable":true,"href":"https:\/\/coordenadorias.uepb.edu.br\/cori\/wp-json\/wp\/v2\/users\/2"}],"replies":[{"embeddable":true,"href":"https:\/\/coordenadorias.uepb.edu.br\/cori\/wp-json\/wp\/v2\/comments?post=8"}],"version-history":[{"count":6,"href":"https:\/\/coordenadorias.uepb.edu.br\/cori\/wp-json\/wp\/v2\/pages\/8\/revisions"}],"predecessor-version":[{"id":363,"href":"https:\/\/coordenadorias.uepb.edu.br\/cori\/wp-json\/wp\/v2\/pages\/8\/revisions\/363"}],"up":[{"embeddable":true,"href":"https:\/\/coordenadorias.uepb.edu.br\/cori\/wp-json\/wp\/v2\/pages\/131"}],"wp:attachment":[{"href":"https:\/\/coordenadorias.uepb.edu.br\/cori\/wp-json\/wp\/v2\/media?parent=8"}],"curies":[{"name":"wp","href":"https:\/\/api.w.org\/{rel}","templated":true}]}}