{"id":644,"date":"2018-12-06T15:51:39","date_gmt":"2018-12-06T18:51:39","guid":{"rendered":"https:\/\/coordenadorias.uepb.edu.br\/cori\/?page_id=644"},"modified":"2020-06-17T10:23:25","modified_gmt":"2020-06-17T13:23:25","slug":"submissao-de-candidaturas","status":"publish","type":"page","link":"https:\/\/coordenadorias.uepb.edu.br\/cori\/submissao-de-candidaturas\/","title":{"rendered":"Estude na UEPB"},"content":{"rendered":"<p>Formul\u00e1rio destinado a estudantes de institui\u00e7\u00f5es estrangeiras conveniadas que desejam estudar na Universidade Estadual da Para\u00edba (UEPB):<\/p>\n<p>Formul\u00e1rio para estudantes estrangeiros em portugu\u00eas: <a href=\"https:\/\/coordenadorias.uepb.edu.br\/cori\/wp-content\/uploads\/sites\/5\/2020\/03\/UEPB-CORI-FORMULA\u0301RIO-DE-CANDIDATURA-VERSA\u0303O-EM-PORTUGUE\u0302S.doc\">UEPB &#8211; CORI &#8211; FORMULA\u0301RIO DE CANDIDATURA &#8211; VERSA\u0303O EM PORTUGUE\u0302S<\/a><\/p>\n<p>Formul\u00e1rio para estudantes estrangeiros em Espanhol: <a href=\"https:\/\/coordenadorias.uepb.edu.br\/cori\/wp-content\/uploads\/sites\/5\/2020\/03\/UEPB-CORI-FORMULARIO-DE-SOLICITUD-EN-ESPAN\u0303OL.doc\">UEPB &#8211; CORI &#8211; FORMULARIO DE SOLICITUD &#8211; EN ESPAN\u0303OL<\/a><\/p>\n<p>Formul\u00e1rio para estudantes estrangeiros em Ingl\u00eas: <a href=\"https:\/\/coordenadorias.uepb.edu.br\/cori\/wp-content\/uploads\/sites\/5\/2020\/03\/UEPB-CORI-APPLICATION-FORM-ENGLISH-VERSION.doc\">UEPB &#8211; CORI &#8211; APPLICATION FORM &#8211; ENGLISH VERSION<\/a><\/p>\n<p>O Formul\u00e1rio dever\u00e1 ser preenchido e enviado para o email: cori@gsuite.uepb.edu.br<\/p>\n","protected":false},"excerpt":{"rendered":"<p>Formul\u00e1rio destinado a estudantes de institui\u00e7\u00f5es estrangeiras conveniadas que desejam estudar na Universidade Estadual da Para\u00edba (UEPB): Formul\u00e1rio para estudantes estrangeiros em portugu\u00eas: UEPB &#8211; CORI &#8211; FORMULA\u0301RIO DE CANDIDATURA &#8211; VERSA\u0303O EM PORTUGUE\u0302S Formul\u00e1rio para estudantes estrangeiros em Espanhol: UEPB &#8211; CORI &#8211; FORMULARIO DE SOLICITUD &#8211; EN ESPAN\u0303OL Formul\u00e1rio para estudantes estrangeiros em <a class=\"leiamais\" href=\"https:\/\/coordenadorias.uepb.edu.br\/cori\/submissao-de-candidaturas\/\">Leia Mais&#8230;<\/a><\/p>\n","protected":false},"author":13,"featured_media":0,"parent":0,"menu_order":0,"comment_status":"closed","ping_status":"closed","template":"","meta":{"footnotes":""},"class_list":["post-644","page","type-page","status-publish","hentry"],"_links":{"self":[{"href":"https:\/\/coordenadorias.uepb.edu.br\/cori\/wp-json\/wp\/v2\/pages\/644","targetHints":{"allow":["GET"]}}],"collection":[{"href":"https:\/\/coordenadorias.uepb.edu.br\/cori\/wp-json\/wp\/v2\/pages"}],"about":[{"href":"https:\/\/coordenadorias.uepb.edu.br\/cori\/wp-json\/wp\/v2\/types\/page"}],"author":[{"embeddable":true,"href":"https:\/\/coordenadorias.uepb.edu.br\/cori\/wp-json\/wp\/v2\/users\/13"}],"replies":[{"embeddable":true,"href":"https:\/\/coordenadorias.uepb.edu.br\/cori\/wp-json\/wp\/v2\/comments?post=644"}],"version-history":[{"count":20,"href":"https:\/\/coordenadorias.uepb.edu.br\/cori\/wp-json\/wp\/v2\/pages\/644\/revisions"}],"predecessor-version":[{"id":1670,"href":"https:\/\/coordenadorias.uepb.edu.br\/cori\/wp-json\/wp\/v2\/pages\/644\/revisions\/1670"}],"wp:attachment":[{"href":"https:\/\/coordenadorias.uepb.edu.br\/cori\/wp-json\/wp\/v2\/media?parent=644"}],"curies":[{"name":"wp","href":"https:\/\/api.w.org\/{rel}","templated":true}]}}