{"id":6,"date":"2017-02-20T09:52:01","date_gmt":"2017-02-20T12:52:01","guid":{"rendered":"https:\/\/coordenadorias.uepb.edu.br\/cori\/?page_id=6"},"modified":"2025-05-23T10:29:01","modified_gmt":"2025-05-23T13:29:01","slug":"apresentacao","status":"publish","type":"page","link":"https:\/\/coordenadorias.uepb.edu.br\/cori\/apresentacao\/","title":{"rendered":"Apresenta\u00e7\u00e3o"},"content":{"rendered":"<div class=\"wpb-content-wrapper\"><p>[vc_row][vc_column el_class=&#8221;conf-azul&#8221;][vc_text_separator title=&#8221;Miss\u00e3o&#8221; i_icon_fontawesome=&#8221;fas fa-bullseye&#8221; title_align=&#8221;separator_align_left&#8221; css=&#8221;&#8221; add_icon=&#8221;true&#8221;][vc_column_text css=&#8221;&#8221; el_class=&#8221;conf-azul&#8221;]<\/p>\n<p class=\"p1\">Compete \u00e0 Coordenadoria de Rela\u00e7\u00f5es Internacionais (CoRI) a miss\u00e3o de internacionalizar a Universidade Estadual da Para\u00edba. A tarefa \u00e9, portanto, de m\u00e3o dupla: promover a UEPB no Mundo e o Mundo na UEPB.<\/p>\n<p>[\/vc_column_text][\/vc_column][\/vc_row][vc_row][vc_column][vc_separator css=&#8221;&#8221;][\/vc_column][\/vc_row][vc_row][vc_column el_class=&#8221;conf-amarelo&#8221;][vc_text_separator title=&#8221;Princ\u00edpios&#8221; i_icon_fontawesome=&#8221;fas fa-pen-square&#8221; title_align=&#8221;separator_align_left&#8221; css=&#8221;&#8221; add_icon=&#8221;true&#8221;][vc_column_text css=&#8221;&#8221; el_class=&#8221;conf-azul&#8221;]<\/p>\n<p class=\"p1\">Compete \u00e0 Coordenadoria de Rela\u00e7\u00f5es Internacionais (CoRI) a miss\u00e3o de internacionalizar a Universidade Estadual da Para\u00edba. A tarefa \u00e9, portanto, de m\u00e3o dupla: promover a UEPB no Mundo e o Mundo na UEPB.<\/p>\n<p>[\/vc_column_text][\/vc_column][\/vc_row][vc_row][vc_column][vc_separator css=&#8221;&#8221;][\/vc_column][\/vc_row][vc_row][vc_column el_class=&#8221;conf-vermelho&#8221;][vc_text_separator title=&#8221;A\u00e7\u00f5es concretas&#8221; i_icon_fontawesome=&#8221;fas fa-dot-circle&#8221; title_align=&#8221;separator_align_left&#8221; css=&#8221;&#8221; add_icon=&#8221;true&#8221;][vc_column_text css=&#8221;&#8221; el_class=&#8221;conf-azul&#8221;]<\/p>\n<p class=\"p1\">No que tange \u00e0s a\u00e7\u00f5es concretas, a CoRI pretende promover o interc\u00e2mbio do corpo docente, discente e de profissionais administrativos de nossa Universidade com outras universidades estrangeiras; estimular a cria\u00e7\u00e3o de grupos de pesquisa internacionais; fomentar projetos culturais e de extens\u00e3o internacionais; estimular a qualifica\u00e7\u00e3o e capacita\u00e7\u00e3o docente dos Professores em Universidades internacionais consagradas, etc.<\/p>\n<p class=\"p1\">Para tanto, a CoRI objetiva estimular o estabelecimento de Conv\u00eanios e Acordos de Coopera\u00e7\u00e3o Internacional cujos fundamentos estejam calcados nas demandas e necessidades dos cursos de Gradua\u00e7\u00e3o e P\u00f3s-Gradua\u00e7\u00e3o da nossa Universidade. Neste sentido, a CoRI entende que um bom conv\u00eanio \u00e9 aquele feito a partir dos interesses concretos dos professores e professoras da UEPB.<\/p>\n<p class=\"p1\">Reconhecendo os processos diversos que intensificaram-se no sistema internacional nestas \u00faltimas d\u00e9cadas, como a intensifica\u00e7\u00e3o das intera\u00e7\u00f5es s\u00f3cio-econ\u00f4micas e a busca crescente por democratiza\u00e7\u00e3o de espa\u00e7os pol\u00edticos internacionais, observa-se a ascens\u00e3o de novos temas e atores no cen\u00e1rio internacional. Desse modo, organiza\u00e7\u00f5es internacionais, movimentos sociais transnacionais, empresas multinacionais, ONGs de car\u00e1ter internacional, s\u00e3o atores que hoje t\u00eam relevo na arena internacional e que atuam de forma determinante na formula\u00e7\u00e3o e concretiza\u00e7\u00e3o de pol\u00edticas diversas.<\/p>\n<p class=\"p1\">Consoante com essa realidade, a UEPB objetiva se tornar tamb\u00e9m um ator social internacional capaz de contribuir para uma s\u00e9rie de quest\u00f5es internacionais, como: o problema da \u00e1gua no mundo, a mudan\u00e7a clim\u00e1tica, o desenvolvimento latino e sul-americano, o problema da pobreza e da fome nas regi\u00f5es em desenvolvimento, a promo\u00e7\u00e3o da cultura popular como express\u00e3o universal, etc.<\/p>\n<p class=\"p1\">Desse modo, a CoRI, buscando propiciar a assun\u00e7\u00e3o desta realidade leg\u00edtima para a UEPB no cen\u00e1rio internacional pretende, com a ajuda da comunidade acad\u00eamica, estabelecer contatos com Organiza\u00e7\u00f5es Internacionais e Integra\u00e7\u00f5es Regionais, tais como: a Organiza\u00e7\u00e3o das Na\u00e7\u00f5es Unidas, a Organiza\u00e7\u00e3o dos Estados Americanos, a Organiza\u00e7\u00e3o Internacional do Trabalho, a Organiza\u00e7\u00e3o Internacional das Migra\u00e7\u00f5es, o MERCOSUL, a UNASUL, dentre outros.<\/p>\n<p>[\/vc_column_text][\/vc_column][\/vc_row][vc_row][vc_column][vc_separator css=&#8221;&#8221;][\/vc_column][\/vc_row][vc_row][vc_column el_class=&#8221;conf-verde&#8221;][vc_text_separator title=&#8221;Construindo o futuro&#8221; i_icon_fontawesome=&#8221;fas fa-eye&#8221; title_align=&#8221;separator_align_left&#8221; css=&#8221;&#8221; add_icon=&#8221;true&#8221;][vc_column_text css=&#8221;&#8221; el_class=&#8221;conf-azul&#8221;]<\/p>\n<p class=\"p1\">A tarefa \u00e9 grandiosa e importante para a Universidade n\u00e3o s\u00f3 do ponto de vista moral, mas tamb\u00e9m do pragm\u00e1tico, conquanto as avalia\u00e7\u00f5es cient\u00edficas do governo federal qualificam\u00a0positivamente os cursos de Gradua\u00e7\u00e3o e P\u00f3s-Gradua\u00e7\u00e3o que estejam internacionalizados.<\/p>\n<p class=\"p1\">Dessa maneira, a grande tarefa de internacionaliza\u00e7\u00e3o da UEPB se imp\u00f5e como uma necessidade, um imperativo de a\u00e7\u00e3o. \u00c9 certo que ela deve ser feita de forma coletiva, isto \u00e9, por toda a comunidade da referida Institui\u00e7\u00e3o. Unindo esfor\u00e7os e com muita dedica\u00e7\u00e3o, continuaremos concretizando o sonho de fazer da Universidade Estadual da Para\u00edba uma Universidade de excel\u00eancia, digna e social.<\/p>\n<p>[\/vc_column_text][\/vc_column][\/vc_row]<\/p>\n<\/div>","protected":false},"excerpt":{"rendered":"<p>[vc_row][vc_column el_class=&#8221;conf-azul&#8221;][vc_text_separator title=&#8221;Miss\u00e3o&#8221; i_icon_fontawesome=&#8221;fas fa-bullseye&#8221; title_align=&#8221;separator_align_left&#8221; css=&#8221;&#8221; add_icon=&#8221;true&#8221;][vc_column_text css=&#8221;&#8221; el_class=&#8221;conf-azul&#8221;] Compete \u00e0 Coordenadoria de Rela\u00e7\u00f5es Internacionais (CoRI) a miss\u00e3o de internacionalizar a Universidade Estadual da Para\u00edba. A tarefa \u00e9, portanto, de m\u00e3o dupla: promover a UEPB no Mundo e o Mundo na UEPB. [\/vc_column_text][\/vc_column][\/vc_row][vc_row][vc_column][vc_separator css=&#8221;&#8221;][\/vc_column][\/vc_row][vc_row][vc_column el_class=&#8221;conf-amarelo&#8221;][vc_text_separator title=&#8221;Princ\u00edpios&#8221; i_icon_fontawesome=&#8221;fas fa-pen-square&#8221; title_align=&#8221;separator_align_left&#8221; css=&#8221;&#8221; add_icon=&#8221;true&#8221;][vc_column_text css=&#8221;&#8221; el_class=&#8221;conf-azul&#8221;] Compete <a class=\"leiamais\" href=\"https:\/\/coordenadorias.uepb.edu.br\/cori\/apresentacao\/\">Leia Mais&#8230;<\/a><\/p>\n","protected":false},"author":2,"featured_media":0,"parent":0,"menu_order":0,"comment_status":"closed","ping_status":"closed","template":"","meta":{"footnotes":""},"class_list":["post-6","page","type-page","status-publish","hentry"],"_links":{"self":[{"href":"https:\/\/coordenadorias.uepb.edu.br\/cori\/wp-json\/wp\/v2\/pages\/6","targetHints":{"allow":["GET"]}}],"collection":[{"href":"https:\/\/coordenadorias.uepb.edu.br\/cori\/wp-json\/wp\/v2\/pages"}],"about":[{"href":"https:\/\/coordenadorias.uepb.edu.br\/cori\/wp-json\/wp\/v2\/types\/page"}],"author":[{"embeddable":true,"href":"https:\/\/coordenadorias.uepb.edu.br\/cori\/wp-json\/wp\/v2\/users\/2"}],"replies":[{"embeddable":true,"href":"https:\/\/coordenadorias.uepb.edu.br\/cori\/wp-json\/wp\/v2\/comments?post=6"}],"version-history":[{"count":26,"href":"https:\/\/coordenadorias.uepb.edu.br\/cori\/wp-json\/wp\/v2\/pages\/6\/revisions"}],"predecessor-version":[{"id":3211,"href":"https:\/\/coordenadorias.uepb.edu.br\/cori\/wp-json\/wp\/v2\/pages\/6\/revisions\/3211"}],"wp:attachment":[{"href":"https:\/\/coordenadorias.uepb.edu.br\/cori\/wp-json\/wp\/v2\/media?parent=6"}],"curies":[{"name":"wp","href":"https:\/\/api.w.org\/{rel}","templated":true}]}}