{"id":32,"date":"2017-02-22T10:43:04","date_gmt":"2017-02-22T13:43:04","guid":{"rendered":"https:\/\/coordenadorias.uepb.edu.br\/cori\/?page_id=32"},"modified":"2022-11-07T11:15:39","modified_gmt":"2022-11-07T14:15:39","slug":"publicacoes","status":"publish","type":"page","link":"https:\/\/coordenadorias.uepb.edu.br\/cori\/publicacoes\/","title":{"rendered":"Publica\u00e7\u00f5es"},"content":{"rendered":"<p><strong>Apresenta\u00e7\u00f5es:<\/strong><\/p>\n<p>Para obter a apresenta\u00e7\u00e3o institucional da UEPB na l\u00edngua inglesa, por favor, envie um e-mail para cori@gsuite.uepb.edu.br<\/p>\n<p><a href=\"https:\/\/coordenadorias.uepb.edu.br\/cori\/wp-content\/uploads\/sites\/5\/2022\/11\/Experie\u0302ncias-de-interca\u0302mbioE-BOOK.pdf\">E-Book &#8211; Experie\u0302ncias de interca\u0302mbio<\/a><\/p>\n<p><a href=\"https:\/\/coordenadorias.uepb.edu.br\/cori\/wp-content\/uploads\/sites\/5\/2021\/03\/Caravana-CoRI-Virtual-1.pdf\">Apresenta\u00e7\u00e3o Caravana CoRI (Virtual) &#8211; 2021<\/a><\/p>\n<p><a href=\"https:\/\/coordenadorias.uepb.edu.br\/cori\/publicacoes\/oportunidades-de-internacionalizacao_compressed-1\/\" rel=\"attachment wp-att-1112\">Oportunidades de Internacionaliza\u00e7\u00e3o &#8211; Apresenta\u00e7\u00e3o<\/a><\/p>\n<p><a href=\"https:\/\/www.youtube.com\/watch?v=bkoSmh7Fss4\">V\u00eddeo institucional sobre a UEPB &#8211; Espanhol<\/a><\/p>\n<p><a href=\"https:\/\/www.youtube.com\/watch?v=vgifR2r83s0\">V\u00eddeo institucional sobre a UEPB &#8211; Ingl\u00eas<\/a><\/p>\n<p><a href=\"https:\/\/coordenadorias.uepb.edu.br\/cori\/wp-content\/uploads\/sites\/5\/2019\/04\/Caravana-CoRI-\u2013-2019.pdf\">Apresenta\u00e7\u00e3o Caravana CoRI &#8211; 2019<\/a><\/p>\n<p><a href=\"https:\/\/coordenadorias.uepb.edu.br\/cori\/wp-content\/uploads\/sites\/5\/2019\/02\/SOLIDARIS-UEPB-APRESENTA\u00c7\u00c3O.pdf\">Apresenta\u00e7\u00e3o SOLIDARIS &#8211; UEPB<\/a><\/p>\n<p><strong>Resolu\u00e7\u00f5es:<\/strong><\/p>\n<p><a href=\"https:\/\/coordenadorias.uepb.edu.br\/cori\/wp-content\/uploads\/sites\/5\/2020\/02\/0231-2018-Plano-de-Internacionaliza\u00e7\u00e3o-da-UEPB-assinado.pdf\">Plano de Internacionaliza\u00e7\u00e3o da UEPB &#8211; UEPB Internationalization Plan<\/a><\/p>\n<p><a href=\"https:\/\/coordenadorias.uepb.edu.br\/cori\/wp-content\/uploads\/sites\/5\/2020\/02\/0268-2019-Aprova-a-Pol\u00edtica-Lingui\u00edstica-em-apoio-ao-Plano-de-Internacionaliza\u00e7\u00e3o-da-UEPB-1.pdf\">Pol\u00edtica Lingu\u00edstica da UEPB<\/a><\/p>\n<p><strong>Informativos:<\/strong><\/p>\n<p><a href=\"https:\/\/coordenadorias.uepb.edu.br\/cori\/wp-content\/uploads\/sites\/5\/2019\/10\/Release-viagem-ao-chile-UEPB_ABRUEM-1.pdf\">Release viagem ao chile UEPB ABRUEM<\/a><\/p>\n<p><a href=\"http:\/\/www.uepb.edu.br\/download\/coordenadoria-de-assuntos-institucionais-e-internacionais\/CoRI_Final%20apresentacao%20final.pdf\">Informativo Programa Ci\u00eancia sem Fronteiras UEPB<\/a><\/p>\n<p><a href=\"http:\/\/www.uepb.edu.br\/download\/coordenadoria-de-assuntos-institucionais-e-internacionais\/Caderno%20GAPRI.pdf\">Caderno do Grupo de An\u00e1lise Pol\u00edtica e de Rela\u00e7\u00f5es Internacionais (GAPRI)<\/a><\/p>\n<p><a href=\"https:\/\/coordenadorias.uepb.edu.br\/cori\/wp-content\/uploads\/sites\/5\/2018\/08\/Apresenta\u00e7\u00e3o-Erasmus-06-de-agosto-de-2018.pdf\">Resumo da palestra sobre o Erasmus+ realizada em 06 de agosto de 2018.<\/a><\/p>\n<p><a href=\"http:\/\/www.uepb.edu.br\/download\/coordenadoria-de-assuntos-institucionais-e-internacionais\/Caderno%20GAPRI.pdf\">International Relations Political Analisys Group\u2019s Journal<\/a><\/p>\n<p><a href=\"http:\/\/www.uepb.edu.br\/download\/coordenadoria-de-assuntos-institucionais-e-internacionais\/CoRI_Final%20apresentacao%20final.pdf\">Science without Frontiers Newsletter<\/a><\/p>\n","protected":false},"excerpt":{"rendered":"<p>Apresenta\u00e7\u00f5es: Para obter a apresenta\u00e7\u00e3o institucional da UEPB na l\u00edngua inglesa, por favor, envie um e-mail para cori@gsuite.uepb.edu.br E-Book &#8211; Experie\u0302ncias de interca\u0302mbio Apresenta\u00e7\u00e3o Caravana CoRI (Virtual) &#8211; 2021 Oportunidades de Internacionaliza\u00e7\u00e3o &#8211; Apresenta\u00e7\u00e3o V\u00eddeo institucional sobre a UEPB &#8211; Espanhol V\u00eddeo institucional sobre a UEPB &#8211; Ingl\u00eas Apresenta\u00e7\u00e3o Caravana CoRI &#8211; 2019 Apresenta\u00e7\u00e3o SOLIDARIS <a class=\"leiamais\" href=\"https:\/\/coordenadorias.uepb.edu.br\/cori\/publicacoes\/\">Leia Mais&#8230;<\/a><\/p>\n","protected":false},"author":2,"featured_media":0,"parent":0,"menu_order":0,"comment_status":"closed","ping_status":"closed","template":"","meta":{"footnotes":""},"class_list":["post-32","page","type-page","status-publish","hentry"],"_links":{"self":[{"href":"https:\/\/coordenadorias.uepb.edu.br\/cori\/wp-json\/wp\/v2\/pages\/32","targetHints":{"allow":["GET"]}}],"collection":[{"href":"https:\/\/coordenadorias.uepb.edu.br\/cori\/wp-json\/wp\/v2\/pages"}],"about":[{"href":"https:\/\/coordenadorias.uepb.edu.br\/cori\/wp-json\/wp\/v2\/types\/page"}],"author":[{"embeddable":true,"href":"https:\/\/coordenadorias.uepb.edu.br\/cori\/wp-json\/wp\/v2\/users\/2"}],"replies":[{"embeddable":true,"href":"https:\/\/coordenadorias.uepb.edu.br\/cori\/wp-json\/wp\/v2\/comments?post=32"}],"version-history":[{"count":35,"href":"https:\/\/coordenadorias.uepb.edu.br\/cori\/wp-json\/wp\/v2\/pages\/32\/revisions"}],"predecessor-version":[{"id":2751,"href":"https:\/\/coordenadorias.uepb.edu.br\/cori\/wp-json\/wp\/v2\/pages\/32\/revisions\/2751"}],"wp:attachment":[{"href":"https:\/\/coordenadorias.uepb.edu.br\/cori\/wp-json\/wp\/v2\/media?parent=32"}],"curies":[{"name":"wp","href":"https:\/\/api.w.org\/{rel}","templated":true}]}}