{"id":150,"date":"2017-03-20T14:44:39","date_gmt":"2017-03-20T17:44:39","guid":{"rendered":"https:\/\/coordenadorias.uepb.edu.br\/cori\/?page_id=150"},"modified":"2023-07-26T09:07:49","modified_gmt":"2023-07-26T12:07:49","slug":"resultados","status":"publish","type":"page","link":"https:\/\/coordenadorias.uepb.edu.br\/cori\/resultados\/","title":{"rendered":"Resultados"},"content":{"rendered":"<p><strong><a href=\"https:\/\/coordenadorias.uepb.edu.br\/cori\/wp-content\/uploads\/sites\/5\/2023\/07\/RESULTADO-FINAL-SANTANDER-GRADUACAO-2023-2.pdf\">RESULTADO FINAL &#8211; SANTANDER GRADUAC\u0327A\u0303O 2023<\/a><\/strong><\/p>\n<p><a href=\"https:\/\/coordenadorias.uepb.edu.br\/cori\/wp-content\/uploads\/sites\/5\/2023\/07\/RESULTADO-FINAL-NUCLI-2023.pdf\">RESULTADO FINAL &#8211; NUCLI &#8211; 2023<\/a><\/p>\n<p><a href=\"https:\/\/coordenadorias.uepb.edu.br\/cori\/wp-content\/uploads\/sites\/5\/2022\/05\/RESULTADO-FINAL-NUCLI-2022-.pdf\">RESULTADO FINAL &#8211; NUCLI &#8211; 2022<\/a><\/p>\n<p><strong><a href=\"https:\/\/coordenadorias.uepb.edu.br\/cori\/wp-content\/uploads\/sites\/5\/2022\/04\/RESULTADO-FINAL-SANTANDER-GRADUAC\u0327A\u0303O-2022.pdf\">RESULTADO FINAL &#8211; SANTANDER GRADUAC\u0327A\u0303O 2022<\/a><\/strong><\/p>\n<p><strong><a href=\"https:\/\/coordenadorias.uepb.edu.br\/cori\/wp-content\/uploads\/sites\/5\/2021\/12\/METODOLOGIAS-ATIVAS-RESULTADO-FINAL.pdf\">METODOLOGIAS ATIVAS &#8211; RESULTADO FINAL 2021<\/a><\/strong><\/p>\n<p><strong><a href=\"https:\/\/coordenadorias.uepb.edu.br\/cori\/wp-content\/uploads\/sites\/5\/2020\/11\/Resultado-Final-TOP-ESPANHA-2020-DISCENTES.pdf\">Resultado Final &#8211; TOP ESPANHA 2020 &#8211; DISCENTES<\/a><\/strong><\/p>\n<p><a href=\"https:\/\/coordenadorias.uepb.edu.br\/cori\/wp-content\/uploads\/sites\/5\/2020\/01\/PROFESSOR-BOLSISTA-RESULTADO-FINAL.pdf\">PROFESSOR BOLSISTA NUCLI &#8211; INGL\u00caS 2019 &#8211; RESULTADO FINAL<\/a><\/p>\n<p><a href=\"https:\/\/coordenadorias.uepb.edu.br\/cori\/wp-content\/uploads\/sites\/5\/2019\/09\/Resultado-Final-Ibero-Americanas-2019.pdf\">Resultado Final \u2013 Ibero-Americanas 2019<\/a><\/p>\n<p><a href=\"https:\/\/coordenadorias.uepb.edu.br\/cori\/wp-content\/uploads\/sites\/5\/2019\/05\/Rela%C3%A7%C3%A3o-dos-candidatos-contemplados-PROMIN-2019-1.pdf\">Resultado final &#8211; Promin 2019<\/a><\/p>\n<p><a href=\"https:\/\/coordenadorias.uepb.edu.br\/cori\/wp-content\/uploads\/sites\/5\/2019\/05\/PROFESSOR-BOLSISTA-NUCLI-ESPANHOL-RESULTADO-FINAL.pdf\">PROFESSOR BOLSISTA NUCLI ESPANHOL \u2013 RESULTADO FINAL<\/a><\/p>\n<p><a href=\"https:\/\/coordenadorias.uepb.edu.br\/cori\/wp-content\/uploads\/sites\/5\/2019\/04\/RESULTADO-FINAL-DOCENTE-Top-Espanha-2019.pdf\">RESULTADO FINAL \u2013 DOCENTE \u2013 Top Espanha 2019<\/a><\/p>\n<p><a href=\"https:\/\/coordenadorias.uepb.edu.br\/cori\/wp-content\/uploads\/sites\/5\/2019\/04\/RESULTADO-FINAL-DISCENTE-Top-Espanha-2019.pdf\">RESULTADO FINAL \u2013 DISCENTE \u2013 Top Espanha 2019<\/a><\/p>\n<p><a href=\"https:\/\/coordenadorias.uepb.edu.br\/cori\/wp-content\/uploads\/sites\/5\/2018\/10\/Resultado-final-IBERO-AMERICANAS-2018.pdf\">Resultado final \u2013 IBERO-AMERICANAS 2018<\/a><\/p>\n<p><a href=\"https:\/\/coordenadorias.uepb.edu.br\/cori\/wp-content\/uploads\/sites\/5\/2018\/07\/Resultado-Final-MUNDI-2018-GRADUA%C3%87%C3%83O.pdf\">Resultado Final \u2013 MUNDI 2018 \u2013 GRADUA\u00c7\u00c3O<\/a><\/p>\n<p><a href=\"https:\/\/coordenadorias.uepb.edu.br\/cori\/wp-content\/uploads\/sites\/5\/2018\/07\/Resultado-Final-MUNDI-2018-P%C3%93S-GRADUA%C3%87%C3%83O.pdf\">Resultado Final \u2013 MUNDI 2018 \u2013 P\u00d3S GRADUA\u00c7\u00c3O<\/a><\/p>\n<p><a href=\"https:\/\/coordenadorias.uepb.edu.br\/cori\/wp-content\/uploads\/sites\/5\/2018\/05\/RESULTADO-FINAL-DOCENTE-Top-Espanha-2018.pdf\">RESULTADO FINAL &#8211; DOCENTE &#8211; Top Espanha 2018<\/a><\/p>\n<p><a href=\"https:\/\/coordenadorias.uepb.edu.br\/cori\/wp-content\/uploads\/sites\/5\/2018\/05\/RESULTADO-FINAL-DISCENTE-Top-Espanha-2018-1.pdf\">RESULTADO FINAL &#8211; DISCENTE &#8211; Top Espanha 2018<\/a><\/p>\n<p><a href=\"https:\/\/coordenadorias.uepb.edu.br\/cori\/wp-content\/uploads\/sites\/5\/2018\/05\/Rela\u00e7\u00e3o-dos-candidatos-contemplados-PROMIN-2018.pdf\">RESULTADO FINAL &#8211; PROMIN 2018<\/a><\/p>\n<p><a href=\"https:\/\/coordenadorias.uepb.edu.br\/cori\/wp-content\/uploads\/sites\/5\/2017\/09\/RESULTADO-_FINAL-2017-CORRETO.pdf\">RESULTADO _FINAL 2017 &#8211; NUCLI-IsF\/UEPB<\/a><\/p>\n<p><a href=\"https:\/\/coordenadorias.uepb.edu.br\/cori\/wp-content\/uploads\/sites\/5\/2017\/09\/Resultado-Final-F\u00d3RMULA-2017-GRADUA\u00c7\u00c3O.pdf\">Resultado Final &#8211; F\u00d3RMULA 2017 &#8211; GRADUA\u00c7\u00c3O<\/a><br \/>\n<a href=\"https:\/\/coordenadorias.uepb.edu.br\/cori\/wp-content\/uploads\/sites\/5\/2017\/09\/Resultado-Final-F\u00d3RMULA-2017-P\u00d3S-GRADUA\u00c7\u00c3O.pdf\">Resultado Final &#8211; F\u00d3RMULA 2017 &#8211; P\u00d3S-GRADUA\u00c7\u00c3O<\/a><\/p>\n<p><a href=\"https:\/\/coordenadorias.uepb.edu.br\/cori\/wp-content\/uploads\/sites\/5\/2017\/06\/Resultado-Final-Ibero-2017.pdf\">RESULTADO FINAL &#8211; IBERO 2017<\/a><\/p>\n<p><a href=\"https:\/\/coordenadorias.uepb.edu.br\/cori\/wp-content\/uploads\/sites\/5\/2017\/05\/RESULTADO-FINAL-DOCENTE-Top-Espanha-2017.pdf\">RESULTADO FINAL &#8211; DOCENTE &#8211; Top Espanha 2017<\/a><br \/>\n<a href=\"https:\/\/coordenadorias.uepb.edu.br\/cori\/wp-content\/uploads\/sites\/5\/2017\/05\/RESULTADO-FINAL-DISCENTE-Top-Espanha-2017.pdf\">RESULTADO FINAL &#8211; DISCENTE &#8211; Top Espanha 2017<\/a><\/p>\n","protected":false},"excerpt":{"rendered":"<p>RESULTADO FINAL &#8211; SANTANDER GRADUAC\u0327A\u0303O 2023 RESULTADO FINAL &#8211; NUCLI &#8211; 2023 RESULTADO FINAL &#8211; NUCLI &#8211; 2022 RESULTADO FINAL &#8211; SANTANDER GRADUAC\u0327A\u0303O 2022 METODOLOGIAS ATIVAS &#8211; RESULTADO FINAL 2021 Resultado Final &#8211; TOP ESPANHA 2020 &#8211; DISCENTES PROFESSOR BOLSISTA NUCLI &#8211; INGL\u00caS 2019 &#8211; RESULTADO FINAL Resultado Final \u2013 Ibero-Americanas 2019 Resultado final &#8211; <a class=\"leiamais\" href=\"https:\/\/coordenadorias.uepb.edu.br\/cori\/resultados\/\">Leia Mais&#8230;<\/a><\/p>\n","protected":false},"author":13,"featured_media":0,"parent":0,"menu_order":0,"comment_status":"closed","ping_status":"closed","template":"","meta":{"footnotes":""},"class_list":["post-150","page","type-page","status-publish","hentry"],"_links":{"self":[{"href":"https:\/\/coordenadorias.uepb.edu.br\/cori\/wp-json\/wp\/v2\/pages\/150","targetHints":{"allow":["GET"]}}],"collection":[{"href":"https:\/\/coordenadorias.uepb.edu.br\/cori\/wp-json\/wp\/v2\/pages"}],"about":[{"href":"https:\/\/coordenadorias.uepb.edu.br\/cori\/wp-json\/wp\/v2\/types\/page"}],"author":[{"embeddable":true,"href":"https:\/\/coordenadorias.uepb.edu.br\/cori\/wp-json\/wp\/v2\/users\/13"}],"replies":[{"embeddable":true,"href":"https:\/\/coordenadorias.uepb.edu.br\/cori\/wp-json\/wp\/v2\/comments?post=150"}],"version-history":[{"count":29,"href":"https:\/\/coordenadorias.uepb.edu.br\/cori\/wp-json\/wp\/v2\/pages\/150\/revisions"}],"predecessor-version":[{"id":2976,"href":"https:\/\/coordenadorias.uepb.edu.br\/cori\/wp-json\/wp\/v2\/pages\/150\/revisions\/2976"}],"wp:attachment":[{"href":"https:\/\/coordenadorias.uepb.edu.br\/cori\/wp-json\/wp\/v2\/media?parent=150"}],"curies":[{"name":"wp","href":"https:\/\/api.w.org\/{rel}","templated":true}]}}