{"id":14,"date":"2017-02-20T10:27:01","date_gmt":"2017-02-20T13:27:01","guid":{"rendered":"https:\/\/coordenadorias.uepb.edu.br\/cori\/?page_id=14"},"modified":"2022-05-12T15:07:17","modified_gmt":"2022-05-12T18:07:17","slug":"mobilidade-nacional","status":"publish","type":"page","link":"https:\/\/coordenadorias.uepb.edu.br\/cori\/mobilidade-nacional\/","title":{"rendered":"Mobilidade Nacional"},"content":{"rendered":"<p><strong>PROGRAMA DE MOBILIDADE NACIONAL \u2013 ABRUEM<\/strong><\/p>\n<p><strong>O que \u00e9?<br \/>\n<\/strong>O PMN \u00e9 o Programa de Mobilidade Nacional criado pela Associa\u00e7\u00e3o Brasileira dos Reitores das Universidades Estaduais e Municipais (ABRUEM), com o objetivo de promover a troca de experi\u00eancias cient\u00edficas, acad\u00eamicas e culturais, atrav\u00e9s do interc\u00e2mbio de at\u00e9 um ano entre as Universidades brasileiras parceiras, para estudantes de gradua\u00e7\u00e3o (envio e recebimento).<\/p>\n<p><strong>*As informa\u00e7\u00f5es quanto \u00e0 inscri\u00e7\u00e3o e ao processo de sele\u00e7\u00e3o ser\u00e3o divulgadas pela PROGRAD e pela CoRI quando da abertura do per\u00edodo destinado \u00e0s inscri\u00e7\u00f5es.<\/strong><\/p>\n<p><strong>Conhe\u00e7a: <\/strong><a href=\"http:\/\/www.mobilidadenacional.ueg.br\/\" target=\"_blank\" rel=\"noopener\">http:\/\/www.mobilidadenacional.ueg.br\/<\/a><\/p>\n","protected":false},"excerpt":{"rendered":"<p>PROGRAMA DE MOBILIDADE NACIONAL \u2013 ABRUEM O que \u00e9? O PMN \u00e9 o Programa de Mobilidade Nacional criado pela Associa\u00e7\u00e3o Brasileira dos Reitores das Universidades Estaduais e Municipais (ABRUEM), com o objetivo de promover a troca de experi\u00eancias cient\u00edficas, acad\u00eamicas e culturais, atrav\u00e9s do interc\u00e2mbio de at\u00e9 um ano entre as Universidades brasileiras parceiras, para <a class=\"leiamais\" href=\"https:\/\/coordenadorias.uepb.edu.br\/cori\/mobilidade-nacional\/\">Leia Mais&#8230;<\/a><\/p>\n","protected":false},"author":2,"featured_media":0,"parent":0,"menu_order":0,"comment_status":"closed","ping_status":"closed","template":"","meta":{"footnotes":""},"class_list":["post-14","page","type-page","status-publish","hentry"],"_links":{"self":[{"href":"https:\/\/coordenadorias.uepb.edu.br\/cori\/wp-json\/wp\/v2\/pages\/14","targetHints":{"allow":["GET"]}}],"collection":[{"href":"https:\/\/coordenadorias.uepb.edu.br\/cori\/wp-json\/wp\/v2\/pages"}],"about":[{"href":"https:\/\/coordenadorias.uepb.edu.br\/cori\/wp-json\/wp\/v2\/types\/page"}],"author":[{"embeddable":true,"href":"https:\/\/coordenadorias.uepb.edu.br\/cori\/wp-json\/wp\/v2\/users\/2"}],"replies":[{"embeddable":true,"href":"https:\/\/coordenadorias.uepb.edu.br\/cori\/wp-json\/wp\/v2\/comments?post=14"}],"version-history":[{"count":6,"href":"https:\/\/coordenadorias.uepb.edu.br\/cori\/wp-json\/wp\/v2\/pages\/14\/revisions"}],"predecessor-version":[{"id":2656,"href":"https:\/\/coordenadorias.uepb.edu.br\/cori\/wp-json\/wp\/v2\/pages\/14\/revisions\/2656"}],"wp:attachment":[{"href":"https:\/\/coordenadorias.uepb.edu.br\/cori\/wp-json\/wp\/v2\/media?parent=14"}],"curies":[{"name":"wp","href":"https:\/\/api.w.org\/{rel}","templated":true}]}}