{"id":131,"date":"2017-03-17T16:44:01","date_gmt":"2017-03-17T19:44:01","guid":{"rendered":"https:\/\/coordenadorias.uepb.edu.br\/cori\/?page_id=131"},"modified":"2020-06-17T10:24:59","modified_gmt":"2020-06-17T13:24:59","slug":"centro-cori-de-idiomas","status":"publish","type":"page","link":"https:\/\/coordenadorias.uepb.edu.br\/cori\/centro-cori-de-idiomas\/","title":{"rendered":"NucLI &#8211; ISF"},"content":{"rendered":"<p><strong>O que \u00e9?<br \/>\n<\/strong><\/p>\n<p>O Centro CoRI de Idiomas (CCI) \u00e9 um Projeto de Extens\u00e3o aprovado no processo seletivo PROAPEX, Cota 2015-2016 referente ao Programa de Apoio a Projetos de Extens\u00e3o da Pr\u00f3-Reitoria de Extens\u00e3o \u2013 PROEX.<\/p>\n<p>Desenvolvido pela Coordenadoria de Rela\u00e7\u00f5es Internacionais (CoRI) juntamente com o Departamento de Letras da UEPB, o CCI tem por objetivo a capacita\u00e7\u00e3o de estudantes de gradua\u00e7\u00e3o, p\u00f3s-gradua\u00e7\u00e3o, t\u00e9cnicos e professores da Universidade Estadual da Para\u00edba, bem como de estudantes estrangeiros que realizem interc\u00e2mbio na referida Institui\u00e7\u00e3o, atrav\u00e9s de cursos preparat\u00f3rios de idiomas como ingl\u00eas e espanhol e aplica\u00e7\u00e3o de exames de profici\u00eancia, a exemplo do TOEFL-ITP e do DELE.<\/p>\n","protected":false},"excerpt":{"rendered":"<p>O que \u00e9? O Centro CoRI de Idiomas (CCI) \u00e9 um Projeto de Extens\u00e3o aprovado no processo seletivo PROAPEX, Cota 2015-2016 referente ao Programa de Apoio a Projetos de Extens\u00e3o da Pr\u00f3-Reitoria de Extens\u00e3o \u2013 PROEX. Desenvolvido pela Coordenadoria de Rela\u00e7\u00f5es Internacionais (CoRI) juntamente com o Departamento de Letras da UEPB, o CCI tem por <a class=\"leiamais\" href=\"https:\/\/coordenadorias.uepb.edu.br\/cori\/centro-cori-de-idiomas\/\">Leia Mais&#8230;<\/a><\/p>\n","protected":false},"author":13,"featured_media":0,"parent":0,"menu_order":0,"comment_status":"closed","ping_status":"closed","template":"","meta":{"footnotes":""},"class_list":["post-131","page","type-page","status-publish","hentry"],"_links":{"self":[{"href":"https:\/\/coordenadorias.uepb.edu.br\/cori\/wp-json\/wp\/v2\/pages\/131","targetHints":{"allow":["GET"]}}],"collection":[{"href":"https:\/\/coordenadorias.uepb.edu.br\/cori\/wp-json\/wp\/v2\/pages"}],"about":[{"href":"https:\/\/coordenadorias.uepb.edu.br\/cori\/wp-json\/wp\/v2\/types\/page"}],"author":[{"embeddable":true,"href":"https:\/\/coordenadorias.uepb.edu.br\/cori\/wp-json\/wp\/v2\/users\/13"}],"replies":[{"embeddable":true,"href":"https:\/\/coordenadorias.uepb.edu.br\/cori\/wp-json\/wp\/v2\/comments?post=131"}],"version-history":[{"count":6,"href":"https:\/\/coordenadorias.uepb.edu.br\/cori\/wp-json\/wp\/v2\/pages\/131\/revisions"}],"predecessor-version":[{"id":1675,"href":"https:\/\/coordenadorias.uepb.edu.br\/cori\/wp-json\/wp\/v2\/pages\/131\/revisions\/1675"}],"wp:attachment":[{"href":"https:\/\/coordenadorias.uepb.edu.br\/cori\/wp-json\/wp\/v2\/media?parent=131"}],"curies":[{"name":"wp","href":"https:\/\/api.w.org\/{rel}","templated":true}]}}