{"id":12,"date":"2017-02-20T09:57:17","date_gmt":"2017-02-20T12:57:17","guid":{"rendered":"https:\/\/coordenadorias.uepb.edu.br\/cori\/?page_id=12"},"modified":"2022-07-21T09:35:49","modified_gmt":"2022-07-21T12:35:49","slug":"mobilidade-internacional","status":"publish","type":"page","link":"https:\/\/coordenadorias.uepb.edu.br\/cori\/mobilidade-internacional\/","title":{"rendered":"Mobilidade Internacional"},"content":{"rendered":"<p><strong>PROMIN &#8211; Programa de Mobilidade Internacional da UEPB<\/strong><\/p>\n<p><span style=\"font-weight: 400\">O Programa de Mobilidade Internacional (PROMIN) foi aprovado pela RESOLU\u00c7\u00c3O\/UEPB\/CONSUNI\/027\/2013 regulamentado e pela RESOLU\u00c7\u00c3O\/UEPB\/CONSUNI\/0204\/2017. O programa dirige-se aos cursos de gradua\u00e7\u00e3o da UEPB, visando o aperfei\u00e7oamento cient\u00edfico, acad\u00eamico e cultural de seus alunos de gradua\u00e7\u00e3o, atrav\u00e9s de estudos e pesquisas no exterior por interc\u00e2mbio entre a UEPB e as IEES parceiras que duram, em regra, um semestre acad\u00eamico. Essa experi\u00eancia acad\u00eamica internacional visa complementar sua forma\u00e7\u00e3o t\u00e9cnico-cient\u00edfica em \u00e1reas priorit\u00e1rias e estrat\u00e9gicas, possibilitando uma for\u00e7a de trabalho altamente especializada para o desenvolvimento da Para\u00edba e do Brasil.<\/span><\/p>\n<ul>\n<li><span style=\"font-weight: 400\"><strong>QUAIS OS REQUISITOS PARA INSCRI\u00c7\u00c3O E PARTICIPA\u00c7\u00c3O DO PROMIN?<\/strong> <\/span><span style=\"font-weight: 400\">Ser pessoa f\u00edsica habilitada \u00e0 pr\u00e1tica de todos os atos da vida civil &#8211; nos termos do Artigo 5\u00ba do C\u00f3digo Civil-, ser brasileiro nato ou naturalizado, maior de 18 anos e residente e domiciliado em territ\u00f3rio nacional. Precisar\u00e1 estar regularmente matriculado em curso de gradua\u00e7\u00e3o da UEPB &#8211; n\u00e3o podendo estar em situa\u00e7\u00e3o de trancamento de matr\u00edcula no momento da inscri\u00e7\u00e3o e n\u00e3o ter solicitado mais de uma vez o trancamento de matr\u00edcula durante o curso. Estar cursando pelo menos no 4\u00ba per\u00edodo letivo para cursos com dura\u00e7\u00e3o at\u00e9 09 (nove) semestres ou no 5\u00ba per\u00edodo letivo para cursos com dura\u00e7\u00e3o de mais de 09 (nove) semestres, n\u00e3o podendo estar no \u00faltimo no per\u00edodo da viagem. Ter\u00e1 que ter, tamb\u00e9m, menos que duas reprova\u00e7\u00f5es no Hist\u00f3rico Escolar e possuir Coeficiente de Rendimento Escolar (CRE) igual ou maior que 7,0 no momento da inscri\u00e7\u00e3o.\n<p><\/span><\/li>\n<li><strong>QUEM N\u00c3O PODE PARTICIPAR DO PROMIN? <\/strong><span style=\"font-weight: 400\">N\u00e3o poder\u00e3o participar: os estrangeiros, mesmo que matriculados em curso de gradua\u00e7\u00e3o da UEPB; os menores de 18 anos; os residentes e domiciliados em territ\u00f3rio estrangeiro; os alunos do curso de gradua\u00e7\u00e3o que estejam em situa\u00e7\u00e3o de trancamento de matr\u00edcula ou que tenham trancado o curso mais de uma vez; os que j\u00e1 tenham sido anteriormente contemplados por Programa de Mobilidade Internacional promovido e\/ou intermediado pela UEPB; os alunos que tenham mais que 2 reprova\u00e7\u00f5es no Hist\u00f3rico Escolar; os alunos que possuam o CRE menor que 7,0; os estudantes que estar\u00e3o, no per\u00edodo da viagem, cursando o \u00faltimo per\u00edodo letivo.\n<p><\/span><\/li>\n<li><span style=\"font-weight: 400\"><strong>COMO FUNCIONA A POL\u00cdTICA DE CONCESS\u00c3O DE BOLSAS?<\/strong> <\/span><span style=\"font-weight: 400\">A UEPB arcar\u00e1 com os custos referentes \u00e0 passagem a\u00e9rea de ida e volta, com o seguro de vida e o seguro-sa\u00fade do aluno no exterior e uma bolsa de estudos. O valor da bolsa dever\u00e1 ser utilizado para cobrir os custos de hospedagem, alimenta\u00e7\u00e3o, transporte e demais despesas eventuais necess\u00e1rias. Ademais, a UEPB n\u00e3o se responsabiliza em custear eventuais despesas n\u00e3o inclusas na bolsa ofertada pelo programa, portanto, cabe ao bolsista, por exemplo, custos para obten\u00e7\u00e3o do passaporte e do visto quando necess\u00e1rio.\n<p><\/span><\/li>\n<li><span style=\"font-weight: 400\"><strong>COMO FUNCIONA A PONTUA\u00c7\u00c3O PARA A OBTEN\u00c7\u00c3O DA BOLSA?<\/strong> <\/span><span style=\"font-weight: 400\">A pontua\u00e7\u00e3o ser\u00e1 calculada por uma m\u00e9dia ponderada do Coeficiente de Rendimento Escolar (CRE), da entrevista e do Curr\u00edculo <\/span><i><span style=\"font-weight: 400\">Lattes<\/span><\/i><span style=\"font-weight: 400\">, sendo que esse \u00faltimo conta pontua\u00e7\u00e3o nos seguintes t\u00f3picos: projetos e pesquisas (Extens\u00e3o, PIBIC e\/ou PIBID), publica\u00e7\u00f5es de artigos com comprova\u00e7\u00e3o do ISSN\/ ISBN, monitoria de gradua\u00e7\u00e3o, comprova\u00e7\u00e3o de profici\u00eancia emitido pelo Departamento de Letras da UEPB em idioma estrangeiro ou certifica\u00e7\u00f5es internacionais (TOEFL, DELE, ROMATRE ou DELF), participa\u00e7\u00e3o em curso de extens\u00e3o acad\u00eamico (dura\u00e7\u00e3o m\u00ednima de 40 horas\/ curso), participa\u00e7\u00e3o em eventos acad\u00eamicos, comprova\u00e7\u00e3o de nivelamento em idioma estrangeiro e estudantes que ingressaram na UEPB por A\u00e7\u00f5es Afirmativas.\n<p><\/span><\/li>\n<li><span style=\"font-weight: 400\"><strong>A QUAIS UNIVERSIDADES ESTRANGEIRAS POSSO VISITAR?<\/strong> <\/span><span style=\"font-weight: 400\">O estudante contemplado poder\u00e1 escolher uma das universidades conveniadas com a UEPB, para mais detalhes acesse: <\/span><a href=\"https:\/\/coordenadorias.uepb.edu.br\/cori\/acordos-de-cooperacao-academica-internacional\/\"><span style=\"font-weight: 400\">https:\/\/coordenadorias.uepb.edu.br\/cori\/acordos-de-cooperacao-academica-internacional\/<\/span><\/a><\/li>\n<\/ul>\n<p>&nbsp;<\/p>\n<p><strong>SANTANDER UNIVERSIDADES<\/strong><\/p>\n<p><strong>O que \u00e9?<\/strong><br \/>\nO Santander Universidades \u00e9 um programa de mobilidade desenvolvido pelo Banco Santander em parceria com universidades de v\u00e1rios pa\u00edses. Dentre os programas de bolsas oferecidos pelo Santander Universidades, a UEPB atualmente participa de tr\u00eas: Top Espa\u00f1a, bolsas Ibero-Americanas e bolsas Luso-Brasileiras.<\/p>\n<p><strong>TOP ESPA\u00d1A<\/strong><\/p>\n<p><span style=\"font-weight: 400\">O Programa de Bolsas Top Espanha Santander Universidades \u00e9 promovido atrav\u00e9s de celebra\u00e7\u00e3o de Conv\u00eanio entre a UEPB e o Banco Santander (Brasil) S\/A, propondo um interc\u00e2mbio internacional na Universidad de Salamanca (Espanha) para os estudantes ou do Curso de Letras (Inglesa, Portuguesa e Espanhola) ou de Rela\u00e7\u00f5es Internacionais da UEPB. Os alunos selecionados participar\u00e3o de um curso de l\u00edngua e cultura espanhola durante 3 semanas, promovido pela universidade espanhola citada anteriormente.<\/span><\/p>\n<ul>\n<li><span style=\"font-weight: 400\"><strong>QUAIS OS REQUISITOS PARA INSCRI\u00c7\u00c3O E PARTICIPA\u00c7\u00c3O DO CANDIDATO DISCENTE?<\/strong> <\/span><span style=\"font-weight: 400\">O aluno dever\u00e1, obrigatoriamente, ser do Curso de gradua\u00e7\u00e3o de Letras L\u00edngua Espanhola, Inglesa ou Portuguesa ou de Rela\u00e7\u00f5es Internacionais da UEPB. Dever\u00e1 estar regularmente matriculado em um desses cursos de gradua\u00e7\u00e3o da UEPB &#8211; n\u00e3o podendo estar em situa\u00e7\u00e3o de trancamento de matr\u00edcula no momento da inscri\u00e7\u00e3o e nem durante todo o per\u00edodo de realiza\u00e7\u00e3o do programa. Deve tamb\u00e9m estar cursando pelo menos no 2\u00ba per\u00edodo letivo, n\u00e3o podendo estar no \u00faltimo no per\u00edodo durante a realiza\u00e7\u00e3o da mobilidade. Ter\u00e1 que possuir, tamb\u00e9m, Coeficiente de Rendimento Escolar (CRE) igual ou superior a 7,0 no momento da inscri\u00e7\u00e3o e Conta Corrente aberta junto ao SANTANDER. Al\u00e9m disso, dever\u00e1 ser pessoa f\u00edsica habilitada \u00e0 pr\u00e1tica de todos os atos da vida civil -nos termos do Artigo 5\u00ba do C\u00f3digo Civil-, brasileiro nato ou naturalizado, maior de 18 anos e residente e domiciliado em territ\u00f3rio nacional.\n<p><\/span><\/li>\n<li><span style=\"font-weight: 400\"><strong>QUEM N\u00c3O PODE PARTICIPAR DO TOP ESPANHA?<\/strong> <\/span><span style=\"font-weight: 400\">N\u00e3o poder\u00e3o participar os menores de 18 anos; os residentes e domiciliados em territ\u00f3rio estrangeiro; os alunos do curso de gradua\u00e7\u00e3o que estejam em situa\u00e7\u00e3o de trancamento de matr\u00edcula ou que tenham trancado o curso mais de uma vez; os alunos que n\u00e3o estejam cursando algum dos cursos mencionados como requisito; os que j\u00e1 tenham sido anteriormente contemplados por outro Programa de Mobilidade Internacional promovido pelo Grupo Santander; os alunos que possuam o CRE menor que 7,0; os alunos que estar\u00e3o durante o tempo da viagem, cursando o \u00faltimo per\u00edodo letivo.\n<p><\/span><\/li>\n<li><span style=\"font-weight: 400\"><strong>COMO FUNCIONA A POL\u00cdTICA DE CONCESS\u00c3O DE BOLSAS?<\/strong> <\/span><span style=\"font-weight: 400\">O Santander Universidades se responsabiliza por providenciar os voos de ida e volta de Madrid, os traslados at\u00e9 Salamanca, a hospedagem, a alimenta\u00e7\u00e3o, o custo integral do curso, o material de apoio e o certificado. Al\u00e9m disso, a UEPB n\u00e3o se responsabiliza em custear eventuais despesas n\u00e3o inclusas na bolsa ofertada pelo programa.\n<p><\/span><\/li>\n<li><span style=\"font-weight: 400\"><strong>COMO FUNCIONA A PONTUA\u00c7\u00c3O PARA A OBTEN\u00c7\u00c3O DA BOLSA?<\/strong> <\/span><span style=\"font-weight: 400\">A pontua\u00e7\u00e3o ser\u00e1 calculada por uma m\u00e9dia ponderada do Coeficiente de Rendimento Escolar (CRE), da entrevista e do Curr\u00edculo <\/span><i><span style=\"font-weight: 400\">Lattes<\/span><\/i><span style=\"font-weight: 400\">, sendo que esse \u00faltimo conta pontua\u00e7\u00e3o nos seguintes t\u00f3picos: projetos e pesquisas (Extens\u00e3o, PIBIC e\/ou PIBID), est\u00e1gios realizados na \u00e1rea da gradua\u00e7\u00e3o em curso, participa\u00e7\u00e3o em grupos de pesquisa, publica\u00e7\u00f5es de artigos com comprova\u00e7\u00e3o do ISSN\/ ISBN, monitoria de gradua\u00e7\u00e3o, comprova\u00e7\u00e3o de profici\u00eancia emitido pelo Departamento de Letras da UEPB em idioma estrangeiro ou certifica\u00e7\u00f5es internacionais (DELE, SIELE ou equivalente), participa\u00e7\u00e3o em curso de extens\u00e3o acad\u00eamico (dura\u00e7\u00e3o m\u00ednima de 40 horas\/ curso), participa\u00e7\u00e3o em eventos acad\u00eamicos e\/ou cursos de curta dura\u00e7\u00e3o, comprova\u00e7\u00e3o de nivelamento em idioma estrangeiro e estudantes que ingressaram na UEPB por A\u00e7\u00f5es Afirmativas.<\/span><\/li>\n<\/ul>\n<p>&nbsp;<\/p>\n<p><strong>BOLSAS IBERO-AMERICANAS<\/strong><\/p>\n<p><span style=\"font-weight: 400\">O Programa de Bolsas Ibero Americanas Santander Universidades \u00e9 promovido atrav\u00e9s de celebra\u00e7\u00e3o de Conv\u00eanio entre a UEPB e o Banco Santander (Brasil) S\/A, propondo um interc\u00e2mbio internacional em uma das universidades conveniadas com a UEPB com dura\u00e7\u00e3o de at\u00e9 um semestre acad\u00eamico.<\/span><\/p>\n<ul>\n<li><span style=\"font-weight: 400\"><strong>QUAIS OS REQUISITOS PARA INSCRI\u00c7\u00c3O E PARTICIPA\u00c7\u00c3O DO CANDIDATO DISCENTE?<\/strong> <\/span><span style=\"font-weight: 400\">O aluno dever\u00e1, obrigatoriamente, ser aluno de Curso de gradua\u00e7\u00e3o da UEPB; dever\u00e1 estar regularmente matriculado, n\u00e3o podendo estar em situa\u00e7\u00e3o de trancamento de matr\u00edcula no momento da inscri\u00e7\u00e3o e nem durante todo o per\u00edodo de realiza\u00e7\u00e3o do programa; ter conclu\u00eddo o 2\u00ba per\u00edodo letivo e n\u00e3o podendo estar no \u00faltimo no per\u00edodo da viagem; ter\u00e1 que possuir, tamb\u00e9m, Coeficiente de Rendimento Escolar (CRE) igual ou superior a 7,0; possuir Conta Corrente aberta junto ao Banco SANTANDER; Al\u00e9m disso, dever\u00e1 ser pessoa f\u00edsica habilitada \u00e0 pr\u00e1tica de todos os atos da vida civil -nos termos do Artigo 5\u00ba do C\u00f3digo Civil, brasileiro nato ou naturalizado, maior de 18 anos e residente e domiciliado em territ\u00f3rio nacional.<br \/>\n<\/span><\/li>\n<li><span style=\"font-weight: 400\"><strong>QUEM N\u00c3O PODE PARTICIPAR DO PROGRAMA IBERO AMERICANAS?<\/strong> <\/span><span style=\"font-weight: 400\">N\u00e3o poder\u00e3o participar: os menores de 18 anos; os residentes e domiciliados em territ\u00f3rio estrangeiro; os alunos do curso de gradua\u00e7\u00e3o que estejam em situa\u00e7\u00e3o de trancamento de matr\u00edcula; os que j\u00e1 tenham sido anteriormente contemplados por outro Programa de Mobilidade Internacional promovido pelo Grupo Santander ou intermediados pela Coordenadoria de Rela\u00e7\u00f5es Internacionais da UEPB;\u00a0 os alunos que possuam o CRE menor que 7,0; os alunos que estar\u00e3o, no per\u00edodo da viagem, cursando o \u00faltimo per\u00edodo letivo.\n<p><\/span><\/li>\n<li><span style=\"font-weight: 400\"><strong>COMO FUNCIONA A POL\u00cdTICA DE CONCESS\u00c3O DE BOLSAS?<\/strong> <\/span><span style=\"font-weight: 400\">O Santander Universidades se responsabiliza por providenciar o valor de 3.000 euros, mediante convers\u00e3o efetuada com base na cota\u00e7\u00e3o do valor de venda do Euro publicada pelo Banco Central do Brasil, n\u00e3o havendo altera\u00e7\u00e3o em fun\u00e7\u00e3o de eventual varia\u00e7\u00e3o cambial. Al\u00e9m disso, a UEPB n\u00e3o se responsabiliza em custear eventuais despesas n\u00e3o inclusas na bolsa ofertada pelo programa.\n<p><\/span><\/li>\n<li><span style=\"font-weight: 400\"><strong>COMO FUNCIONA A PONTUA\u00c7\u00c3O PARA A OBTEN\u00c7\u00c3O DA BOLSA?<\/strong> <\/span><span style=\"font-weight: 400\">A pontua\u00e7\u00e3o ser\u00e1 calculada por uma m\u00e9dia ponderada do Coeficiente de Rendimento Escolar (CRE), da entrevista e do Curr\u00edculo <\/span><i><span style=\"font-weight: 400\">Lattes<\/span><\/i><span style=\"font-weight: 400\">, sendo que esse \u00faltimo conta pontua\u00e7\u00e3o nos seguintes t\u00f3picos: projetos e pesquisas (Extens\u00e3o, PIBIC e\/ou PIBID), publica\u00e7\u00f5es de artigos com comprova\u00e7\u00e3o do ISSN\/ ISBN, monitoria de gradua\u00e7\u00e3o, comprova\u00e7\u00e3o de profici\u00eancia emitido pelo Departamento de Letras da UEPB em idioma estrangeiro ou certifica\u00e7\u00f5es internacionais (TOEFL, DELE, ROMATRE, DELF ou equivalente), participa\u00e7\u00e3o em curso de extens\u00e3o acad\u00eamico (dura\u00e7\u00e3o m\u00ednima de 40 horas\/ curso), comprova\u00e7\u00e3o de nivelamento em idioma estrangeiro e estudantes que ingressaram na UEPB por A\u00e7\u00f5es Afirmativas.<\/span><\/li>\n<\/ul>\n<p><b>Outras oportunidades com financiamento nacional e\/ou internacional<\/b><\/p>\n<p>A equipe da CoRI encontra-se dispon\u00edvel para assessorar a comunidade acad\u00eamica da Universidade Estadual da Para\u00edba durante candidaturas em programas internacionais. Contate-nos via e-mail cori@gsuite.uepb.edu.br.<\/p>\n<p>&nbsp;<\/p>\n<p>&nbsp;<\/p>\n","protected":false},"excerpt":{"rendered":"<p>PROMIN &#8211; Programa de Mobilidade Internacional da UEPB O Programa de Mobilidade Internacional (PROMIN) foi aprovado pela RESOLU\u00c7\u00c3O\/UEPB\/CONSUNI\/027\/2013 regulamentado e pela RESOLU\u00c7\u00c3O\/UEPB\/CONSUNI\/0204\/2017. O programa dirige-se aos cursos de gradua\u00e7\u00e3o da UEPB, visando o aperfei\u00e7oamento cient\u00edfico, acad\u00eamico e cultural de seus alunos de gradua\u00e7\u00e3o, atrav\u00e9s de estudos e pesquisas no exterior por interc\u00e2mbio entre a UEPB <a class=\"leiamais\" href=\"https:\/\/coordenadorias.uepb.edu.br\/cori\/mobilidade-internacional\/\">Leia Mais&#8230;<\/a><\/p>\n","protected":false},"author":2,"featured_media":0,"parent":0,"menu_order":0,"comment_status":"closed","ping_status":"closed","template":"","meta":{"footnotes":""},"class_list":["post-12","page","type-page","status-publish","hentry"],"_links":{"self":[{"href":"https:\/\/coordenadorias.uepb.edu.br\/cori\/wp-json\/wp\/v2\/pages\/12","targetHints":{"allow":["GET"]}}],"collection":[{"href":"https:\/\/coordenadorias.uepb.edu.br\/cori\/wp-json\/wp\/v2\/pages"}],"about":[{"href":"https:\/\/coordenadorias.uepb.edu.br\/cori\/wp-json\/wp\/v2\/types\/page"}],"author":[{"embeddable":true,"href":"https:\/\/coordenadorias.uepb.edu.br\/cori\/wp-json\/wp\/v2\/users\/2"}],"replies":[{"embeddable":true,"href":"https:\/\/coordenadorias.uepb.edu.br\/cori\/wp-json\/wp\/v2\/comments?post=12"}],"version-history":[{"count":12,"href":"https:\/\/coordenadorias.uepb.edu.br\/cori\/wp-json\/wp\/v2\/pages\/12\/revisions"}],"predecessor-version":[{"id":2724,"href":"https:\/\/coordenadorias.uepb.edu.br\/cori\/wp-json\/wp\/v2\/pages\/12\/revisions\/2724"}],"wp:attachment":[{"href":"https:\/\/coordenadorias.uepb.edu.br\/cori\/wp-json\/wp\/v2\/media?parent=12"}],"curies":[{"name":"wp","href":"https:\/\/api.w.org\/{rel}","templated":true}]}}