{"id":10,"date":"2017-02-20T09:56:09","date_gmt":"2017-02-20T12:56:09","guid":{"rendered":"https:\/\/coordenadorias.uepb.edu.br\/cori\/?page_id=10"},"modified":"2017-11-27T11:12:03","modified_gmt":"2017-11-27T14:12:03","slug":"ingles","status":"publish","type":"page","link":"https:\/\/coordenadorias.uepb.edu.br\/cori\/centro-cori-de-idiomas\/ingles\/","title":{"rendered":"Ingl\u00eas"},"content":{"rendered":"<p>[:pb]<strong>CURSO PREPARAT\u00d3RIO PARA EXAME DE NIVELAMENTO E\/OU PROFICI\u00caNCIA EM INGL\u00caS TOEFL ITP (N\u00cdVEL INTERMEDI\u00c1RIO)<\/strong><\/p>\n<p><strong>Qual o objetivo?<\/strong><br \/>\nA UEPB oferece gratuitamente, aos docentes, t\u00e9cnicos e estudantes da institui\u00e7\u00e3o curso preparat\u00f3rio para aqueles que desejam se submeter a exames de nivelamento e\/ou profici\u00eancia em ingl\u00eas, com enfoque no exame internacional TOEFL ITP. O mencionado curso engloba as quatro habilidades (ler, falar, ouvir e escrever), sendo todas as aulas ministradas em l\u00edngua inglesa.<\/p>\n<p><strong>*As informa\u00e7\u00f5es quanto aos requisitos necess\u00e1rios para a realiza\u00e7\u00e3o da inscri\u00e7\u00e3o, \u00e0 estrutura do curso e ao processo seletivo constar\u00e3o no edital a ser emitido pela CoRI quando da abertura do per\u00edodo destinado \u00e0s inscri\u00e7\u00f5es.<\/strong><\/p>\n<p><strong><br \/>\nAPLICA\u00c7\u00c3O DO EXAME TOEFL ITP (IDIOMAS SEM FRONTEIRAS)<\/strong><\/p>\n<p><strong>O que \u00e9?<br \/>\n<\/strong>As aplica\u00e7\u00f5es do teste de nivelamento TOEFL ITP s\u00e3o proporcionadas pelo Programa Idiomas sem Fronteiras, desenvolvido pelo MEC, que, visando ampliar o acesso dos estudantes a programas como o interc\u00e2mbio, bem como propiciar o avan\u00e7o no ensino de idiomas estrangeiros nas universidades brasileiras (p\u00fablicas e privadas), oferece oportunidades de aprendizagem de l\u00edngua inglesa nas mesmas.<\/p>\n<p>A UEPB, como uma das institui\u00e7\u00f5es contempladas pelas a\u00e7\u00f5es do programa, atrav\u00e9s da CoRI e do Departamento de Letras e Artes, em parceria com o MEC, SESu e CAPES, oferta aplica\u00e7\u00f5es gratuitas, para docentes, t\u00e9cnicos e estudantes de gradua\u00e7\u00e3o e p\u00f3s-gradua\u00e7\u00e3o (<em>stricto sensu<\/em>).<\/p>\n<p>A CoRI, periodicamente, divulga o calend\u00e1rio e o local das provas. As inscri\u00e7\u00f5es s\u00e3o realizadas no site do\u00a0Programa (isfaluno.mec.gov.br) onde os interessados tamb\u00e9m t\u00eam acesso ao Manual do Candidato ao TOEFL ITP, para conhecer as informa\u00e7\u00f5es sobre o exame e os procedimentos para realiz\u00e1-lo.[:en]<strong>PREPARATION COURSE TO PROFICIENCY ENGLISH EXAM TOEFL ITP (INTERMEDIATE LEVEL)<\/strong><\/p>\n<p>Our university offers a free preparation course to teachers, students and technicians who want to take proficiency exams, specifically the TOEFL ITP exam. This course works with all four abilities (listening, speaking, reading and writing) and all classes are given in the target language.<\/p>\n<p><strong>*The information about this course will be broadcasted by public notices published by International Relations Coordinating Body through the submission period.<\/strong><\/p>\n<p><strong>TOEFL ITP EXAM<\/strong><\/p>\n<p>The application of the TOEFL ITP exam are promoted by Science Without Frontiers program, devoped by the Education Ministry, that aims to increase the students access to exchange programs as well as promote the progress in second language education at Brazilian universities, offering English language learning opportunities.<\/p>\n<p>Our university, as one of the associated institutions, through IRCB and Arts and Language Department in concert with Education Ministry, College Education Secretary, and the Coordination of College Education Enhacement, offers free applications to teachers, students (under graduate and post-graduate) and technicians who want to take the TOEFL ITP exam.<\/p>\n<p>IRCB holds the broadcasting of the exam Calendar. For registrations and Applicants Handbook with information about the exam and its procedures, visit the following: isfaluno.mec.gov.br.[:]<\/p>\n","protected":false},"excerpt":{"rendered":"<p>[:pb]CURSO PREPARAT\u00d3RIO PARA EXAME DE NIVELAMENTO E\/OU PROFICI\u00caNCIA EM INGL\u00caS TOEFL ITP (N\u00cdVEL INTERMEDI\u00c1RIO) Qual o objetivo? A UEPB oferece gratuitamente, aos docentes, t\u00e9cnicos e estudantes da institui\u00e7\u00e3o curso preparat\u00f3rio para aqueles que desejam se submeter a exames de nivelamento e\/ou profici\u00eancia em ingl\u00eas, com enfoque no exame internacional TOEFL ITP. O mencionado curso engloba <a class=\"leiamais\" href=\"https:\/\/coordenadorias.uepb.edu.br\/cori\/centro-cori-de-idiomas\/ingles\/\">Leia Mais&#8230;<\/a><\/p>\n","protected":false},"author":2,"featured_media":0,"parent":131,"menu_order":0,"comment_status":"closed","ping_status":"closed","template":"","meta":{"footnotes":""},"class_list":["post-10","page","type-page","status-publish","hentry"],"_links":{"self":[{"href":"https:\/\/coordenadorias.uepb.edu.br\/cori\/wp-json\/wp\/v2\/pages\/10","targetHints":{"allow":["GET"]}}],"collection":[{"href":"https:\/\/coordenadorias.uepb.edu.br\/cori\/wp-json\/wp\/v2\/pages"}],"about":[{"href":"https:\/\/coordenadorias.uepb.edu.br\/cori\/wp-json\/wp\/v2\/types\/page"}],"author":[{"embeddable":true,"href":"https:\/\/coordenadorias.uepb.edu.br\/cori\/wp-json\/wp\/v2\/users\/2"}],"replies":[{"embeddable":true,"href":"https:\/\/coordenadorias.uepb.edu.br\/cori\/wp-json\/wp\/v2\/comments?post=10"}],"version-history":[{"count":5,"href":"https:\/\/coordenadorias.uepb.edu.br\/cori\/wp-json\/wp\/v2\/pages\/10\/revisions"}],"predecessor-version":[{"id":364,"href":"https:\/\/coordenadorias.uepb.edu.br\/cori\/wp-json\/wp\/v2\/pages\/10\/revisions\/364"}],"up":[{"embeddable":true,"href":"https:\/\/coordenadorias.uepb.edu.br\/cori\/wp-json\/wp\/v2\/pages\/131"}],"wp:attachment":[{"href":"https:\/\/coordenadorias.uepb.edu.br\/cori\/wp-json\/wp\/v2\/media?parent=10"}],"curies":[{"name":"wp","href":"https:\/\/api.w.org\/{rel}","templated":true}]}}