{"id":79,"date":"2014-03-07T17:32:30","date_gmt":"2014-03-07T17:32:30","guid":{"rendered":"http:\/\/sites.uepb.edu.br\/coel\/?page_id=79"},"modified":"2026-03-09T10:41:09","modified_gmt":"2026-03-09T13:41:09","slug":"projetos","status":"publish","type":"page","link":"https:\/\/coordenadorias.uepb.edu.br\/coel\/projetos\/","title":{"rendered":"Projetos"},"content":{"rendered":"<div class=\"wpb-content-wrapper\"><p>[vc_row gap=&#8221;30&#8243; equal_height=&#8221;yes&#8221; el_class=&#8221;conf-azul&#8221;][vc_column width=&#8221;1\/3&#8243;][vc_text_separator title=&#8221;Esporte e Lazer para Todos&#8221; title_align=&#8221;separator_align_left&#8221; css=&#8221;&#8221;][vc_single_image image=&#8221;2823&#8243; alignment=&#8221;center&#8221;][vc_column_text]Projeto de extens\u00e3o que incentiva a pr\u00e1tica de atividades esportivas e de lazer no tempo livre de discentes, servidores da UEPB e comunidade em geral, atrav\u00e9s de diversas modalidades, tais quais: Jud\u00f4, Kendo, Jiu-Jitsu, Boxe funcional, Muay thai, Dan\u00e7as e ritmos, Treino funcional e dicas de treinamento e qualidade de vida.[\/vc_column_text][\/vc_column][vc_column width=&#8221;1\/3&#8243;][vc_text_separator title=&#8221;Corrida de rua UEPB&#8221; title_align=&#8221;separator_align_left&#8221; css=&#8221;&#8221;][vc_single_image image=&#8221;3480&#8243; alignment=&#8221;center&#8221; css=&#8221;&#8221;][vc_column_text]A Corrida da UEPB tem como objetivo promover a pr\u00e1tica da corrida e caminhada em combate ao sedentarismo da comunidade acad\u00eamica e p\u00fablico geral.[\/vc_column_text][\/vc_column][vc_column width=&#8221;1\/3&#8243;][vc_text_separator title=&#8221;Jogos UEPB (JoU)&#8221; title_align=&#8221;separator_align_left&#8221; css=&#8221;&#8221;][vc_single_image image=&#8221;1543&#8243; alignment=&#8221;center&#8221; css=&#8221;&#8221;][vc_column_text]Os \u201cjogos da UEPB\u201d acontecem a cada dois anos, a partir do ano de 2017, com o objetivo de descobrir novos talentos, de todos os Campi da UEPB, nas diversas modalidades esportivas.[\/vc_column_text][\/vc_column][\/vc_row][vc_row gap=&#8221;30&#8243; equal_height=&#8221;yes&#8221; el_class=&#8221;conf-azul&#8221; css=&#8221;.vc_custom_1651597748986{margin-top: 30px !important;}&#8221;][vc_column width=&#8221;1\/3&#8243;][vc_text_separator title=&#8221;Monitor Esportivo&#8221; title_align=&#8221;separator_align_left&#8221; css=&#8221;&#8221;][vc_single_image image=&#8221;1546&#8243; alignment=&#8221;center&#8221; css=&#8221;&#8221;][vc_column_text css=&#8221;&#8221;]O monitor esportivo \u00e9 um programa de bolsa que contemplar\u00e1 estudantes e profissionais de educa\u00e7\u00e3o f\u00edsica, que atuar\u00e3o nas diversas modalidades esportivas em prol da forma\u00e7\u00e3o do \u201cTime UEPB\u201d (equipe esportiva) que representar\u00e1 a Institui\u00e7\u00e3o nas diversas competi\u00e7\u00f5es.[\/vc_column_text][\/vc_column][vc_column width=&#8221;1\/3&#8243;][vc_text_separator title=&#8221;Sou Atleta UEPB&#8221; title_align=&#8221;separator_align_left&#8221;][vc_single_image image=&#8221;3484&#8243; alignment=&#8221;center&#8221; css=&#8221;&#8221;][vc_column_text]O &#8220;Sou Atleta UEPB&#8221; \u00e9 o programa de bolsas que tem o objetivo de dar suporte aos estudantes-atletas que representar\u00e3o a UEPB nas competi\u00e7\u00f5es oficiais de diversas modalidades.[\/vc_column_text][\/vc_column][vc_column width=&#8221;1\/3&#8243;][vc_text_separator title=&#8221;UEPB FUTSAL&#8221; title_align=&#8221;separator_align_left&#8221;][vc_single_image image=&#8221;1737&#8243; alignment=&#8221;center&#8221; style=&#8221;vc_box_circle_2&#8243;][vc_column_text]O UEPB Futsal \u00e9 a equipe, masculina e feminina, que \u00e9 formada ap\u00f3s os Jogos UEPB para representar a Institui\u00e7\u00e3o em competi\u00e7\u00f5es locais, estaduais e nacional, contanto com a participa\u00e7\u00e3o de estudantes-atletas e jogadores(as) da comunidade geral.[\/vc_column_text][\/vc_column][\/vc_row][vc_row gap=&#8221;30&#8243; equal_height=&#8221;yes&#8221; el_class=&#8221;conf-azul&#8221; css=&#8221;.vc_custom_1651597766993{margin-top: 30px !important;}&#8221;][vc_column width=&#8221;1\/3&#8243;][vc_text_separator title=&#8221;Monitor Esportivo&#8221; title_align=&#8221;separator_align_left&#8221;][vc_single_image image=&#8221;1546&#8243; alignment=&#8221;center&#8221; css=&#8221;&#8221;][vc_column_text]O monitor esportivo \u00e9 um programa de bolsa que contemplar\u00e1 estudantes e profissionais de educa\u00e7\u00e3o f\u00edsica, que atuar\u00e3o nas diversas modalidades esportivas em prol da forma\u00e7\u00e3o do &#8220;Time UEPB&#8221; (equipe esportiva) que representar\u00e1 a Institui\u00e7\u00e3o nas diversas competi\u00e7\u00f5es.[\/vc_column_text][\/vc_column][vc_column width=&#8221;1\/3&#8243;][vc_text_separator title=&#8221;Academia no Campus&#8221; title_align=&#8221;separator_align_left&#8221;][vc_single_image image=&#8221;1544&#8243; alignment=&#8221;center&#8221; css=&#8221;&#8221;][vc_column_text]Projeto de inciativa da Pr\u00f3-Reitoria Estudantil, com recursos do PNAEST, que leva a pr\u00e1tica da muscula\u00e7\u00e3o e atividades f\u00edsicas para os 8 Campi da UEPB.[\/vc_column_text][\/vc_column][vc_column width=&#8221;1\/3&#8243;][vc_text_separator title=&#8221;Recreio no Campus&#8221; title_align=&#8221;separator_align_left&#8221;][vc_single_image image=&#8221;1539&#8243; alignment=&#8221;center&#8221; css=&#8221;&#8221;][vc_column_text]O &#8220;Recreio no Campus&#8221; ofertar\u00e1 a filhos(as) de servidores e comunidade geral momentos de recrea\u00e7\u00e3o, brincadeiras, esporte e lazer.[\/vc_column_text][\/vc_column][\/vc_row][vc_row][vc_column width=&#8221;1\/3&#8243;][vc_text_separator title=&#8221;Jogos dos Servidores da UEPB&#8221; title_align=&#8221;separator_align_left&#8221; css=&#8221;&#8221;][vc_single_image image=&#8221;3489&#8243; alignment=&#8221;center&#8221; css=&#8221;&#8221;][vc_column_text css=&#8221;&#8221;]Os jogos dos servidores da UEPB objetiva promover o combate ao sedentarismo, pr\u00e1ticas esportivas e\u00a0 e integra\u00e7\u00e3o entre servidores dos oito Campi da UEPB.[\/vc_column_text][\/vc_column][vc_column width=&#8221;1\/3&#8243;][vc_text_separator title=&#8221;Jogos dos Idosos da UEPB&#8221; title_align=&#8221;separator_align_left&#8221; css=&#8221;&#8221;][vc_single_image image=&#8221;3494&#8243; alignment=&#8221;center&#8221; css=&#8221;&#8221;][vc_column_text css=&#8221;&#8221;]Os \u201cjogos dos idosos UEPB\u201d objetiva promover pr\u00e1ticas esportivas e a socializa\u00e7\u00e3o entre os idosos que fazem parte dos projetos de extens\u00e3o, pesquisa e UAMA da UEPB.[\/vc_column_text][\/vc_column][vc_column width=&#8221;1\/3&#8243;][vc_text_separator title=&#8221;Goleada de Cidadania&#8221; title_align=&#8221;separator_align_left&#8221;][vc_single_image image=&#8221;1545&#8243; alignment=&#8221;center&#8221; css=&#8221;&#8221;][vc_column_text]O projeto\u00a0 &#8220;Goleada de Cidadania&#8221; tem o objetivo de quantificar e qualificar os colaboradores de futebol de v\u00e1rzea da cidade de Campina Grande-PB e cidades circunvizinhas.[\/vc_column_text][\/vc_column][\/vc_row][vc_row gap=&#8221;30&#8243; equal_height=&#8221;yes&#8221; el_class=&#8221;conf-azul&#8221; css=&#8221;.vc_custom_1651597760931{margin-top: 30px !important;}&#8221;][vc_column][vc_column_text css=&#8221;&#8221;]<\/p>\n<p style=\"text-align: center\"><strong>PARCEIROS<\/strong><\/p>\n<p>[\/vc_column_text][\/vc_column][vc_column width=&#8221;1\/3&#8243;][vc_text_separator title=&#8221;JUD\u00d4 UEPB&#8221; title_align=&#8221;separator_align_left&#8221;][vc_single_image image=&#8221;1550&#8243; alignment=&#8221;center&#8221; css=&#8221;&#8221;][vc_column_text]O Jud\u00f4 UEPB tem o objetivo de potencializar o esporte Ol\u00edmpico na UEPB, acompanhando os alunos-atletas a partir de treinos espec\u00edficos e participa\u00e7\u00e3o nas diversas competi\u00e7\u00f5es.[\/vc_column_text][\/vc_column][vc_column width=&#8221;1\/3&#8243;][vc_text_separator title=&#8221;KENDO UEPB&#8221; title_align=&#8221;separator_align_left&#8221; css=&#8221;&#8221;][vc_single_image image=&#8221;1549&#8243; alignment=&#8221;center&#8221; css=&#8221;&#8221;][vc_column_text css=&#8221;&#8221;]O Kendo UEPB tem o objetivo de integrar e passar conhecimento a comunidade geral dos elementos pr\u00e1ticos e filos\u00f3ficos da arte marcial.[\/vc_column_text][\/vc_column][vc_column width=&#8221;1\/3&#8243;][vc_text_separator title=&#8221;AIKIDO UEPB&#8221; title_align=&#8221;separator_align_left&#8221; css=&#8221;&#8221;][vc_single_image image=&#8221;3474&#8243; alignment=&#8221;center&#8221; css=&#8221;&#8221;][vc_column_text css=&#8221;&#8221;]<span dir=\"auto\" style=\"vertical-align: inherit\"><span dir=\"auto\" style=\"vertical-align: inherit\">Projeto de Extens\u00e3o &#8220;Inicia\u00e7\u00e3o ao Aikid\u00f4&#8221; tem como objeto o Aikido, conjuntamente com a sa\u00fade. Ser\u00e1 desenvolvido em encontros regulares, com dura\u00e7\u00e3o de aproximadamente 1 hora de dura\u00e7\u00e3o, na sala de Lutas (Doj\u00f4), no Departamento de Educa\u00e7\u00e3o F\u00edsica da UEPB.\u00a0<\/span><\/span>[\/vc_column_text][\/vc_column][\/vc_row][vc_row][vc_column width=&#8221;1\/3&#8243;][\/vc_column][vc_column width=&#8221;1\/3&#8243;][vc_text_separator title=&#8221;CAMPINA RUGBY&#8221; title_align=&#8221;separator_align_left&#8221; css=&#8221;&#8221;][vc_single_image image=&#8221;3492&#8243; alignment=&#8221;center&#8221; css=&#8221;&#8221;][vc_column_text css=&#8221;&#8221;]<\/p>\n<p class=\"western\" align=\"justify\"><span dir=\"auto\" style=\"vertical-align: inherit\"><span dir=\"auto\" style=\"vertical-align: inherit\"><span style=\"color: #000000\">Os objetivos do projeto em parceria com o Campina Rugby, s\u00e3o de d<\/span>isseminar os valores do esporte para a comunidade e os discentes da Universidade Estadual da Para\u00edba, p<\/span><\/span><span dir=\"auto\" style=\"vertical-align: inherit\"><span dir=\"auto\" style=\"vertical-align: inherit\">ossibilitando a viv\u00eancia do esporte atrav\u00e9s da participa\u00e7\u00e3o em campeonatos a n\u00edvel estadual e regional.<\/span><\/span><\/p>\n<ul>\n<li style=\"list-style-type: none\"><\/li>\n<\/ul>\n<p>[\/vc_column_text][\/vc_column][vc_column width=&#8221;1\/3&#8243;][\/vc_column][\/vc_row]<\/p>\n<\/div>","protected":false},"excerpt":{"rendered":"<p>[vc_row gap=&#8221;30&#8243; equal_height=&#8221;yes&#8221; el_class=&#8221;conf-azul&#8221;][vc_column width=&#8221;1\/3&#8243;][vc_text_separator title=&#8221;Esporte e Lazer para Todos&#8221; title_align=&#8221;separator_align_left&#8221; css=&#8221;&#8221;][vc_single_image image=&#8221;2823&#8243; alignment=&#8221;center&#8221;][vc_column_text]Projeto de extens\u00e3o que incentiva a pr\u00e1tica de atividades esportivas e de lazer no tempo livre de discentes, servidores da UEPB e comunidade em geral, atrav\u00e9s de diversas modalidades, tais quais: Jud\u00f4, Kendo, Jiu-Jitsu, Boxe funcional, Muay thai, Dan\u00e7as e ritmos, Treino <a class=\"leiamais\" href=\"https:\/\/coordenadorias.uepb.edu.br\/coel\/projetos\/\">Leia Mais&#8230;<\/a><\/p>\n","protected":false},"author":1,"featured_media":0,"parent":0,"menu_order":6,"comment_status":"open","ping_status":"open","template":"","meta":{"jetpack_post_was_ever_published":false,"footnotes":""},"class_list":["post-79","page","type-page","status-publish","hentry"],"jetpack_sharing_enabled":true,"jetpack_shortlink":"https:\/\/wp.me\/P7wERl-1h","jetpack-related-posts":[{"id":507,"url":"https:\/\/coordenadorias.uepb.edu.br\/coel\/corrida-2019\/","url_meta":{"origin":79,"position":0},"title":"4\u00aa CORRIDA UEPB","author":"martinho","date":"14 de mar\u00e7o de 2016","format":false,"excerpt":"[vc_row gap=\"30\" equal_height=\"yes\"][vc_column width=\"1\/2\" el_class=\"conf-azul\"][vc_text_separator title=\"DIA MUNDIAL SEM CARRO - 22 DE SETEMBRO DE 2019\" title_align=\"separator_align_left\"][vc_column_text] Regulamento Geral_CORRIDA UEPB_2019 Inscri\u00e7\u00f5es- Alunos \/ Professores \/ T\u00e9cnicos Administrativos Inscri\u00e7\u00f5es - Comunidade Geral FOTOS RESULTADOS Coordena\u00e7\u00e3o: Prof. Jos\u00e9 Eug\u00eanio Eloi Moura (Coordena\u00e7\u00e3o Geral -\u00a0 Coord. de Esporte e Lazer) Prof. N\u00fabia do Nascimento\u2026","rel":"","context":"Post similar","block_context":{"text":"Post similar","link":""},"img":{"alt_text":"","src":"https:\/\/i0.wp.com\/coordenadorias.uepb.edu.br\/coel\/wp-content\/uploads\/sites\/2\/2019\/08\/CAMISA-E-MEDALHA-CORRIDA-UEPB-2019-1024x735.jpg?resize=350%2C200&ssl=1","width":350,"height":200},"classes":[]},{"id":1406,"url":"https:\/\/coordenadorias.uepb.edu.br\/coel\/ii-corrida-uepb\/","url_meta":{"origin":79,"position":1},"title":"Regulamento Geral &#8211; CORRIDA UEPB 2019","author":"coeluepb","date":"6 de mar\u00e7o de 2018","format":false,"excerpt":"Regulamento Geral_CORRIDA UEPB_2019 - Educando para viver bem \u00a0","rel":"","context":"Post similar","block_context":{"text":"Post similar","link":""},"img":{"alt_text":"","src":"https:\/\/i0.wp.com\/coordenadorias.uepb.edu.br\/coel\/wp-content\/uploads\/sites\/2\/2019\/07\/20190722_120643_0000-1024x1024.png?resize=350%2C200&ssl=1","width":350,"height":200,"srcset":"https:\/\/i0.wp.com\/coordenadorias.uepb.edu.br\/coel\/wp-content\/uploads\/sites\/2\/2019\/07\/20190722_120643_0000-1024x1024.png?resize=350%2C200&ssl=1 1x, https:\/\/i0.wp.com\/coordenadorias.uepb.edu.br\/coel\/wp-content\/uploads\/sites\/2\/2019\/07\/20190722_120643_0000-1024x1024.png?resize=525%2C300&ssl=1 1.5x, https:\/\/i0.wp.com\/coordenadorias.uepb.edu.br\/coel\/wp-content\/uploads\/sites\/2\/2019\/07\/20190722_120643_0000-1024x1024.png?resize=700%2C400&ssl=1 2x"},"classes":[]},{"id":1434,"url":"https:\/\/coordenadorias.uepb.edu.br\/coel\/inscricoes\/","url_meta":{"origin":79,"position":2},"title":"Inscri\u00e7\u00f5es &#8211; CORRIDA UEPB 2019","author":"coeluepb","date":"6 de mar\u00e7o de 2018","format":false,"excerpt":"Inscri\u00e7\u00f5es - Alunos \/ Professores \/ T\u00e9cnicos Administrativos\/Outros Inscri\u00e7\u00f5es - Comunidade em geral","rel":"","context":"Post similar","block_context":{"text":"Post similar","link":""},"img":{"alt_text":"","src":"","width":0,"height":0},"classes":[]},{"id":51,"url":"https:\/\/coordenadorias.uepb.edu.br\/coel\/apresentacao\/","url_meta":{"origin":79,"position":3},"title":"Sobre","author":"martinho","date":"30 de julho de 2019","format":false,"excerpt":"[vc_row gap=\"30\" equal_height=\"yes\"][vc_column width=\"2\/3\" el_class=\"conf-azul\"][vc_text_separator title=\"COEL\" i_icon_fontawesome=\"fas fa-running\" i_color=\"custom\" title_align=\"separator_align_left\" add_icon=\"true\" i_custom_color=\"#2d95bf\"][vc_column_text]Ofertamos uma Pol\u00edtica de Esporte e Lazer na UEPB para o corpo discente, docente e t\u00e9cnico administrativo, assim como a comunidade em geral, atrav\u00e9s da estrutura\u00e7\u00e3o de metas (de curto, m\u00e9dio e longo prazo), princ\u00edpios e a\u00e7\u00f5es estrat\u00e9gicas com\u2026","rel":"","context":"Post similar","block_context":{"text":"Post similar","link":""},"img":{"alt_text":"","src":"","width":0,"height":0},"classes":[]},{"id":2366,"url":"https:\/\/coordenadorias.uepb.edu.br\/coel\/corrida-uepb-2022\/","url_meta":{"origin":79,"position":4},"title":"Corridas UEPB","author":"coeluepb","date":"19 de janeiro de 2021","format":false,"excerpt":"[vc_row el_class=\"conf-azul\"][vc_column][vc_message message_box_color=\"success\" icon_fontawesome=\"fas fa-exclamation-triangle\"] \"Educando para viver bem\" [\/vc_message][vc_row_inner css=\".vc_custom_1651662980765{margin-top: 30px !important;margin-bottom: 30px !important;}\"][vc_column_inner width=\"1\/4\"][vc_text_separator title=\"1\u00b0 Corrida UEPB - 2016\"][vc_wp_text]https:\/\/www.youtube.com\/watch?v=okO4H7FpBcI&t=30s[\/vc_wp_text][\/vc_column_inner][vc_column_inner width=\"1\/4\"][vc_text_separator title=\"2\u00b0 Corrida UEPB - 2017\"][vc_wp_text]https:\/\/www.youtube.com\/watch?v=oFF9TNBngOs[\/vc_wp_text][\/vc_column_inner][vc_column_inner width=\"1\/4\"][vc_text_separator title=\"3\u00b0 Corrida UEPB - 2018\"][vc_wp_text]https:\/\/www.youtube.com\/watch?v=Gck8zDuZUU0[\/vc_wp_text][\/vc_column_inner][vc_column_inner width=\"1\/4\"][vc_text_separator title=\"4\u00b0 Corrida UEPB - 2019\"][vc_wp_text]https:\/\/www.youtube.com\/watch?v=B81cH4s_eTo[\/vc_wp_text][\/vc_column_inner][\/vc_row_inner][\/vc_column][\/vc_row]","rel":"","context":"Post similar","block_context":{"text":"Post similar","link":""},"img":{"alt_text":"","src":"","width":0,"height":0},"classes":[]},{"id":1416,"url":"https:\/\/coordenadorias.uepb.edu.br\/coel\/percurso\/","url_meta":{"origin":79,"position":5},"title":"Percurso &#8211; CORRIDA UEPB 2019","author":"coeluepb","date":"6 de mar\u00e7o de 2018","format":false,"excerpt":"","rel":"","context":"Post similar","block_context":{"text":"Post similar","link":""},"img":{"alt_text":"","src":"https:\/\/i0.wp.com\/coordenadorias.uepb.edu.br\/coel\/wp-content\/uploads\/sites\/2\/2019\/08\/ROTA-CORRIDA-5-e-3-Km_-1024x886.jpg?resize=350%2C200&ssl=1","width":350,"height":200,"srcset":"https:\/\/i0.wp.com\/coordenadorias.uepb.edu.br\/coel\/wp-content\/uploads\/sites\/2\/2019\/08\/ROTA-CORRIDA-5-e-3-Km_-1024x886.jpg?resize=350%2C200&ssl=1 1x, https:\/\/i0.wp.com\/coordenadorias.uepb.edu.br\/coel\/wp-content\/uploads\/sites\/2\/2019\/08\/ROTA-CORRIDA-5-e-3-Km_-1024x886.jpg?resize=525%2C300&ssl=1 1.5x, https:\/\/i0.wp.com\/coordenadorias.uepb.edu.br\/coel\/wp-content\/uploads\/sites\/2\/2019\/08\/ROTA-CORRIDA-5-e-3-Km_-1024x886.jpg?resize=700%2C400&ssl=1 2x"},"classes":[]}],"_links":{"self":[{"href":"https:\/\/coordenadorias.uepb.edu.br\/coel\/wp-json\/wp\/v2\/pages\/79","targetHints":{"allow":["GET"]}}],"collection":[{"href":"https:\/\/coordenadorias.uepb.edu.br\/coel\/wp-json\/wp\/v2\/pages"}],"about":[{"href":"https:\/\/coordenadorias.uepb.edu.br\/coel\/wp-json\/wp\/v2\/types\/page"}],"author":[{"embeddable":true,"href":"https:\/\/coordenadorias.uepb.edu.br\/coel\/wp-json\/wp\/v2\/users\/1"}],"replies":[{"embeddable":true,"href":"https:\/\/coordenadorias.uepb.edu.br\/coel\/wp-json\/wp\/v2\/comments?post=79"}],"version-history":[{"count":69,"href":"https:\/\/coordenadorias.uepb.edu.br\/coel\/wp-json\/wp\/v2\/pages\/79\/revisions"}],"predecessor-version":[{"id":980,"href":"https:\/\/coordenadorias.uepb.edu.br\/coel\/wp-json\/wp\/v2\/pages\/79\/revisions\/980"}],"wp:attachment":[{"href":"https:\/\/coordenadorias.uepb.edu.br\/coel\/wp-json\/wp\/v2\/media?parent=79"}],"curies":[{"name":"wp","href":"https:\/\/api.w.org\/{rel}","templated":true}]}}