{"id":507,"date":"2016-03-14T13:18:34","date_gmt":"2016-03-14T13:18:34","guid":{"rendered":"http:\/\/sites.uepb.edu.br\/coel\/?page_id=507"},"modified":"2022-05-04T08:20:10","modified_gmt":"2022-05-04T11:20:10","slug":"corrida-2019","status":"publish","type":"page","link":"https:\/\/coordenadorias.uepb.edu.br\/coel\/corrida-2019\/","title":{"rendered":"4\u00aa CORRIDA UEPB"},"content":{"rendered":"<div class=\"wpb-content-wrapper\"><p>[vc_row gap=&#8221;30&#8243; equal_height=&#8221;yes&#8221;][vc_column width=&#8221;1\/2&#8243; el_class=&#8221;conf-azul&#8221;][vc_text_separator title=&#8221;DIA MUNDIAL SEM CARRO &#8211; 22 DE SETEMBRO DE 2019&#8243; title_align=&#8221;separator_align_left&#8221;][vc_column_text]<\/p>\n<ul>\n<li><a href=\"https:\/\/coordenadorias.uepb.edu.br\/coel\/wp-content\/uploads\/sites\/2\/2019\/07\/Regulamento-Geral_CORRIDA-UEPB_2019.pdf\" target=\"_blank\" rel=\"noopener noreferrer\">Regulamento Geral_CORRIDA UEPB_2019<\/a><\/li>\n<li><a href=\"https:\/\/cpcon.uepb.edu.br\/forms\/\" target=\"_blank\" rel=\"noopener noreferrer\">Inscri\u00e7\u00f5es- Alunos \/ Professores \/ T\u00e9cnicos Administrativos<\/a><\/li>\n<li><a href=\"https:\/\/www.sympla.com.br\/4-corrida-de-rua-da-uepb---educando-para-viver-bem__596146\" target=\"_blank\" rel=\"noopener noreferrer\">Inscri\u00e7\u00f5es &#8211; Comunidade Geral<\/a><\/li>\n<li><a href=\"https:\/\/www.facebook.com\/coel.uepb.1\/media_set?set=a.2442575366019698&amp;type=3\" target=\"_blank\" rel=\"noopener noreferrer\">FOTOS<\/a><\/li>\n<li><a href=\"https:\/\/contraorelogio.com.br\/4a-corrida-de-rua-da-uepb\/\" target=\"_blank\" rel=\"noopener noreferrer\">RESULTADOS<\/a><\/li>\n<\/ul>\n<p><strong>Coordena\u00e7\u00e3o:<\/strong><\/p>\n<ul>\n<li>Prof. Jos\u00e9 Eug\u00eanio Eloi Moura (Coordena\u00e7\u00e3o Geral &#8211;\u00a0 Coord. de Esporte e Lazer)<\/li>\n<li>Prof. N\u00fabia do Nascimento Martins (Coordena\u00e7\u00e3o Geral &#8211; Pr\u00f3-reitora Estudantil)<\/li>\n<li>Prof. Roseane Barros da Silva (Coordena\u00e7\u00e3o t\u00e9cnica &#8211; Assessora t\u00e9cnica administrativa)<\/li>\n<\/ul>\n<p>[\/vc_column_text][\/vc_column][vc_column width=&#8221;1\/2&#8243;][vc_text_separator title=&#8221;CAMISA E MEDALHA&#8221; title_align=&#8221;separator_align_left&#8221;][vc_column_text]<img data-recalc-dims=\"1\" loading=\"lazy\" decoding=\"async\" data-attachment-id=\"2115\" data-permalink=\"https:\/\/coordenadorias.uepb.edu.br\/coel\/medalha\/camisa-e-medalha-corrida-uepb-2019\/\" data-orig-file=\"https:\/\/i0.wp.com\/coordenadorias.uepb.edu.br\/coel\/wp-content\/uploads\/sites\/2\/2019\/08\/CAMISA-E-MEDALHA-CORRIDA-UEPB-2019.jpg?fit=3459%2C2482&amp;ssl=1\" data-orig-size=\"3459,2482\" data-comments-opened=\"1\" data-image-meta=\"{&quot;aperture&quot;:&quot;0&quot;,&quot;credit&quot;:&quot;&quot;,&quot;camera&quot;:&quot;&quot;,&quot;caption&quot;:&quot;&quot;,&quot;created_timestamp&quot;:&quot;0&quot;,&quot;copyright&quot;:&quot;&quot;,&quot;focal_length&quot;:&quot;0&quot;,&quot;iso&quot;:&quot;0&quot;,&quot;shutter_speed&quot;:&quot;0&quot;,&quot;title&quot;:&quot;&quot;,&quot;orientation&quot;:&quot;0&quot;}\" data-image-title=\"CAMISA E MEDALHA CORRIDA UEPB 2019\" data-image-description=\"\" data-image-caption=\"\" data-medium-file=\"https:\/\/i0.wp.com\/coordenadorias.uepb.edu.br\/coel\/wp-content\/uploads\/sites\/2\/2019\/08\/CAMISA-E-MEDALHA-CORRIDA-UEPB-2019.jpg?fit=300%2C215&amp;ssl=1\" data-large-file=\"https:\/\/i0.wp.com\/coordenadorias.uepb.edu.br\/coel\/wp-content\/uploads\/sites\/2\/2019\/08\/CAMISA-E-MEDALHA-CORRIDA-UEPB-2019.jpg?fit=1024%2C735&amp;ssl=1\" class=\"alignnone wp-image-2115 img-responsive\" src=\"https:\/\/i0.wp.com\/coordenadorias.uepb.edu.br\/coel\/wp-content\/uploads\/sites\/2\/2019\/08\/CAMISA-E-MEDALHA-CORRIDA-UEPB-2019.jpg?resize=502%2C361&#038;ssl=1\" alt=\"\" width=\"502\" height=\"361\" srcset=\"https:\/\/i0.wp.com\/coordenadorias.uepb.edu.br\/coel\/wp-content\/uploads\/sites\/2\/2019\/08\/CAMISA-E-MEDALHA-CORRIDA-UEPB-2019.jpg?resize=1024%2C735&amp;ssl=1 1024w, https:\/\/i0.wp.com\/coordenadorias.uepb.edu.br\/coel\/wp-content\/uploads\/sites\/2\/2019\/08\/CAMISA-E-MEDALHA-CORRIDA-UEPB-2019.jpg?resize=300%2C215&amp;ssl=1 300w, https:\/\/i0.wp.com\/coordenadorias.uepb.edu.br\/coel\/wp-content\/uploads\/sites\/2\/2019\/08\/CAMISA-E-MEDALHA-CORRIDA-UEPB-2019.jpg?resize=768%2C551&amp;ssl=1 768w, https:\/\/i0.wp.com\/coordenadorias.uepb.edu.br\/coel\/wp-content\/uploads\/sites\/2\/2019\/08\/CAMISA-E-MEDALHA-CORRIDA-UEPB-2019.jpg?resize=370%2C265&amp;ssl=1 370w, https:\/\/i0.wp.com\/coordenadorias.uepb.edu.br\/coel\/wp-content\/uploads\/sites\/2\/2019\/08\/CAMISA-E-MEDALHA-CORRIDA-UEPB-2019.jpg?resize=840%2C603&amp;ssl=1 840w, https:\/\/i0.wp.com\/coordenadorias.uepb.edu.br\/coel\/wp-content\/uploads\/sites\/2\/2019\/08\/CAMISA-E-MEDALHA-CORRIDA-UEPB-2019.jpg?w=2000&amp;ssl=1 2000w, https:\/\/i0.wp.com\/coordenadorias.uepb.edu.br\/coel\/wp-content\/uploads\/sites\/2\/2019\/08\/CAMISA-E-MEDALHA-CORRIDA-UEPB-2019.jpg?w=3000&amp;ssl=1 3000w\" sizes=\"auto, (max-width: 502px) 100vw, 502px\" \/>[\/vc_column_text][\/vc_column][\/vc_row][vc_row css=&#8221;.vc_custom_1651584966464{margin-top: 50px !important;}&#8221;][vc_column][vc_text_separator title=&#8221;APOIO E REALIZA\u00c7\u00c3O&#8221;][vc_row_inner][vc_column_inner width=&#8221;1\/2&#8243;][vc_column_text]<img data-recalc-dims=\"1\" loading=\"lazy\" decoding=\"async\" data-attachment-id=\"2198\" data-permalink=\"https:\/\/coordenadorias.uepb.edu.br\/coel\/corrida-2019\/marca-da-uepb-aplicaa%c2%a7ao-colorida-em-png-2\/\" data-orig-file=\"https:\/\/i0.wp.com\/coordenadorias.uepb.edu.br\/coel\/wp-content\/uploads\/sites\/2\/2019\/10\/Marca-da-UEPB-Aplica%C3%83%C2%A7%C3%83%C2%A3o-Colorida-em-PNG-2.png?fit=1554%2C679&amp;ssl=1\" data-orig-size=\"1554,679\" data-comments-opened=\"1\" data-image-meta=\"{&quot;aperture&quot;:&quot;0&quot;,&quot;credit&quot;:&quot;&quot;,&quot;camera&quot;:&quot;&quot;,&quot;caption&quot;:&quot;&quot;,&quot;created_timestamp&quot;:&quot;0&quot;,&quot;copyright&quot;:&quot;&quot;,&quot;focal_length&quot;:&quot;0&quot;,&quot;iso&quot;:&quot;0&quot;,&quot;shutter_speed&quot;:&quot;0&quot;,&quot;title&quot;:&quot;&quot;,&quot;orientation&quot;:&quot;0&quot;}\" data-image-title=\"Marca-da-UEPB-Aplica\u00c3\u00a7\u00c3\u00a3o-Colorida-em-PNG-2\" data-image-description=\"\" data-image-caption=\"\" data-medium-file=\"https:\/\/i0.wp.com\/coordenadorias.uepb.edu.br\/coel\/wp-content\/uploads\/sites\/2\/2019\/10\/Marca-da-UEPB-Aplica%C3%83%C2%A7%C3%83%C2%A3o-Colorida-em-PNG-2.png?fit=300%2C131&amp;ssl=1\" data-large-file=\"https:\/\/i0.wp.com\/coordenadorias.uepb.edu.br\/coel\/wp-content\/uploads\/sites\/2\/2019\/10\/Marca-da-UEPB-Aplica%C3%83%C2%A7%C3%83%C2%A3o-Colorida-em-PNG-2.png?fit=1024%2C447&amp;ssl=1\" class=\"wp-image-2198 aligncenter img-responsive\" style=\"font-size: 16px;\" src=\"https:\/\/i0.wp.com\/coordenadorias.uepb.edu.br\/coel\/wp-content\/uploads\/sites\/2\/2019\/10\/Marca-da-UEPB-Aplica%C3%83%C2%A7%C3%83%C2%A3o-Colorida-em-PNG-2.png?resize=279%2C122&#038;ssl=1\" alt=\"\" width=\"279\" height=\"122\" srcset=\"https:\/\/i0.wp.com\/coordenadorias.uepb.edu.br\/coel\/wp-content\/uploads\/sites\/2\/2019\/10\/Marca-da-UEPB-Aplica%C3%83%C2%A7%C3%83%C2%A3o-Colorida-em-PNG-2.png?resize=1024%2C447&amp;ssl=1 1024w, https:\/\/i0.wp.com\/coordenadorias.uepb.edu.br\/coel\/wp-content\/uploads\/sites\/2\/2019\/10\/Marca-da-UEPB-Aplica%C3%83%C2%A7%C3%83%C2%A3o-Colorida-em-PNG-2.png?resize=300%2C131&amp;ssl=1 300w, https:\/\/i0.wp.com\/coordenadorias.uepb.edu.br\/coel\/wp-content\/uploads\/sites\/2\/2019\/10\/Marca-da-UEPB-Aplica%C3%83%C2%A7%C3%83%C2%A3o-Colorida-em-PNG-2.png?resize=768%2C336&amp;ssl=1 768w, https:\/\/i0.wp.com\/coordenadorias.uepb.edu.br\/coel\/wp-content\/uploads\/sites\/2\/2019\/10\/Marca-da-UEPB-Aplica%C3%83%C2%A7%C3%83%C2%A3o-Colorida-em-PNG-2.png?resize=370%2C162&amp;ssl=1 370w, https:\/\/i0.wp.com\/coordenadorias.uepb.edu.br\/coel\/wp-content\/uploads\/sites\/2\/2019\/10\/Marca-da-UEPB-Aplica%C3%83%C2%A7%C3%83%C2%A3o-Colorida-em-PNG-2.png?resize=840%2C367&amp;ssl=1 840w, https:\/\/i0.wp.com\/coordenadorias.uepb.edu.br\/coel\/wp-content\/uploads\/sites\/2\/2019\/10\/Marca-da-UEPB-Aplica%C3%83%C2%A7%C3%83%C2%A3o-Colorida-em-PNG-2.png?w=1554&amp;ssl=1 1554w\" sizes=\"auto, (max-width: 279px) 100vw, 279px\" \/>[\/vc_column_text][\/vc_column_inner][vc_column_inner width=&#8221;1\/2&#8243;][vc_column_text]<img data-recalc-dims=\"1\" loading=\"lazy\" decoding=\"async\" data-attachment-id=\"2199\" data-permalink=\"https:\/\/coordenadorias.uepb.edu.br\/coel\/corrida-2019\/logo-corrida\/\" data-orig-file=\"https:\/\/i0.wp.com\/coordenadorias.uepb.edu.br\/coel\/wp-content\/uploads\/sites\/2\/2019\/10\/LOGO-Corrida.png?fit=1288%2C279&amp;ssl=1\" data-orig-size=\"1288,279\" data-comments-opened=\"1\" data-image-meta=\"{&quot;aperture&quot;:&quot;0&quot;,&quot;credit&quot;:&quot;&quot;,&quot;camera&quot;:&quot;&quot;,&quot;caption&quot;:&quot;&quot;,&quot;created_timestamp&quot;:&quot;0&quot;,&quot;copyright&quot;:&quot;&quot;,&quot;focal_length&quot;:&quot;0&quot;,&quot;iso&quot;:&quot;0&quot;,&quot;shutter_speed&quot;:&quot;0&quot;,&quot;title&quot;:&quot;&quot;,&quot;orientation&quot;:&quot;0&quot;}\" data-image-title=\"LOGO Corrida\" data-image-description=\"\" data-image-caption=\"\" data-medium-file=\"https:\/\/i0.wp.com\/coordenadorias.uepb.edu.br\/coel\/wp-content\/uploads\/sites\/2\/2019\/10\/LOGO-Corrida.png?fit=300%2C65&amp;ssl=1\" data-large-file=\"https:\/\/i0.wp.com\/coordenadorias.uepb.edu.br\/coel\/wp-content\/uploads\/sites\/2\/2019\/10\/LOGO-Corrida.png?fit=1024%2C222&amp;ssl=1\" class=\"wp-image-2199 aligncenter img-responsive\" style=\"font-size: 16px;\" src=\"https:\/\/i0.wp.com\/coordenadorias.uepb.edu.br\/coel\/wp-content\/uploads\/sites\/2\/2019\/10\/LOGO-Corrida.png?resize=383%2C83&#038;ssl=1\" alt=\"\" width=\"383\" height=\"83\" srcset=\"https:\/\/i0.wp.com\/coordenadorias.uepb.edu.br\/coel\/wp-content\/uploads\/sites\/2\/2019\/10\/LOGO-Corrida.png?resize=1024%2C222&amp;ssl=1 1024w, https:\/\/i0.wp.com\/coordenadorias.uepb.edu.br\/coel\/wp-content\/uploads\/sites\/2\/2019\/10\/LOGO-Corrida.png?resize=300%2C65&amp;ssl=1 300w, https:\/\/i0.wp.com\/coordenadorias.uepb.edu.br\/coel\/wp-content\/uploads\/sites\/2\/2019\/10\/LOGO-Corrida.png?resize=768%2C166&amp;ssl=1 768w, https:\/\/i0.wp.com\/coordenadorias.uepb.edu.br\/coel\/wp-content\/uploads\/sites\/2\/2019\/10\/LOGO-Corrida.png?resize=370%2C80&amp;ssl=1 370w, https:\/\/i0.wp.com\/coordenadorias.uepb.edu.br\/coel\/wp-content\/uploads\/sites\/2\/2019\/10\/LOGO-Corrida.png?resize=840%2C182&amp;ssl=1 840w, https:\/\/i0.wp.com\/coordenadorias.uepb.edu.br\/coel\/wp-content\/uploads\/sites\/2\/2019\/10\/LOGO-Corrida.png?w=1288&amp;ssl=1 1288w\" sizes=\"auto, (max-width: 383px) 100vw, 383px\" \/>[\/vc_column_text][\/vc_column_inner][\/vc_row_inner][vc_row_inner][vc_column_inner][vc_column_text css=&#8221;.vc_custom_1651585031145{margin-top: 30px !important;}&#8221;]<img data-recalc-dims=\"1\" loading=\"lazy\" decoding=\"async\" data-attachment-id=\"2200\" data-permalink=\"https:\/\/coordenadorias.uepb.edu.br\/coel\/corrida-2019\/thumbnail_apoio-corrida\/\" data-orig-file=\"https:\/\/i0.wp.com\/coordenadorias.uepb.edu.br\/coel\/wp-content\/uploads\/sites\/2\/2019\/10\/thumbnail_Apoio-Corrida.png?fit=1212%2C184&amp;ssl=1\" data-orig-size=\"1212,184\" data-comments-opened=\"1\" data-image-meta=\"{&quot;aperture&quot;:&quot;0&quot;,&quot;credit&quot;:&quot;&quot;,&quot;camera&quot;:&quot;&quot;,&quot;caption&quot;:&quot;&quot;,&quot;created_timestamp&quot;:&quot;0&quot;,&quot;copyright&quot;:&quot;&quot;,&quot;focal_length&quot;:&quot;0&quot;,&quot;iso&quot;:&quot;0&quot;,&quot;shutter_speed&quot;:&quot;0&quot;,&quot;title&quot;:&quot;&quot;,&quot;orientation&quot;:&quot;0&quot;}\" data-image-title=\"thumbnail_Apoio Corrida\" data-image-description=\"\" data-image-caption=\"\" data-medium-file=\"https:\/\/i0.wp.com\/coordenadorias.uepb.edu.br\/coel\/wp-content\/uploads\/sites\/2\/2019\/10\/thumbnail_Apoio-Corrida.png?fit=300%2C46&amp;ssl=1\" data-large-file=\"https:\/\/i0.wp.com\/coordenadorias.uepb.edu.br\/coel\/wp-content\/uploads\/sites\/2\/2019\/10\/thumbnail_Apoio-Corrida.png?fit=1024%2C155&amp;ssl=1\" class=\"aligncenter wp-image-2200 img-responsive\" src=\"https:\/\/i0.wp.com\/coordenadorias.uepb.edu.br\/coel\/wp-content\/uploads\/sites\/2\/2019\/10\/thumbnail_Apoio-Corrida.png?resize=797%2C121&#038;ssl=1\" alt=\"\" width=\"797\" height=\"121\" srcset=\"https:\/\/i0.wp.com\/coordenadorias.uepb.edu.br\/coel\/wp-content\/uploads\/sites\/2\/2019\/10\/thumbnail_Apoio-Corrida.png?w=1212&amp;ssl=1 1212w, https:\/\/i0.wp.com\/coordenadorias.uepb.edu.br\/coel\/wp-content\/uploads\/sites\/2\/2019\/10\/thumbnail_Apoio-Corrida.png?resize=300%2C46&amp;ssl=1 300w, https:\/\/i0.wp.com\/coordenadorias.uepb.edu.br\/coel\/wp-content\/uploads\/sites\/2\/2019\/10\/thumbnail_Apoio-Corrida.png?resize=768%2C117&amp;ssl=1 768w, https:\/\/i0.wp.com\/coordenadorias.uepb.edu.br\/coel\/wp-content\/uploads\/sites\/2\/2019\/10\/thumbnail_Apoio-Corrida.png?resize=1024%2C155&amp;ssl=1 1024w, https:\/\/i0.wp.com\/coordenadorias.uepb.edu.br\/coel\/wp-content\/uploads\/sites\/2\/2019\/10\/thumbnail_Apoio-Corrida.png?resize=370%2C56&amp;ssl=1 370w, https:\/\/i0.wp.com\/coordenadorias.uepb.edu.br\/coel\/wp-content\/uploads\/sites\/2\/2019\/10\/thumbnail_Apoio-Corrida.png?resize=840%2C128&amp;ssl=1 840w\" sizes=\"auto, (max-width: 797px) 100vw, 797px\" \/>[\/vc_column_text][\/vc_column_inner][\/vc_row_inner][vc_text_separator title=&#8221;PARCEIROS&#8221; css=&#8221;.vc_custom_1651584731999{margin-top: 50px !important;}&#8221;][vc_column_text]<img data-recalc-dims=\"1\" loading=\"lazy\" decoding=\"async\" data-attachment-id=\"2168\" data-permalink=\"https:\/\/coordenadorias.uepb.edu.br\/coel\/corrida-2019\/logo-parceiros\/\" data-orig-file=\"https:\/\/i0.wp.com\/coordenadorias.uepb.edu.br\/coel\/wp-content\/uploads\/sites\/2\/2019\/09\/LOGO-parceiros.png?fit=1810%2C991&amp;ssl=1\" data-orig-size=\"1810,991\" data-comments-opened=\"1\" data-image-meta=\"{&quot;aperture&quot;:&quot;0&quot;,&quot;credit&quot;:&quot;&quot;,&quot;camera&quot;:&quot;&quot;,&quot;caption&quot;:&quot;&quot;,&quot;created_timestamp&quot;:&quot;0&quot;,&quot;copyright&quot;:&quot;&quot;,&quot;focal_length&quot;:&quot;0&quot;,&quot;iso&quot;:&quot;0&quot;,&quot;shutter_speed&quot;:&quot;0&quot;,&quot;title&quot;:&quot;&quot;,&quot;orientation&quot;:&quot;0&quot;}\" data-image-title=\"LOGO parceiros\" data-image-description=\"\" data-image-caption=\"\" data-medium-file=\"https:\/\/i0.wp.com\/coordenadorias.uepb.edu.br\/coel\/wp-content\/uploads\/sites\/2\/2019\/09\/LOGO-parceiros.png?fit=300%2C164&amp;ssl=1\" data-large-file=\"https:\/\/i0.wp.com\/coordenadorias.uepb.edu.br\/coel\/wp-content\/uploads\/sites\/2\/2019\/09\/LOGO-parceiros.png?fit=1024%2C561&amp;ssl=1\" class=\"alignnone size-large wp-image-2168 img-responsive\" style=\"font-size: 16px;\" src=\"https:\/\/i0.wp.com\/coordenadorias.uepb.edu.br\/coel\/wp-content\/uploads\/sites\/2\/2019\/09\/LOGO-parceiros.png?resize=1024%2C561&#038;ssl=1\" alt=\"\" width=\"1024\" height=\"561\" srcset=\"https:\/\/i0.wp.com\/coordenadorias.uepb.edu.br\/coel\/wp-content\/uploads\/sites\/2\/2019\/09\/LOGO-parceiros.png?resize=1024%2C561&amp;ssl=1 1024w, https:\/\/i0.wp.com\/coordenadorias.uepb.edu.br\/coel\/wp-content\/uploads\/sites\/2\/2019\/09\/LOGO-parceiros.png?resize=300%2C164&amp;ssl=1 300w, https:\/\/i0.wp.com\/coordenadorias.uepb.edu.br\/coel\/wp-content\/uploads\/sites\/2\/2019\/09\/LOGO-parceiros.png?resize=768%2C420&amp;ssl=1 768w, https:\/\/i0.wp.com\/coordenadorias.uepb.edu.br\/coel\/wp-content\/uploads\/sites\/2\/2019\/09\/LOGO-parceiros.png?resize=370%2C203&amp;ssl=1 370w, https:\/\/i0.wp.com\/coordenadorias.uepb.edu.br\/coel\/wp-content\/uploads\/sites\/2\/2019\/09\/LOGO-parceiros.png?resize=840%2C460&amp;ssl=1 840w, https:\/\/i0.wp.com\/coordenadorias.uepb.edu.br\/coel\/wp-content\/uploads\/sites\/2\/2019\/09\/LOGO-parceiros.png?w=1810&amp;ssl=1 1810w\" sizes=\"auto, (max-width: 1000px) 100vw, 1000px\" \/>[\/vc_column_text][\/vc_column][\/vc_row]<\/p>\n<\/div>","protected":false},"excerpt":{"rendered":"<p>[vc_row gap=&#8221;30&#8243; equal_height=&#8221;yes&#8221;][vc_column width=&#8221;1\/2&#8243; el_class=&#8221;conf-azul&#8221;][vc_text_separator title=&#8221;DIA MUNDIAL SEM CARRO &#8211; 22 DE SETEMBRO DE 2019&#8243; title_align=&#8221;separator_align_left&#8221;][vc_column_text] Regulamento Geral_CORRIDA UEPB_2019 Inscri\u00e7\u00f5es- Alunos \/ Professores \/ T\u00e9cnicos Administrativos Inscri\u00e7\u00f5es &#8211; Comunidade Geral FOTOS RESULTADOS Coordena\u00e7\u00e3o: Prof. Jos\u00e9 Eug\u00eanio Eloi Moura (Coordena\u00e7\u00e3o Geral &#8211;\u00a0 Coord. de Esporte e Lazer) Prof. N\u00fabia do Nascimento Martins (Coordena\u00e7\u00e3o Geral &#8211; Pr\u00f3-reitora <a class=\"leiamais\" href=\"https:\/\/coordenadorias.uepb.edu.br\/coel\/corrida-2019\/\">Leia Mais&#8230;<\/a><\/p>\n","protected":false},"author":1,"featured_media":0,"parent":0,"menu_order":1,"comment_status":"closed","ping_status":"closed","template":"","meta":{"jetpack_post_was_ever_published":false,"footnotes":""},"class_list":["post-507","page","type-page","status-publish","hentry"],"jetpack_sharing_enabled":true,"jetpack_shortlink":"https:\/\/wp.me\/P7wERl-8b","jetpack-related-posts":[{"id":1434,"url":"https:\/\/coordenadorias.uepb.edu.br\/coel\/inscricoes\/","url_meta":{"origin":507,"position":0},"title":"Inscri\u00e7\u00f5es &#8211; CORRIDA UEPB 2019","author":"coeluepb","date":"6 de mar\u00e7o de 2018","format":false,"excerpt":"Inscri\u00e7\u00f5es - Alunos \/ Professores \/ T\u00e9cnicos Administrativos\/Outros Inscri\u00e7\u00f5es - Comunidade em geral","rel":"","context":"Post similar","block_context":{"text":"Post similar","link":""},"img":{"alt_text":"","src":"","width":0,"height":0},"classes":[]},{"id":1413,"url":"https:\/\/coordenadorias.uepb.edu.br\/coel\/inscricoes-comunidade\/","url_meta":{"origin":507,"position":1},"title":"Inscri\u00e7\u00f5es \u2013 Comunidade em geral","author":"coeluepb","date":"6 de mar\u00e7o de 2018","format":false,"excerpt":"Inscri\u00e7\u00f5es \u2013 Comunidade em geral","rel":"","context":"Post similar","block_context":{"text":"Post similar","link":""},"img":{"alt_text":"","src":"","width":0,"height":0},"classes":[]},{"id":1410,"url":"https:\/\/coordenadorias.uepb.edu.br\/coel\/inscricoes-alunos-professores-tecnicos-administrativos\/","url_meta":{"origin":507,"position":2},"title":"Inscri\u00e7\u00f5es \u2013 Alunos \/ Professores \/ T\u00e9cnicos Administrativos","author":"coeluepb","date":"6 de mar\u00e7o de 2018","format":false,"excerpt":"","rel":"","context":"Post similar","block_context":{"text":"Post similar","link":""},"img":{"alt_text":"","src":"","width":0,"height":0},"classes":[]}],"_links":{"self":[{"href":"https:\/\/coordenadorias.uepb.edu.br\/coel\/wp-json\/wp\/v2\/pages\/507","targetHints":{"allow":["GET"]}}],"collection":[{"href":"https:\/\/coordenadorias.uepb.edu.br\/coel\/wp-json\/wp\/v2\/pages"}],"about":[{"href":"https:\/\/coordenadorias.uepb.edu.br\/coel\/wp-json\/wp\/v2\/types\/page"}],"author":[{"embeddable":true,"href":"https:\/\/coordenadorias.uepb.edu.br\/coel\/wp-json\/wp\/v2\/users\/1"}],"replies":[{"embeddable":true,"href":"https:\/\/coordenadorias.uepb.edu.br\/coel\/wp-json\/wp\/v2\/comments?post=507"}],"version-history":[{"count":119,"href":"https:\/\/coordenadorias.uepb.edu.br\/coel\/wp-json\/wp\/v2\/pages\/507\/revisions"}],"predecessor-version":[{"id":2982,"href":"https:\/\/coordenadorias.uepb.edu.br\/coel\/wp-json\/wp\/v2\/pages\/507\/revisions\/2982"}],"wp:attachment":[{"href":"https:\/\/coordenadorias.uepb.edu.br\/coel\/wp-json\/wp\/v2\/media?parent=507"}],"curies":[{"name":"wp","href":"https:\/\/api.w.org\/{rel}","templated":true}]}}