{"id":2857,"date":"2022-05-03T08:32:41","date_gmt":"2022-05-03T11:32:41","guid":{"rendered":"https:\/\/coordenadorias.uepb.edu.br\/coel\/?page_id=2857"},"modified":"2026-04-29T11:20:46","modified_gmt":"2026-04-29T14:20:46","slug":"jubs-2026","status":"publish","type":"page","link":"https:\/\/coordenadorias.uepb.edu.br\/coel\/jubs-2026\/","title":{"rendered":"JUBs 2026"},"content":{"rendered":"<div class=\"wpb-content-wrapper\"><p>[vc_row][vc_column el_class=&#8221;conf-azul&#8221; css=&#8221;.vc_custom_1651579261317{padding-bottom: 50px !important;}&#8221;][vc_text_separator title=&#8221;Jogos Universit\u00e1rios Brasileiros&#8221; i_icon_fontawesome=&#8221;fas fa-volleyball-ball&#8221; i_color=&#8221;custom&#8221; title_align=&#8221;separator_align_left&#8221; add_icon=&#8221;true&#8221; i_custom_color=&#8221;#2d95bf&#8221;][vc_column_text css=&#8221;&#8221;]<strong>INFORMA\u00c7\u00d5ES SOBRE OS JOGOS UNIVERSIT\u00c1RIOS PARAIBANO E BRASILEIRO<\/strong><\/p>\n<p><a href=\"https:\/\/drive.google.com\/file\/d\/1G0y5zDdaSgT2gF4kogmvg5mjqEgBKG3k\/view?usp=sharing\" target=\"_blank\" rel=\"noopener\"><strong>Calend\u00e1rio FPDA 2026<\/strong><\/a><\/p>\n<p><strong>UEPB &#8211; JUPs Praia: <\/strong><a href=\"https:\/\/drive.google.com\/file\/d\/1CELzM_FnCXwu-d5qR5sW2Lcn7IhFHCRv\/view?usp=sharing\" target=\"_blank\" rel=\"noopener\">Lista de inscritos e resultado &#8211; UEPB &#8211; JUPs Praia 2026<\/a><strong><br \/>\n<\/strong><strong>Lista dos selecionados UEPB &#8211; JUPs eSports:<\/strong> <a href=\"https:\/\/drive.google.com\/file\/d\/1qiehbA08lKHLQiD7IqurYoP0Yv4vtpSG\/view?usp=drive_link\" target=\"_blank\" rel=\"noopener\">Link das inscri\u00e7\u00f5es homologadas UEPB &#8211; JUPs eSports 2026<\/a><br \/>\n<strong>JUPs modalidades (individuais e coletivas) 2026:<br \/>\nCrit\u00e9rios para participa\u00e7\u00e3o JUPs 2026: <a href=\"https:\/\/uepb.edu.br\/coordenacao-de-esporte-e-lazer-define-criterios-para-participacao-de-estudantes-nos-jups-2026\/\">https:\/\/uepb.edu.br\/coordenacao-de-esporte-e-lazer-define-criterios-para-participacao-de-estudantes-nos-jups-2026\/<\/a><br \/>\n<\/strong>Inscri\u00e7\u00f5es: 01 a 12 de maio (solicita\u00e7\u00e3o de ficha de pr\u00e9-inscri\u00e7\u00e3o atrav\u00e9s do e-mail coel@setor.uepb.edu.br para avalia\u00e7\u00e3o t\u00e9cnica da equipe da COEL UEPB)<br \/>\nHomologa\u00e7\u00e3o das inscri\u00e7\u00f5es: 14 de maio de 2026 at\u00e9 \u00e0s 18h (website e redes sociais da COEL UEPB)<br \/>\nCongresso t\u00e9cnico: 16 de maio de 2026 a partir das 9h (presencialmente em Jo\u00e3o Pessoa\/PB)<br \/>\nCompeti\u00e7\u00e3o: 29 a 31 de maio e 04 a 07 de junho de 2026 (Campina Grande\/PB e Jo\u00e3o Pessoa\/PB)<\/p>\n<p><strong>FPDA: <\/strong><a href=\"https:\/\/www.cbdu.org.br\/SportsEntities\">Link de acesso &#8211; Federa\u00e7\u00e3o Paraibana de Desporto Acad\u00eamico <\/a>\u00a0<strong> \u00a0\/ <\/strong><a href=\"https:\/\/www.instagram.com\/fpda.oficial\/\" target=\"_blank\" rel=\"noopener\">@fpda.oficial<\/a><br \/>\n<strong>CBDU:<\/strong> <a href=\"https:\/\/www.cbdu.org.br\/\" target=\"_blank\" rel=\"noopener\">Link de acesso &#8211; Confedera\u00e7\u00e3o Brasileira de Desporto Acad\u00eamico <\/a>\u00a0\/ <a href=\"https:\/\/www.instagram.com\/cbdu\/\" target=\"_blank\" rel=\"noopener\">@cbdu<\/a>[\/vc_column_text][\/vc_column][\/vc_row]<\/p>\n<\/div>","protected":false},"excerpt":{"rendered":"<p>[vc_row][vc_column el_class=&#8221;conf-azul&#8221; css=&#8221;.vc_custom_1651579261317{padding-bottom: 50px !important;}&#8221;][vc_text_separator title=&#8221;Jogos Universit\u00e1rios Brasileiros&#8221; i_icon_fontawesome=&#8221;fas fa-volleyball-ball&#8221; i_color=&#8221;custom&#8221; title_align=&#8221;separator_align_left&#8221; add_icon=&#8221;true&#8221; i_custom_color=&#8221;#2d95bf&#8221;][vc_column_text css=&#8221;&#8221;]INFORMA\u00c7\u00d5ES SOBRE OS JOGOS UNIVERSIT\u00c1RIOS PARAIBANO E BRASILEIRO Calend\u00e1rio FPDA 2026 UEPB &#8211; JUPs Praia: Lista de inscritos e resultado &#8211; UEPB &#8211; JUPs Praia 2026 Lista dos selecionados UEPB &#8211; JUPs eSports: Link das inscri\u00e7\u00f5es homologadas UEPB &#8211; JUPs eSports <a class=\"leiamais\" href=\"https:\/\/coordenadorias.uepb.edu.br\/coel\/jubs-2026\/\">Leia Mais&#8230;<\/a><\/p>\n","protected":false},"author":12,"featured_media":0,"parent":0,"menu_order":0,"comment_status":"closed","ping_status":"closed","template":"","meta":{"jetpack_post_was_ever_published":false,"footnotes":""},"class_list":["post-2857","page","type-page","status-publish","hentry"],"jetpack_sharing_enabled":true,"jetpack_shortlink":"https:\/\/wp.me\/P7wERl-K5","jetpack-related-posts":[{"id":1333,"url":"https:\/\/coordenadorias.uepb.edu.br\/coel\/fotos-jogos-uepb-2017\/","url_meta":{"origin":2857,"position":0},"title":"Fotos &#8211; JOGOS UEPB 2017","author":"coeluepb","date":"5 de outubro de 2017","format":false,"excerpt":"\u00a0 \u00a0","rel":"","context":"Post similar","block_context":{"text":"Post similar","link":""},"img":{"alt_text":"","src":"https:\/\/i0.wp.com\/coordenadorias.uepb.edu.br\/coel\/wp-content\/uploads\/sites\/2\/2017\/10\/Jogos-Universit%C3%A1rios-Etapa-Individual-4.jpg?resize=350%2C200","width":350,"height":200,"srcset":"https:\/\/i0.wp.com\/coordenadorias.uepb.edu.br\/coel\/wp-content\/uploads\/sites\/2\/2017\/10\/Jogos-Universit%C3%A1rios-Etapa-Individual-4.jpg?resize=350%2C200 1x, https:\/\/i0.wp.com\/coordenadorias.uepb.edu.br\/coel\/wp-content\/uploads\/sites\/2\/2017\/10\/Jogos-Universit%C3%A1rios-Etapa-Individual-4.jpg?resize=525%2C300 1.5x, https:\/\/i0.wp.com\/coordenadorias.uepb.edu.br\/coel\/wp-content\/uploads\/sites\/2\/2017\/10\/Jogos-Universit%C3%A1rios-Etapa-Individual-4.jpg?resize=700%2C400 2x"},"classes":[]},{"id":1311,"url":"https:\/\/coordenadorias.uepb.edu.br\/coel\/jogos-uepb-2017\/","url_meta":{"origin":2857,"position":1},"title":"JOGOS UEPB 2020","author":"coeluepb","date":"26 de setembro de 2017","format":false,"excerpt":"Regulamento Ficha de inscri\u00e7\u00e3o NOVA DATA SER\u00c1 PUBLICADA EM BREVE \u00a0","rel":"","context":"Post similar","block_context":{"text":"Post similar","link":""},"img":{"alt_text":"","src":"https:\/\/i0.wp.com\/coordenadorias.uepb.edu.br\/coel\/wp-content\/uploads\/sites\/2\/2020\/02\/27657079_2035569583386947_9179551467929554060_n.jpg?resize=350%2C200&ssl=1","width":350,"height":200,"srcset":"https:\/\/i0.wp.com\/coordenadorias.uepb.edu.br\/coel\/wp-content\/uploads\/sites\/2\/2020\/02\/27657079_2035569583386947_9179551467929554060_n.jpg?resize=350%2C200&ssl=1 1x, https:\/\/i0.wp.com\/coordenadorias.uepb.edu.br\/coel\/wp-content\/uploads\/sites\/2\/2020\/02\/27657079_2035569583386947_9179551467929554060_n.jpg?resize=525%2C300&ssl=1 1.5x"},"classes":[]},{"id":1916,"url":"https:\/\/coordenadorias.uepb.edu.br\/coel\/tabelas-dos-jogos\/","url_meta":{"origin":2857,"position":2},"title":"Tabelas dos Jogos &#8211; LF UEPB","author":"coeluepb","date":"25 de abril de 2019","format":false,"excerpt":"1a Rodada 2a Rodada 3a Rodada","rel":"","context":"Post similar","block_context":{"text":"Post similar","link":""},"img":{"alt_text":"","src":"","width":0,"height":0},"classes":[]},{"id":1299,"url":"https:\/\/coordenadorias.uepb.edu.br\/coel\/tabela-dos-jogos\/","url_meta":{"origin":2857,"position":3},"title":"Tabela dos Jogos UEPB 2017","author":"coeluepb","date":"26 de setembro de 2017","format":false,"excerpt":"Futsal e Handebol Voleibol Masculino Voleibol Feminino","rel":"","context":"Post similar","block_context":{"text":"Post similar","link":""},"img":{"alt_text":"","src":"","width":0,"height":0},"classes":[]},{"id":1845,"url":"https:\/\/coordenadorias.uepb.edu.br\/coel\/liga-uepb-de-futsal-2022\/","url_meta":{"origin":2857,"position":4},"title":"JOGOS UEPB 2024","author":"coeluepb","date":"3 de abril de 2019","format":false,"excerpt":"[vc_row gap=\"30\"][vc_column width=\"1\/6\"][vc_single_image image=\"3262\" img_size=\"82x156\" alignment=\"center\"][\/vc_column][vc_column width=\"5\/6\" el_class=\"conf-azul\" css=\".vc_custom_1651593012334{padding-bottom: 30px !important;}\"][vc_column_text css_animation=\"none\"] Regulamento Geral (JoU - 2024) Etapa - Seletivas (01 a 26 de agosto - interna Campus\/Centros) Etapa FINAL\u00a0 (24, 25 e 26 de setembro - Campina Grande-PB) - Informes Gerais e Boletins [\/vc_column_text][\/vc_column][\/vc_row][vc_row][vc_column][\/vc_column][\/vc_row]","rel":"","context":"Post similar","block_context":{"text":"Post similar","link":""},"img":{"alt_text":"","src":"https:\/\/i0.wp.com\/coordenadorias.uepb.edu.br\/coel\/wp-content\/uploads\/sites\/2\/2024\/08\/Decorativa-Forma-Facebook-Capa-1-2.png?fit=851%2C315&ssl=1&resize=350%2C200","width":350,"height":200,"srcset":"https:\/\/i0.wp.com\/coordenadorias.uepb.edu.br\/coel\/wp-content\/uploads\/sites\/2\/2024\/08\/Decorativa-Forma-Facebook-Capa-1-2.png?fit=851%2C315&ssl=1&resize=350%2C200 1x, https:\/\/i0.wp.com\/coordenadorias.uepb.edu.br\/coel\/wp-content\/uploads\/sites\/2\/2024\/08\/Decorativa-Forma-Facebook-Capa-1-2.png?fit=851%2C315&ssl=1&resize=525%2C300 1.5x, https:\/\/i0.wp.com\/coordenadorias.uepb.edu.br\/coel\/wp-content\/uploads\/sites\/2\/2024\/08\/Decorativa-Forma-Facebook-Capa-1-2.png?fit=851%2C315&ssl=1&resize=700%2C400 2x"},"classes":[]},{"id":79,"url":"https:\/\/coordenadorias.uepb.edu.br\/coel\/projetos\/","url_meta":{"origin":2857,"position":5},"title":"Projetos","author":"martinho","date":"7 de mar\u00e7o de 2014","format":false,"excerpt":"[vc_row gap=\"30\" equal_height=\"yes\" el_class=\"conf-azul\"][vc_column width=\"1\/3\"][vc_text_separator title=\"Esporte e Lazer para Todos\" title_align=\"separator_align_left\" css=\"\"][vc_single_image image=\"2823\" alignment=\"center\"][vc_column_text]Projeto de extens\u00e3o que incentiva a pr\u00e1tica de atividades esportivas e de lazer no tempo livre de discentes, servidores da UEPB e comunidade em geral, atrav\u00e9s de diversas modalidades, tais quais: Jud\u00f4, Kendo, Jiu-Jitsu, Boxe funcional, Muay\u2026","rel":"","context":"Post similar","block_context":{"text":"Post similar","link":""},"img":{"alt_text":"","src":"","width":0,"height":0},"classes":[]}],"_links":{"self":[{"href":"https:\/\/coordenadorias.uepb.edu.br\/coel\/wp-json\/wp\/v2\/pages\/2857","targetHints":{"allow":["GET"]}}],"collection":[{"href":"https:\/\/coordenadorias.uepb.edu.br\/coel\/wp-json\/wp\/v2\/pages"}],"about":[{"href":"https:\/\/coordenadorias.uepb.edu.br\/coel\/wp-json\/wp\/v2\/types\/page"}],"author":[{"embeddable":true,"href":"https:\/\/coordenadorias.uepb.edu.br\/coel\/wp-json\/wp\/v2\/users\/12"}],"replies":[{"embeddable":true,"href":"https:\/\/coordenadorias.uepb.edu.br\/coel\/wp-json\/wp\/v2\/comments?post=2857"}],"version-history":[{"count":42,"href":"https:\/\/coordenadorias.uepb.edu.br\/coel\/wp-json\/wp\/v2\/pages\/2857\/revisions"}],"predecessor-version":[{"id":3539,"href":"https:\/\/coordenadorias.uepb.edu.br\/coel\/wp-json\/wp\/v2\/pages\/2857\/revisions\/3539"}],"wp:attachment":[{"href":"https:\/\/coordenadorias.uepb.edu.br\/coel\/wp-json\/wp\/v2\/media?parent=2857"}],"curies":[{"name":"wp","href":"https:\/\/api.w.org\/{rel}","templated":true}]}}