{"id":2846,"date":"2022-05-03T08:14:20","date_gmt":"2022-05-03T11:14:20","guid":{"rendered":"https:\/\/coordenadorias.uepb.edu.br\/coel\/?page_id=2846"},"modified":"2024-12-02T10:23:18","modified_gmt":"2024-12-02T13:23:18","slug":"home","status":"publish","type":"page","link":"https:\/\/coordenadorias.uepb.edu.br\/coel\/","title":{"rendered":"Home"},"content":{"rendered":"<div class=\"wpb-content-wrapper\"><p>[vc_row gap=&#8221;30&#8243; equal_height=&#8221;yes&#8221;][vc_column width=&#8221;1\/2&#8243; el_class=&#8221;conf-azul&#8221;][vc_text_separator title=&#8221;Not\u00edcias&#8221; i_icon_fontawesome=&#8221;fas fa-newspaper&#8221; i_color=&#8221;custom&#8221; title_align=&#8221;separator_align_left&#8221; align=&#8221;align_left&#8221; add_icon=&#8221;true&#8221; i_custom_color=&#8221;#2d95bf&#8221;]<div class=\"mdl-grid\"><div class=\"mdl-cell--12-col bloco-noticias\"><div class=\"titulo-noticia-widget\"><a href=\"https:\/\/uepb.edu.br\/medalhistas-de-ouro-estudantes-se-destacam-em-campeonato-brasileiro-de-wrestling-em-sao-paulo\/\" target=\"_blank\"><h3 class=\"titulo-destaque-noticia\">Medalhistas de ouro: estudantes se destacam em Campeonato Brasileiro de Wrestling, em S\u00e3o Paulo<\/h3><\/a><\/div><div class=\"titulo-noticia-widget\"><a href=\"https:\/\/uepb.edu.br\/coordenacao-de-esporte-e-lazer-define-criterios-para-participacao-de-estudantes-nos-jups-2026\/\" target=\"_blank\"><h3 class=\"titulo-destaque-noticia\">Coordena\u00e7\u00e3o de Esporte e Lazer define crit\u00e9rios para participa\u00e7\u00e3o de estudantes nos JUPs 2026<\/h3><\/a><\/div><div class=\"titulo-noticia-widget\"><a href=\"https:\/\/uepb.edu.br\/projeto-judo-na-uepb-celebra-12-anos-e-realiza-cerimonia-de-entrega-de-faixas-e-certificados-a-novos-judocas\/\" target=\"_blank\"><h3 class=\"titulo-destaque-noticia\">Projeto Jud\u00f4 na UEPB celebra 12 anos e realiza cerim\u00f4nia de entrega de faixas e certificados a novos judocas<\/h3><\/a><\/div><div class=\"titulo-noticia-widget\"><a href=\"https:\/\/uepb.edu.br\/estudantes-da-universidade-estadual-da-paraiba-conquistam-medalhas-nos-jogos-universitarios-brasileiros\/\" target=\"_blank\"><h3 class=\"titulo-destaque-noticia\">Estudantes da Universidade Estadual da Para\u00edba conquistam medalhas nos Jogos Universit\u00e1rios Brasileiros<\/h3><\/a><\/div><div class=\"titulo-noticia-widget\"><a href=\"https:\/\/uepb.edu.br\/coordenadoria-de-esporte-e-lazer-da-uepb-abre-inscricoes-para-atividades-fisicas-e-esportivas-gratuitas\/\" target=\"_blank\"><h3 class=\"titulo-destaque-noticia\">Coordenadoria de Esporte e Lazer da UEPB abre inscri\u00e7\u00f5es para atividades f\u00edsicas e esportivas gratuitas<\/h3><\/a><\/div><div class=\"titulo-noticia-widget\"><a href=\"https:\/\/uepb.edu.br\/jogos-universitarios-brasileiros-de-praia-2025-uepb-conquista-quatro-medalhas-no-beach-wrestling\/\" target=\"_blank\"><h3 class=\"titulo-destaque-noticia\">Jogos Universit\u00e1rios Brasileiros de Praia 2025: UEPB conquista quatro medalhas no Beach Wrestling<\/h3><\/a><\/div><\/div><\/div>[\/vc_column][vc_column width=&#8221;1\/2&#8243; el_class=&#8221;conf-azul&#8221;][vc_text_separator title=&#8221;TV COEL \u2013 Corridas UEPB&#8221; i_icon_fontawesome=&#8221;fas fa-video&#8221; i_color=&#8221;custom&#8221; title_align=&#8221;separator_align_left&#8221; align=&#8221;align_left&#8221; add_icon=&#8221;true&#8221; i_custom_color=&#8221;#2d95bf&#8221;][vc_row_inner][vc_column_inner width=&#8221;1\/2&#8243;][vc_video link=&#8221;https:\/\/youtu.be\/Gck8zDuZUU0&#8243;][\/vc_column_inner][vc_column_inner width=&#8221;1\/2&#8243;][vc_video link=&#8221;https:\/\/www.youtube.com\/watch?v=B81cH4s_eTo&#8221;][\/vc_column_inner][\/vc_row_inner][vc_row_inner][vc_column_inner width=&#8221;1\/2&#8243;][vc_video link=&#8221;https:\/\/www.youtube.com\/watch?v=oFF9TNBngOs&#8221;][\/vc_column_inner][vc_column_inner width=&#8221;1\/2&#8243;][vc_video link=&#8221;https:\/\/www.youtube.com\/watch?v=okO4H7FpBcI&amp;t=30s&#8221;][\/vc_column_inner][\/vc_row_inner][\/vc_column][\/vc_row]<\/p>\n<\/div>","protected":false},"excerpt":{"rendered":"<p>[vc_row gap=&#8221;30&#8243; equal_height=&#8221;yes&#8221;][vc_column width=&#8221;1\/2&#8243; el_class=&#8221;conf-azul&#8221;][vc_text_separator title=&#8221;Not\u00edcias&#8221; i_icon_fontawesome=&#8221;fas fa-newspaper&#8221; i_color=&#8221;custom&#8221; title_align=&#8221;separator_align_left&#8221; align=&#8221;align_left&#8221; add_icon=&#8221;true&#8221; i_custom_color=&#8221;#2d95bf&#8221;][\/vc_column][vc_column width=&#8221;1\/2&#8243; el_class=&#8221;conf-azul&#8221;][vc_text_separator title=&#8221;TV COEL \u2013 Corridas UEPB&#8221; i_icon_fontawesome=&#8221;fas fa-video&#8221; i_color=&#8221;custom&#8221; title_align=&#8221;separator_align_left&#8221; align=&#8221;align_left&#8221; add_icon=&#8221;true&#8221; i_custom_color=&#8221;#2d95bf&#8221;][vc_row_inner][vc_column_inner width=&#8221;1\/2&#8243;][vc_video link=&#8221;https:\/\/youtu.be\/Gck8zDuZUU0&#8243;][\/vc_column_inner][vc_column_inner width=&#8221;1\/2&#8243;][vc_video link=&#8221;https:\/\/www.youtube.com\/watch?v=B81cH4s_eTo&#8221;][\/vc_column_inner][\/vc_row_inner][vc_row_inner][vc_column_inner width=&#8221;1\/2&#8243;][vc_video link=&#8221;https:\/\/www.youtube.com\/watch?v=oFF9TNBngOs&#8221;][\/vc_column_inner][vc_column_inner width=&#8221;1\/2&#8243;][vc_video link=&#8221;https:\/\/www.youtube.com\/watch?v=okO4H7FpBcI&amp;t=30s&#8221;][\/vc_column_inner][\/vc_row_inner][\/vc_column][\/vc_row]<\/p>\n","protected":false},"author":9,"featured_media":3309,"parent":0,"menu_order":0,"comment_status":"closed","ping_status":"closed","template":"","meta":{"jetpack_post_was_ever_published":false,"footnotes":""},"class_list":["post-2846","page","type-page","status-publish","has-post-thumbnail","hentry"],"jetpack_sharing_enabled":true,"jetpack_shortlink":"https:\/\/wp.me\/P7wERl-JU","jetpack-related-posts":[{"id":2366,"url":"https:\/\/coordenadorias.uepb.edu.br\/coel\/corrida-uepb-2022\/","url_meta":{"origin":2846,"position":0},"title":"Corridas UEPB","author":"coeluepb","date":"19 de janeiro de 2021","format":false,"excerpt":"[vc_row el_class=\"conf-azul\"][vc_column][vc_message message_box_color=\"success\" icon_fontawesome=\"fas fa-exclamation-triangle\"] \"Educando para viver bem\" [\/vc_message][vc_row_inner css=\".vc_custom_1651662980765{margin-top: 30px !important;margin-bottom: 30px !important;}\"][vc_column_inner width=\"1\/4\"][vc_text_separator title=\"1\u00b0 Corrida UEPB - 2016\"][vc_wp_text]https:\/\/www.youtube.com\/watch?v=okO4H7FpBcI&t=30s[\/vc_wp_text][\/vc_column_inner][vc_column_inner width=\"1\/4\"][vc_text_separator title=\"2\u00b0 Corrida UEPB - 2017\"][vc_wp_text]https:\/\/www.youtube.com\/watch?v=oFF9TNBngOs[\/vc_wp_text][\/vc_column_inner][vc_column_inner width=\"1\/4\"][vc_text_separator title=\"3\u00b0 Corrida UEPB - 2018\"][vc_wp_text]https:\/\/www.youtube.com\/watch?v=Gck8zDuZUU0[\/vc_wp_text][\/vc_column_inner][vc_column_inner width=\"1\/4\"][vc_text_separator title=\"4\u00b0 Corrida UEPB - 2019\"][vc_wp_text]https:\/\/www.youtube.com\/watch?v=B81cH4s_eTo[\/vc_wp_text][\/vc_column_inner][\/vc_row_inner][\/vc_column][\/vc_row]","rel":"","context":"Post similar","block_context":{"text":"Post similar","link":""},"img":{"alt_text":"","src":"","width":0,"height":0},"classes":[]}],"_links":{"self":[{"href":"https:\/\/coordenadorias.uepb.edu.br\/coel\/wp-json\/wp\/v2\/pages\/2846","targetHints":{"allow":["GET"]}}],"collection":[{"href":"https:\/\/coordenadorias.uepb.edu.br\/coel\/wp-json\/wp\/v2\/pages"}],"about":[{"href":"https:\/\/coordenadorias.uepb.edu.br\/coel\/wp-json\/wp\/v2\/types\/page"}],"author":[{"embeddable":true,"href":"https:\/\/coordenadorias.uepb.edu.br\/coel\/wp-json\/wp\/v2\/users\/9"}],"replies":[{"embeddable":true,"href":"https:\/\/coordenadorias.uepb.edu.br\/coel\/wp-json\/wp\/v2\/comments?post=2846"}],"version-history":[{"count":9,"href":"https:\/\/coordenadorias.uepb.edu.br\/coel\/wp-json\/wp\/v2\/pages\/2846\/revisions"}],"predecessor-version":[{"id":3338,"href":"https:\/\/coordenadorias.uepb.edu.br\/coel\/wp-json\/wp\/v2\/pages\/2846\/revisions\/3338"}],"wp:featuredmedia":[{"embeddable":true,"href":"https:\/\/coordenadorias.uepb.edu.br\/coel\/wp-json\/wp\/v2\/media\/3309"}],"wp:attachment":[{"href":"https:\/\/coordenadorias.uepb.edu.br\/coel\/wp-json\/wp\/v2\/media?parent=2846"}],"curies":[{"name":"wp","href":"https:\/\/api.w.org\/{rel}","templated":true}]}}