{"id":2536,"date":"2021-08-31T11:23:20","date_gmt":"2021-08-31T14:23:20","guid":{"rendered":"https:\/\/coordenadorias.uepb.edu.br\/coel\/?page_id=2536"},"modified":"2021-08-31T11:23:20","modified_gmt":"2021-08-31T14:23:20","slug":"eventos","status":"publish","type":"page","link":"https:\/\/coordenadorias.uepb.edu.br\/coel\/eventos\/","title":{"rendered":"Eventos"},"content":{"rendered":"","protected":false},"excerpt":{"rendered":"","protected":false},"author":12,"featured_media":0,"parent":0,"menu_order":0,"comment_status":"closed","ping_status":"closed","template":"","meta":{"jetpack_post_was_ever_published":false,"footnotes":""},"class_list":["post-2536","page","type-page","status-publish","hentry"],"jetpack_sharing_enabled":true,"jetpack_shortlink":"https:\/\/wp.me\/P7wERl-EU","jetpack-related-posts":[{"id":51,"url":"https:\/\/coordenadorias.uepb.edu.br\/coel\/apresentacao\/","url_meta":{"origin":2536,"position":0},"title":"Sobre","author":"martinho","date":"30 de julho de 2019","format":false,"excerpt":"[vc_row gap=\"30\" equal_height=\"yes\"][vc_column width=\"2\/3\" el_class=\"conf-azul\"][vc_text_separator title=\"COEL\" i_icon_fontawesome=\"fas fa-running\" i_color=\"custom\" title_align=\"separator_align_left\" add_icon=\"true\" i_custom_color=\"#2d95bf\"][vc_column_text]Ofertamos uma Pol\u00edtica de Esporte e Lazer na UEPB para o corpo discente, docente e t\u00e9cnico administrativo, assim como a comunidade em geral, atrav\u00e9s da estrutura\u00e7\u00e3o de metas (de curto, m\u00e9dio e longo prazo), princ\u00edpios e a\u00e7\u00f5es estrat\u00e9gicas com\u2026","rel":"","context":"Post similar","block_context":{"text":"Post similar","link":""},"img":{"alt_text":"","src":"","width":0,"height":0},"classes":[]}],"_links":{"self":[{"href":"https:\/\/coordenadorias.uepb.edu.br\/coel\/wp-json\/wp\/v2\/pages\/2536","targetHints":{"allow":["GET"]}}],"collection":[{"href":"https:\/\/coordenadorias.uepb.edu.br\/coel\/wp-json\/wp\/v2\/pages"}],"about":[{"href":"https:\/\/coordenadorias.uepb.edu.br\/coel\/wp-json\/wp\/v2\/types\/page"}],"author":[{"embeddable":true,"href":"https:\/\/coordenadorias.uepb.edu.br\/coel\/wp-json\/wp\/v2\/users\/12"}],"replies":[{"embeddable":true,"href":"https:\/\/coordenadorias.uepb.edu.br\/coel\/wp-json\/wp\/v2\/comments?post=2536"}],"version-history":[{"count":1,"href":"https:\/\/coordenadorias.uepb.edu.br\/coel\/wp-json\/wp\/v2\/pages\/2536\/revisions"}],"predecessor-version":[{"id":2537,"href":"https:\/\/coordenadorias.uepb.edu.br\/coel\/wp-json\/wp\/v2\/pages\/2536\/revisions\/2537"}],"wp:attachment":[{"href":"https:\/\/coordenadorias.uepb.edu.br\/coel\/wp-json\/wp\/v2\/media?parent=2536"}],"curies":[{"name":"wp","href":"https:\/\/api.w.org\/{rel}","templated":true}]}}