{"id":2366,"date":"2021-01-19T10:30:31","date_gmt":"2021-01-19T13:30:31","guid":{"rendered":"https:\/\/coordenadorias.uepb.edu.br\/coel\/?page_id=2366"},"modified":"2024-03-26T16:45:54","modified_gmt":"2024-03-26T19:45:54","slug":"corrida-uepb-2022","status":"publish","type":"page","link":"https:\/\/coordenadorias.uepb.edu.br\/coel\/corrida-uepb-2022\/","title":{"rendered":"Corridas UEPB"},"content":{"rendered":"<div class=\"wpb-content-wrapper\"><p>[vc_row el_class=&#8221;conf-azul&#8221;][vc_column][vc_message message_box_color=&#8221;success&#8221; icon_fontawesome=&#8221;fas fa-exclamation-triangle&#8221;]<\/p>\n<p style=\"text-align: center\">&#8220;Educando para viver bem&#8221;<\/p>\n<p>[\/vc_message][vc_row_inner css=&#8221;.vc_custom_1651662980765{margin-top: 30px !important;margin-bottom: 30px !important;}&#8221;][vc_column_inner width=&#8221;1\/4&#8243;][vc_text_separator title=&#8221;1\u00b0 Corrida UEPB &#8211; 2016&#8243;][vc_wp_text]https:\/\/www.youtube.com\/watch?v=okO4H7FpBcI&amp;t=30s[\/vc_wp_text][\/vc_column_inner][vc_column_inner width=&#8221;1\/4&#8243;][vc_text_separator title=&#8221;2\u00b0 Corrida UEPB &#8211; 2017&#8243;][vc_wp_text]https:\/\/www.youtube.com\/watch?v=oFF9TNBngOs[\/vc_wp_text][\/vc_column_inner][vc_column_inner width=&#8221;1\/4&#8243;][vc_text_separator title=&#8221;3\u00b0 Corrida UEPB &#8211; 2018&#8243;][vc_wp_text]https:\/\/www.youtube.com\/watch?v=Gck8zDuZUU0[\/vc_wp_text][\/vc_column_inner][vc_column_inner width=&#8221;1\/4&#8243;][vc_text_separator title=&#8221;4\u00b0 Corrida UEPB &#8211; 2019&#8243;][vc_wp_text]https:\/\/www.youtube.com\/watch?v=B81cH4s_eTo[\/vc_wp_text][\/vc_column_inner][\/vc_row_inner][\/vc_column][\/vc_row]<\/p>\n<\/div>","protected":false},"excerpt":{"rendered":"<p>[vc_row el_class=&#8221;conf-azul&#8221;][vc_column][vc_message message_box_color=&#8221;success&#8221; icon_fontawesome=&#8221;fas fa-exclamation-triangle&#8221;] &#8220;Educando para viver bem&#8221; [\/vc_message][vc_row_inner css=&#8221;.vc_custom_1651662980765{margin-top: 30px !important;margin-bottom: 30px !important;}&#8221;][vc_column_inner width=&#8221;1\/4&#8243;][vc_text_separator title=&#8221;1\u00b0 Corrida UEPB &#8211; 2016&#8243;][vc_wp_text]https:\/\/www.youtube.com\/watch?v=okO4H7FpBcI&amp;t=30s[\/vc_wp_text][\/vc_column_inner][vc_column_inner width=&#8221;1\/4&#8243;][vc_text_separator title=&#8221;2\u00b0 Corrida UEPB &#8211; 2017&#8243;][vc_wp_text]https:\/\/www.youtube.com\/watch?v=oFF9TNBngOs[\/vc_wp_text][\/vc_column_inner][vc_column_inner width=&#8221;1\/4&#8243;][vc_text_separator title=&#8221;3\u00b0 Corrida UEPB &#8211; 2018&#8243;][vc_wp_text]https:\/\/www.youtube.com\/watch?v=Gck8zDuZUU0[\/vc_wp_text][\/vc_column_inner][vc_column_inner width=&#8221;1\/4&#8243;][vc_text_separator title=&#8221;4\u00b0 Corrida UEPB &#8211; 2019&#8243;][vc_wp_text]https:\/\/www.youtube.com\/watch?v=B81cH4s_eTo[\/vc_wp_text][\/vc_column_inner][\/vc_row_inner][\/vc_column][\/vc_row]<\/p>\n","protected":false},"author":12,"featured_media":0,"parent":0,"menu_order":0,"comment_status":"closed","ping_status":"closed","template":"","meta":{"jetpack_post_was_ever_published":false,"footnotes":""},"class_list":["post-2366","page","type-page","status-publish","hentry"],"jetpack_sharing_enabled":true,"jetpack_shortlink":"https:\/\/wp.me\/P7wERl-Ca","jetpack-related-posts":[{"id":1406,"url":"https:\/\/coordenadorias.uepb.edu.br\/coel\/ii-corrida-uepb\/","url_meta":{"origin":2366,"position":0},"title":"Regulamento Geral &#8211; CORRIDA UEPB 2019","author":"coeluepb","date":"6 de mar\u00e7o de 2018","format":false,"excerpt":"Regulamento Geral_CORRIDA UEPB_2019 - Educando para viver bem \u00a0","rel":"","context":"Post similar","block_context":{"text":"Post similar","link":""},"img":{"alt_text":"","src":"https:\/\/i0.wp.com\/coordenadorias.uepb.edu.br\/coel\/wp-content\/uploads\/sites\/2\/2019\/07\/20190722_120643_0000-1024x1024.png?resize=350%2C200&ssl=1","width":350,"height":200,"srcset":"https:\/\/i0.wp.com\/coordenadorias.uepb.edu.br\/coel\/wp-content\/uploads\/sites\/2\/2019\/07\/20190722_120643_0000-1024x1024.png?resize=350%2C200&ssl=1 1x, https:\/\/i0.wp.com\/coordenadorias.uepb.edu.br\/coel\/wp-content\/uploads\/sites\/2\/2019\/07\/20190722_120643_0000-1024x1024.png?resize=525%2C300&ssl=1 1.5x, https:\/\/i0.wp.com\/coordenadorias.uepb.edu.br\/coel\/wp-content\/uploads\/sites\/2\/2019\/07\/20190722_120643_0000-1024x1024.png?resize=700%2C400&ssl=1 2x"},"classes":[]},{"id":1416,"url":"https:\/\/coordenadorias.uepb.edu.br\/coel\/percurso\/","url_meta":{"origin":2366,"position":1},"title":"Percurso &#8211; CORRIDA UEPB 2019","author":"coeluepb","date":"6 de mar\u00e7o de 2018","format":false,"excerpt":"","rel":"","context":"Post similar","block_context":{"text":"Post similar","link":""},"img":{"alt_text":"","src":"https:\/\/i0.wp.com\/coordenadorias.uepb.edu.br\/coel\/wp-content\/uploads\/sites\/2\/2019\/08\/ROTA-CORRIDA-5-e-3-Km_-1024x886.jpg?resize=350%2C200&ssl=1","width":350,"height":200,"srcset":"https:\/\/i0.wp.com\/coordenadorias.uepb.edu.br\/coel\/wp-content\/uploads\/sites\/2\/2019\/08\/ROTA-CORRIDA-5-e-3-Km_-1024x886.jpg?resize=350%2C200&ssl=1 1x, https:\/\/i0.wp.com\/coordenadorias.uepb.edu.br\/coel\/wp-content\/uploads\/sites\/2\/2019\/08\/ROTA-CORRIDA-5-e-3-Km_-1024x886.jpg?resize=525%2C300&ssl=1 1.5x, https:\/\/i0.wp.com\/coordenadorias.uepb.edu.br\/coel\/wp-content\/uploads\/sites\/2\/2019\/08\/ROTA-CORRIDA-5-e-3-Km_-1024x886.jpg?resize=700%2C400&ssl=1 2x"},"classes":[]},{"id":1419,"url":"https:\/\/coordenadorias.uepb.edu.br\/coel\/cartaz\/","url_meta":{"origin":2366,"position":2},"title":"Cartaz &#8211; CORRIDA UEPB 2019","author":"coeluepb","date":"6 de mar\u00e7o de 2018","format":false,"excerpt":"","rel":"","context":"Post similar","block_context":{"text":"Post similar","link":""},"img":{"alt_text":"","src":"https:\/\/i0.wp.com\/coordenadorias.uepb.edu.br\/coel\/wp-content\/uploads\/sites\/2\/2019\/07\/20190722_120643_0000-300x300.png?resize=350%2C200&ssl=1","width":350,"height":200},"classes":[]},{"id":1430,"url":"https:\/\/coordenadorias.uepb.edu.br\/coel\/medalha\/","url_meta":{"origin":2366,"position":3},"title":"Camisa e Medalha &#8211; CORRIDA UEPB 2019","author":"coeluepb","date":"6 de mar\u00e7o de 2018","format":false,"excerpt":"","rel":"","context":"Post similar","block_context":{"text":"Post similar","link":""},"img":{"alt_text":"","src":"https:\/\/i0.wp.com\/coordenadorias.uepb.edu.br\/coel\/wp-content\/uploads\/sites\/2\/2019\/08\/CAMISA-E-MEDALHA-CORRIDA-UEPB-2019-1024x735.jpg?resize=350%2C200&ssl=1","width":350,"height":200,"srcset":"https:\/\/i0.wp.com\/coordenadorias.uepb.edu.br\/coel\/wp-content\/uploads\/sites\/2\/2019\/08\/CAMISA-E-MEDALHA-CORRIDA-UEPB-2019-1024x735.jpg?resize=350%2C200&ssl=1 1x, https:\/\/i0.wp.com\/coordenadorias.uepb.edu.br\/coel\/wp-content\/uploads\/sites\/2\/2019\/08\/CAMISA-E-MEDALHA-CORRIDA-UEPB-2019-1024x735.jpg?resize=525%2C300&ssl=1 1.5x, https:\/\/i0.wp.com\/coordenadorias.uepb.edu.br\/coel\/wp-content\/uploads\/sites\/2\/2019\/08\/CAMISA-E-MEDALHA-CORRIDA-UEPB-2019-1024x735.jpg?resize=700%2C400&ssl=1 2x"},"classes":[]},{"id":507,"url":"https:\/\/coordenadorias.uepb.edu.br\/coel\/corrida-2019\/","url_meta":{"origin":2366,"position":4},"title":"4\u00aa CORRIDA UEPB","author":"martinho","date":"14 de mar\u00e7o de 2016","format":false,"excerpt":"[vc_row gap=\"30\" equal_height=\"yes\"][vc_column width=\"1\/2\" el_class=\"conf-azul\"][vc_text_separator title=\"DIA MUNDIAL SEM CARRO - 22 DE SETEMBRO DE 2019\" title_align=\"separator_align_left\"][vc_column_text] Regulamento Geral_CORRIDA UEPB_2019 Inscri\u00e7\u00f5es- Alunos \/ Professores \/ T\u00e9cnicos Administrativos Inscri\u00e7\u00f5es - Comunidade Geral FOTOS RESULTADOS Coordena\u00e7\u00e3o: Prof. Jos\u00e9 Eug\u00eanio Eloi Moura (Coordena\u00e7\u00e3o Geral -\u00a0 Coord. de Esporte e Lazer) Prof. N\u00fabia do Nascimento\u2026","rel":"","context":"Post similar","block_context":{"text":"Post similar","link":""},"img":{"alt_text":"","src":"https:\/\/i0.wp.com\/coordenadorias.uepb.edu.br\/coel\/wp-content\/uploads\/sites\/2\/2019\/08\/CAMISA-E-MEDALHA-CORRIDA-UEPB-2019-1024x735.jpg?resize=350%2C200&ssl=1","width":350,"height":200},"classes":[]},{"id":1434,"url":"https:\/\/coordenadorias.uepb.edu.br\/coel\/inscricoes\/","url_meta":{"origin":2366,"position":5},"title":"Inscri\u00e7\u00f5es &#8211; CORRIDA UEPB 2019","author":"coeluepb","date":"6 de mar\u00e7o de 2018","format":false,"excerpt":"Inscri\u00e7\u00f5es - Alunos \/ Professores \/ T\u00e9cnicos Administrativos\/Outros Inscri\u00e7\u00f5es - Comunidade em geral","rel":"","context":"Post similar","block_context":{"text":"Post similar","link":""},"img":{"alt_text":"","src":"","width":0,"height":0},"classes":[]}],"_links":{"self":[{"href":"https:\/\/coordenadorias.uepb.edu.br\/coel\/wp-json\/wp\/v2\/pages\/2366","targetHints":{"allow":["GET"]}}],"collection":[{"href":"https:\/\/coordenadorias.uepb.edu.br\/coel\/wp-json\/wp\/v2\/pages"}],"about":[{"href":"https:\/\/coordenadorias.uepb.edu.br\/coel\/wp-json\/wp\/v2\/types\/page"}],"author":[{"embeddable":true,"href":"https:\/\/coordenadorias.uepb.edu.br\/coel\/wp-json\/wp\/v2\/users\/12"}],"replies":[{"embeddable":true,"href":"https:\/\/coordenadorias.uepb.edu.br\/coel\/wp-json\/wp\/v2\/comments?post=2366"}],"version-history":[{"count":18,"href":"https:\/\/coordenadorias.uepb.edu.br\/coel\/wp-json\/wp\/v2\/pages\/2366\/revisions"}],"predecessor-version":[{"id":3291,"href":"https:\/\/coordenadorias.uepb.edu.br\/coel\/wp-json\/wp\/v2\/pages\/2366\/revisions\/3291"}],"wp:attachment":[{"href":"https:\/\/coordenadorias.uepb.edu.br\/coel\/wp-json\/wp\/v2\/media?parent=2366"}],"curies":[{"name":"wp","href":"https:\/\/api.w.org\/{rel}","templated":true}]}}