{"id":1908,"date":"2019-04-23T08:48:58","date_gmt":"2019-04-23T11:48:58","guid":{"rendered":"https:\/\/coordenadorias.uepb.edu.br\/coel\/?page_id=1908"},"modified":"2021-01-19T09:30:41","modified_gmt":"2021-01-19T12:30:41","slug":"campus-iii-guarabira","status":"publish","type":"page","link":"https:\/\/coordenadorias.uepb.edu.br\/coel\/campus-iii-guarabira\/","title":{"rendered":"Campus III &#8211; Guarabira"},"content":{"rendered":"<pre><strong>Aulas remotas:\r\n\r\nJIU-JITSU <\/strong>\r\n\r\n- Segundas-feiras \r\n- Hor\u00e1rio: das 19h \u00e0s 21h\r\n\r\nRespons\u00e1vel: prof Thiago Queiroz\r\n<\/pre>\n","protected":false},"excerpt":{"rendered":"<p>Aulas remotas: JIU-JITSU &#8211; Segundas-feiras &#8211; Hor\u00e1rio: das 19h \u00e0s 21h Respons\u00e1vel: prof Thiago Queiroz<\/p>\n","protected":false},"author":12,"featured_media":0,"parent":0,"menu_order":0,"comment_status":"closed","ping_status":"closed","template":"","meta":{"jetpack_post_was_ever_published":false,"footnotes":""},"class_list":["post-1908","page","type-page","status-publish","hentry"],"jetpack_sharing_enabled":true,"jetpack_shortlink":"https:\/\/wp.me\/P7wERl-uM","jetpack-related-posts":[{"id":1719,"url":"https:\/\/coordenadorias.uepb.edu.br\/coel\/atividades_de_extensao_coeluepb\/","url_meta":{"origin":1908,"position":0},"title":"Atividades Extens\u00e3o 2024 &#8211; UEPB CAMPUS I","author":"coeluepb","date":"24 de setembro de 2018","format":false,"excerpt":"[vc_row][vc_column][vc_text_separator title=\"Projeto ESPORTE E LAZER PARA TODOS | @esporteelazeruepb\" i_icon_fontawesome=\"fas fa-running\" i_color=\"custom\" title_align=\"separator_align_left\" align=\"align_left\" add_icon=\"true\" i_custom_color=\"#2d95bf\"][\/vc_column][\/vc_row][vc_row gap=\"30\" equal_height=\"yes\"][vc_column width=\"1\/3\" el_class=\"conf-azul\"][vc_text_separator title=\"MUSCULA\u00c7\u00c3O\" title_align=\"separator_align_left\"][vc_column_text] Dias: Segunda a quinta-feira Local: sala de muscula\u00e7\u00e3o do DEF\/UEPB HOR\u00c1RIO - 12h \u00e0s 13h Extensionista: Allenbert N\u00f3brega\/Diego Augusto HOR\u00c1RIO: 17h \u00e0s 18h Extensionistas: [\/vc_column_text][\/vc_column][vc_column width=\"1\/3\"][vc_text_separator title=\"DAN\u00c7A E\u2026","rel":"","context":"Post similar","block_context":{"text":"Post similar","link":""},"img":{"alt_text":"","src":"","width":0,"height":0},"classes":[]},{"id":832,"url":"https:\/\/coordenadorias.uepb.edu.br\/coel\/campus-iv-catole-do-rocha\/","url_meta":{"origin":1908,"position":1},"title":"Campus IV &#8211; Catol\u00e9 do Rocha","author":"coeluepb","date":"2 de mar\u00e7o de 2017","format":false,"excerpt":"Jiu-Jitsu Dias: Hor\u00e1rio: Local: Respons\u00e1vel: Academia de MUSCULA\u00c7\u00c3O\u00a0(SUSPENSO) Dias: Hor\u00e1rio: Local: Respons\u00e1vel: \u00a0 \u00a0 \u00a0 \u00a0 \u00a0","rel":"","context":"Post similar","block_context":{"text":"Post similar","link":""},"img":{"alt_text":"","src":"","width":0,"height":0},"classes":[]},{"id":842,"url":"https:\/\/coordenadorias.uepb.edu.br\/coel\/campus-vii-patos\/","url_meta":{"origin":1908,"position":2},"title":"Campus VII &#8211; Patos","author":"coeluepb","date":"2 de mar\u00e7o de 2017","format":false,"excerpt":"KARAT\u00ca Segundas, quartas e sextas-feiras Hor\u00e1rio: 20h \u00e0s 22h","rel":"","context":"Post similar","block_context":{"text":"Post similar","link":""},"img":{"alt_text":"","src":"","width":0,"height":0},"classes":[]},{"id":846,"url":"https:\/\/coordenadorias.uepb.edu.br\/coel\/campus-viii-araruna\/","url_meta":{"origin":1908,"position":3},"title":"Campus VIII &#8211; Araruna","author":"coeluepb","date":"2 de mar\u00e7o de 2017","format":false,"excerpt":"JUD\u00d4 - Ter\u00e7as e quintas-feiras |Local - 2\u00b0 andar do pr\u00e9dio de Engenharia L 02 - Hor\u00e1rio: das 20h \u00e0s 22h Extensionista: Elcides Nascimento","rel":"","context":"Post similar","block_context":{"text":"Post similar","link":""},"img":{"alt_text":"","src":"","width":0,"height":0},"classes":[]},{"id":55,"url":"https:\/\/coordenadorias.uepb.edu.br\/coel\/equipe\/","url_meta":{"origin":1908,"position":4},"title":"Equipe","author":"martinho","date":"13 de fevereiro de 2014","format":false,"excerpt":"Pr\u00f3-Reitora Estudantil - Prof\u00aa. N\u00fabia do Nascimento Martins Pr\u00f3-Reitor Estudantil Adjunto - Assistente Social Andr\u00e9 Barbosa Carneiro Coordenador de Esporte e Lazer - Prof. Jos\u00e9 Eug\u00eanio Eloi Moura Equipe de apoio CAMPUS I - Prof\u00aa. Roseane Barros da Silva \/ Prof. Giovani Montinni Bas\u00edlio da Silva CAMPUS IV - CATOL\u00c9\u2026","rel":"","context":"Post similar","block_context":{"text":"Post similar","link":""},"img":{"alt_text":"","src":"","width":0,"height":0},"classes":[]},{"id":51,"url":"https:\/\/coordenadorias.uepb.edu.br\/coel\/apresentacao\/","url_meta":{"origin":1908,"position":5},"title":"Sobre","author":"martinho","date":"30 de julho de 2019","format":false,"excerpt":"[vc_row gap=\"30\" equal_height=\"yes\"][vc_column width=\"2\/3\" el_class=\"conf-azul\"][vc_text_separator title=\"COEL\" i_icon_fontawesome=\"fas fa-running\" i_color=\"custom\" title_align=\"separator_align_left\" add_icon=\"true\" i_custom_color=\"#2d95bf\"][vc_column_text]Ofertamos uma Pol\u00edtica de Esporte e Lazer na UEPB para o corpo discente, docente e t\u00e9cnico administrativo, assim como a comunidade em geral, atrav\u00e9s da estrutura\u00e7\u00e3o de metas (de curto, m\u00e9dio e longo prazo), princ\u00edpios e a\u00e7\u00f5es estrat\u00e9gicas com\u2026","rel":"","context":"Post similar","block_context":{"text":"Post similar","link":""},"img":{"alt_text":"","src":"","width":0,"height":0},"classes":[]}],"_links":{"self":[{"href":"https:\/\/coordenadorias.uepb.edu.br\/coel\/wp-json\/wp\/v2\/pages\/1908","targetHints":{"allow":["GET"]}}],"collection":[{"href":"https:\/\/coordenadorias.uepb.edu.br\/coel\/wp-json\/wp\/v2\/pages"}],"about":[{"href":"https:\/\/coordenadorias.uepb.edu.br\/coel\/wp-json\/wp\/v2\/types\/page"}],"author":[{"embeddable":true,"href":"https:\/\/coordenadorias.uepb.edu.br\/coel\/wp-json\/wp\/v2\/users\/12"}],"replies":[{"embeddable":true,"href":"https:\/\/coordenadorias.uepb.edu.br\/coel\/wp-json\/wp\/v2\/comments?post=1908"}],"version-history":[{"count":5,"href":"https:\/\/coordenadorias.uepb.edu.br\/coel\/wp-json\/wp\/v2\/pages\/1908\/revisions"}],"predecessor-version":[{"id":2358,"href":"https:\/\/coordenadorias.uepb.edu.br\/coel\/wp-json\/wp\/v2\/pages\/1908\/revisions\/2358"}],"wp:attachment":[{"href":"https:\/\/coordenadorias.uepb.edu.br\/coel\/wp-json\/wp\/v2\/media?parent=1908"}],"curies":[{"name":"wp","href":"https:\/\/api.w.org\/{rel}","templated":true}]}}