{"id":1845,"date":"2019-04-03T10:53:33","date_gmt":"2019-04-03T13:53:33","guid":{"rendered":"https:\/\/coordenadorias.uepb.edu.br\/coel\/?page_id=1845"},"modified":"2024-09-23T13:24:14","modified_gmt":"2024-09-23T16:24:14","slug":"liga-uepb-de-futsal-2022","status":"publish","type":"page","link":"https:\/\/coordenadorias.uepb.edu.br\/coel\/liga-uepb-de-futsal-2022\/","title":{"rendered":"JOGOS UEPB 2024"},"content":{"rendered":"<div class=\"wpb-content-wrapper\"><p>[vc_row gap=&#8221;30&#8243;][vc_column width=&#8221;1\/6&#8243;][vc_single_image image=&#8221;3262&#8243; img_size=&#8221;82&#215;156&#8243; alignment=&#8221;center&#8221;][\/vc_column][vc_column width=&#8221;5\/6&#8243; el_class=&#8221;conf-azul&#8221; css=&#8221;.vc_custom_1651593012334{padding-bottom: 30px !important;}&#8221;][vc_column_text css_animation=&#8221;none&#8221;]<\/p>\n<ul>\n<li><a href=\"https:\/\/drive.google.com\/file\/d\/1L1o6QGGali1bE-ERSVmhZ2B4gGjOd4e6\/view\" target=\"_blank\" rel=\"noopener\">Regulamento Geral (JoU &#8211; 2024)<\/a><\/li>\n<li>Etapa &#8211; Seletivas (01 a 26 de agosto &#8211; interna Campus\/Centros)<\/li>\n<li>Etapa FINAL\u00a0 (24, 25 e 26 de setembro &#8211; Campina Grande-PB)<br \/>\n<a href=\"https:\/\/drive.google.com\/file\/d\/1ojGVeqCo1ZOKwEoQbYQ1PddhFdyv8nO9\/view\" target=\"_blank\" rel=\"noopener\"><strong>&#8211; Informes Gerais e Boletins<\/strong><\/a><\/li>\n<\/ul>\n<p>[\/vc_column_text][\/vc_column][\/vc_row][vc_row][vc_column][\/vc_column][\/vc_row]<\/p>\n<\/div>","protected":false},"excerpt":{"rendered":"<p>[vc_row gap=&#8221;30&#8243;][vc_column width=&#8221;1\/6&#8243;][vc_single_image image=&#8221;3262&#8243; img_size=&#8221;82&#215;156&#8243; alignment=&#8221;center&#8221;][\/vc_column][vc_column width=&#8221;5\/6&#8243; el_class=&#8221;conf-azul&#8221; css=&#8221;.vc_custom_1651593012334{padding-bottom: 30px !important;}&#8221;][vc_column_text css_animation=&#8221;none&#8221;] Regulamento Geral (JoU &#8211; 2024) Etapa &#8211; Seletivas (01 a 26 de agosto &#8211; interna Campus\/Centros) Etapa FINAL\u00a0 (24, 25 e 26 de setembro &#8211; Campina Grande-PB) &#8211; Informes Gerais e Boletins [\/vc_column_text][\/vc_column][\/vc_row][vc_row][vc_column][\/vc_column][\/vc_row]<\/p>\n","protected":false},"author":12,"featured_media":3337,"parent":0,"menu_order":0,"comment_status":"closed","ping_status":"closed","template":"","meta":{"jetpack_post_was_ever_published":false,"footnotes":""},"class_list":["post-1845","page","type-page","status-publish","has-post-thumbnail","hentry"],"jetpack_sharing_enabled":true,"jetpack_shortlink":"https:\/\/wp.me\/P7wERl-tL","jetpack-related-posts":[{"id":1753,"url":"https:\/\/coordenadorias.uepb.edu.br\/coel\/etapa-nacional\/","url_meta":{"origin":1845,"position":0},"title":"Etapa Nacional 2021","author":"coeluepb","date":"10 de outubro de 2018","format":false,"excerpt":"De 10 a 18 de outubro de 2021 Local: Bras\u00edlia\/DF \u00a0","rel":"","context":"Post similar","block_context":{"text":"Post similar","link":""},"img":{"alt_text":"","src":"https:\/\/i0.wp.com\/coordenadorias.uepb.edu.br\/coel\/wp-content\/uploads\/sites\/2\/2022\/01\/WhatsApp-Image-2021-10-17-at-10.25.49-1.jpeg?resize=350%2C200","width":350,"height":200,"srcset":"https:\/\/i0.wp.com\/coordenadorias.uepb.edu.br\/coel\/wp-content\/uploads\/sites\/2\/2022\/01\/WhatsApp-Image-2021-10-17-at-10.25.49-1.jpeg?resize=350%2C200 1x, https:\/\/i0.wp.com\/coordenadorias.uepb.edu.br\/coel\/wp-content\/uploads\/sites\/2\/2022\/01\/WhatsApp-Image-2021-10-17-at-10.25.49-1.jpeg?resize=525%2C300 1.5x, https:\/\/i0.wp.com\/coordenadorias.uepb.edu.br\/coel\/wp-content\/uploads\/sites\/2\/2022\/01\/WhatsApp-Image-2021-10-17-at-10.25.49-1.jpeg?resize=700%2C400 2x, https:\/\/i0.wp.com\/coordenadorias.uepb.edu.br\/coel\/wp-content\/uploads\/sites\/2\/2022\/01\/WhatsApp-Image-2021-10-17-at-10.25.49-1.jpeg?resize=1050%2C600 3x, https:\/\/i0.wp.com\/coordenadorias.uepb.edu.br\/coel\/wp-content\/uploads\/sites\/2\/2022\/01\/WhatsApp-Image-2021-10-17-at-10.25.49-1.jpeg?resize=1400%2C800 4x"},"classes":[]},{"id":2501,"url":"https:\/\/coordenadorias.uepb.edu.br\/coel\/jubs_2021_etapa-estadual_uepb\/","url_meta":{"origin":1845,"position":1},"title":"Etapa Estadual 2021","author":"coeluepb","date":"31 de agosto de 2021","format":false,"excerpt":"PREMIA\u00c7\u00c3O ETAPA ESTADUAL JUBS 2021 - Campina Grande. CONVOCA\u00c7\u00c3O DAS MODALIDADES COLETIVAS E INDIVIDUAIS JUBS BSB 2021","rel":"","context":"Post similar","block_context":{"text":"Post similar","link":""},"img":{"alt_text":"","src":"https:\/\/i0.wp.com\/coordenadorias.uepb.edu.br\/coel\/wp-content\/uploads\/sites\/2\/2021\/09\/2-1.png?resize=350%2C200","width":350,"height":200,"srcset":"https:\/\/i0.wp.com\/coordenadorias.uepb.edu.br\/coel\/wp-content\/uploads\/sites\/2\/2021\/09\/2-1.png?resize=350%2C200 1x, https:\/\/i0.wp.com\/coordenadorias.uepb.edu.br\/coel\/wp-content\/uploads\/sites\/2\/2021\/09\/2-1.png?resize=525%2C300 1.5x, https:\/\/i0.wp.com\/coordenadorias.uepb.edu.br\/coel\/wp-content\/uploads\/sites\/2\/2021\/09\/2-1.png?resize=700%2C400 2x, https:\/\/i0.wp.com\/coordenadorias.uepb.edu.br\/coel\/wp-content\/uploads\/sites\/2\/2021\/09\/2-1.png?resize=1050%2C600 3x"},"classes":[]},{"id":2399,"url":"https:\/\/coordenadorias.uepb.edu.br\/coel\/jubs\/","url_meta":{"origin":1845,"position":2},"title":"JUBs 2021","author":"coeluepb","date":"19 de janeiro de 2021","format":false,"excerpt":"[vc_row el_class=\"conf-azul\" css=\".vc_custom_1651600964521{padding-bottom: 30px !important;}\"][vc_column css=\".vc_custom_1651600987264{padding-bottom: 30px !important;}\"][vc_column_text] CONVOCA\u00c7\u00c3O DAS MODALIDADES COLETIVAS E INDIVIDUAIS JUBS BSB 2021 RELA\u00c7\u00c3O PARA PREMIA\u00c7AO ETAPA ESTADUAL JUBS 2021 - Campina Grande. [\/vc_column_text][\/vc_column][\/vc_row]","rel":"","context":"Post similar","block_context":{"text":"Post similar","link":""},"img":{"alt_text":"","src":"","width":0,"height":0},"classes":[]},{"id":1989,"url":"https:\/\/coordenadorias.uepb.edu.br\/coel\/judocas-da-uepb-conquistam-medalhas-de-ouro-em-competicao-regional-e-garantem-vaga-no-jubs-2019\/","url_meta":{"origin":1845,"position":3},"title":"Judocas da UEPB conquistam medalhas de ouro em competi\u00e7\u00e3o regional e garantem vaga no JUBs 2019","author":"coeluepb","date":"16 de maio de 2019","format":false,"excerpt":"Compartilhe isso: Clique para compartilhar no Facebook(abre em nova janela) Clique para compartilhar no WhatsApp(abre em nova janela) Clique para compartilhar no Twitter(abre em nova janela) Clique para compartilhar no Pinterest(abre em nova janela) Clique para compartilhar no Tumblr(abre em nova janela) Clique para compartilhar no Reddit(abre em nova janela)\u2026","rel":"","context":"Post similar","block_context":{"text":"Post similar","link":""},"img":{"alt_text":"","src":"","width":0,"height":0},"classes":[]}],"_links":{"self":[{"href":"https:\/\/coordenadorias.uepb.edu.br\/coel\/wp-json\/wp\/v2\/pages\/1845","targetHints":{"allow":["GET"]}}],"collection":[{"href":"https:\/\/coordenadorias.uepb.edu.br\/coel\/wp-json\/wp\/v2\/pages"}],"about":[{"href":"https:\/\/coordenadorias.uepb.edu.br\/coel\/wp-json\/wp\/v2\/types\/page"}],"author":[{"embeddable":true,"href":"https:\/\/coordenadorias.uepb.edu.br\/coel\/wp-json\/wp\/v2\/users\/12"}],"replies":[{"embeddable":true,"href":"https:\/\/coordenadorias.uepb.edu.br\/coel\/wp-json\/wp\/v2\/comments?post=1845"}],"version-history":[{"count":123,"href":"https:\/\/coordenadorias.uepb.edu.br\/coel\/wp-json\/wp\/v2\/pages\/1845\/revisions"}],"predecessor-version":[{"id":3341,"href":"https:\/\/coordenadorias.uepb.edu.br\/coel\/wp-json\/wp\/v2\/pages\/1845\/revisions\/3341"}],"wp:featuredmedia":[{"embeddable":true,"href":"https:\/\/coordenadorias.uepb.edu.br\/coel\/wp-json\/wp\/v2\/media\/3337"}],"wp:attachment":[{"href":"https:\/\/coordenadorias.uepb.edu.br\/coel\/wp-json\/wp\/v2\/media?parent=1845"}],"curies":[{"name":"wp","href":"https:\/\/api.w.org\/{rel}","templated":true}]}}