{"id":1719,"date":"2018-09-24T16:35:23","date_gmt":"2018-09-24T19:35:23","guid":{"rendered":"https:\/\/coordenadorias.uepb.edu.br\/coel\/?page_id=1719"},"modified":"2024-11-05T15:53:01","modified_gmt":"2024-11-05T18:53:01","slug":"atividades_de_extensao_coeluepb","status":"publish","type":"page","link":"https:\/\/coordenadorias.uepb.edu.br\/coel\/atividades_de_extensao_coeluepb\/","title":{"rendered":"Atividades Extens\u00e3o 2024 &#8211; UEPB CAMPUS I"},"content":{"rendered":"<div class=\"wpb-content-wrapper\"><p>[vc_row][vc_column][vc_text_separator title=&#8221;Projeto ESPORTE E LAZER PARA TODOS | @esporteelazeruepb&#8221; i_icon_fontawesome=&#8221;fas fa-running&#8221; i_color=&#8221;custom&#8221; title_align=&#8221;separator_align_left&#8221; align=&#8221;align_left&#8221; add_icon=&#8221;true&#8221; i_custom_color=&#8221;#2d95bf&#8221;][\/vc_column][\/vc_row][vc_row gap=&#8221;30&#8243; equal_height=&#8221;yes&#8221;][vc_column width=&#8221;1\/3&#8243; el_class=&#8221;conf-azul&#8221;][vc_text_separator title=&#8221;MUSCULA\u00c7\u00c3O&#8221; title_align=&#8221;separator_align_left&#8221;][vc_column_text]<\/p>\n<pre><strong>Dias: <\/strong>Segunda a quinta-feira\r\n<strong>Local:<\/strong> sala de muscula\u00e7\u00e3o do DEF\/UEPB\r\n<strong>HOR\u00c1RIO - <\/strong>12h \u00e0s 13h\r\n<strong>Extensionista:\r\n<\/strong>Allenbert N\u00f3brega\/Diego Augusto\r\n\r\n<strong>HOR\u00c1RIO: 17h \u00e0s 18h\r\nExtensionistas: <\/strong><\/pre>\n<p>[\/vc_column_text][\/vc_column][vc_column width=&#8221;1\/3&#8243;][vc_text_separator title=&#8221;DAN\u00c7A E RITMOS&#8221; title_align=&#8221;separator_align_left&#8221;][vc_column_text]<\/p>\n<pre><strong>Dias:<\/strong> Segundas e quartas-feiras\r\n<strong>Hor\u00e1rio:<\/strong> 17h \u00e0s 18h\r\n<strong>Local: <\/strong>Sala de Dan\u00e7a DEF\/UEPB<strong>\r\nExtensionista: <\/strong><\/pre>\n<p>[\/vc_column_text][\/vc_column][vc_column width=&#8221;1\/3&#8243;][vc_text_separator title=&#8221;FUNCIONAL&#8221; title_align=&#8221;separator_align_left&#8221;][vc_column_text]<\/p>\n<pre><strong>Dias: <\/strong>Ter\u00e7as e quintas-feiras\r\n<strong>Hor\u00e1rios: <\/strong>16h30 \u00e0s 17h30<strong>\r\nLocal:<\/strong> quadra externa DEF\r\n<strong>Extensionistas: <\/strong>Ellen Mac\u00eado\/Ismael Sousa\r\n\r\n<\/pre>\n<p>[\/vc_column_text][\/vc_column][\/vc_row][vc_row gap=&#8221;30&#8243; equal_height=&#8221;yes&#8221;][vc_column width=&#8221;1\/3&#8243; el_class=&#8221;conf-azul&#8221;][vc_text_separator title=&#8221;MUAY THAI&#8221; title_align=&#8221;separator_align_left&#8221;][vc_column_text]<\/p>\n<pre><strong>Dias: <\/strong>Segundas e sextas-feiras<strong>\r\nHor\u00e1rio: <\/strong>13h \u00e0s 14h - 11h30 \u00e0s 12h30<strong>\r\nLocal: <\/strong>sala de dan\u00e7a\/lutas DEF\/UEPB<strong>\r\nExtensionista: <\/strong>Jaine Vasconcelos<\/pre>\n<p>[\/vc_column_text][\/vc_column][vc_column width=&#8221;1\/3&#8243;][vc_text_separator title=&#8221;BOXE FUNCIONAL&#8221; title_align=&#8221;separator_align_left&#8221;][vc_column_text]<\/p>\n<pre><strong>Dias:<\/strong> Segundas--feiras\r\n<strong>Hor\u00e1rio: <\/strong>12h \u00e0s 13h\r\n<strong>Local:<\/strong> sala de dan\u00e7a\/lutas DEF\/UEPB\r\n<strong>Extensionistas: <\/strong>Richelly Weslley<\/pre>\n<p>[\/vc_column_text][\/vc_column][vc_column width=&#8221;1\/3&#8243;][vc_text_separator title=&#8221;JIU-ITSU&#8221; title_align=&#8221;separator_align_left&#8221;][vc_column_text]<\/p>\n<pre><strong>Dias: <\/strong>Segundas e quartas-feiras\r\n<strong>Hor\u00e1rio: <\/strong>12h \u00e0s 13h\r\n<strong>Local: <\/strong>sala de Lutas do DEF\/UEPB \r\n<strong>Extensionista: <\/strong>Jo\u00e3o Savyo<\/pre>\n<p>[\/vc_column_text][\/vc_column][\/vc_row][vc_row gap=&#8221;30&#8243; equal_height=&#8221;yes&#8221;][vc_column width=&#8221;1\/3&#8243; el_class=&#8221;conf-azul&#8221;][vc_text_separator title=&#8221;VOLEIBOL&#8221; title_align=&#8221;separator_align_left&#8221;][vc_column_text]<\/p>\n<pre><strong>Dias: <\/strong>Sextas-feiras\r\n<strong>Hor\u00e1rio: <\/strong>17h \u00e0s 20h\r\n<strong>Local: <\/strong>Quadra do DEF\/UEPB\r\n<strong>Extensionistas: <\/strong>Rafael J\u00falio\/ Maria Nadhine<\/pre>\n<p>[\/vc_column_text][\/vc_column][vc_column width=&#8221;1\/3&#8243;][vc_text_separator title=&#8221;FUTSAL FEMININO&#8221; title_align=&#8221;separator_align_left&#8221;][vc_column_text]<\/p>\n<pre><strong>Dias:<\/strong> Segunda e quarta-feira\r\n<strong>Hor\u00e1rio:<\/strong> 11:30 \u00e0s 13h\r\n<strong>Local:<\/strong> Quadra do DEF\/UEPB\r\n<strong>Extensionista: <\/strong>Arthur Gustavo \/ C\u00e9sar Candido<\/pre>\n<p>[\/vc_column_text][\/vc_column][vc_column width=&#8221;1\/3&#8243;][vc_text_separator title=&#8221;BASQUETEBOL&#8221; title_align=&#8221;separator_align_left&#8221;][vc_column_text]<\/p>\n<pre><strong>Dias: <\/strong>Quartas-feiras\r\n<strong>Hor\u00e1rio: <\/strong>20h \u00e0s 22h\r\n<strong>Local: <\/strong>quadra do DEF\/UEPB \r\n<strong>Extensionista: <\/strong>Isaac Bruno<\/pre>\n<p>[\/vc_column_text][\/vc_column][\/vc_row][vc_row gap=&#8221;30&#8243; equal_height=&#8221;yes&#8221;][vc_column][vc_text_separator title=&#8221;PARCEIROS&#8221; i_icon_fontawesome=&#8221;far fa-handshake&#8221; i_color=&#8221;custom&#8221; title_align=&#8221;separator_align_left&#8221; align=&#8221;align_left&#8221; add_icon=&#8221;true&#8221; i_custom_color=&#8221;#2d95bf&#8221;][\/vc_column][vc_column width=&#8221;1\/3&#8243;][vc_text_separator title=&#8221;JUD\u00d4 UEPB&#8221; title_align=&#8221;separator_align_left&#8221;][vc_column_text]<\/p>\n<pre><strong>Dias:<\/strong> Ter\/Qui\r\n<strong>Hor\u00e1rio:<\/strong> 11h \u00e0s 13h\r\n<strong>Local:<\/strong> Sala de Jud\u00f4\/DEF\/UEPB\r\n<strong>Extensionista<\/strong>: Maike Silva\r\n<strong>Respons\u00e1vel:<\/strong> Sensei Ado Marcelo\r\nInstagram: <a href=\"https:\/\/www.instagram.com\/judouepb\/?hl=pt-br\">@judouepb<\/a><\/pre>\n<p>[\/vc_column_text][\/vc_column][vc_column width=&#8221;1\/3&#8243;][vc_text_separator title=&#8221;KENDO UEPB&#8221; title_align=&#8221;separator_align_left&#8221;][vc_column_text]<\/p>\n<pre><strong>Dias: <\/strong>Ter\u00e7as-feiras\r\n<strong>Hor\u00e1rio:<\/strong> 17h \u00e0s 19h\r\n<strong>Local: <\/strong>gin\u00e1sio DEF\/UEPB \r\n<strong>Respons\u00e1vel:<\/strong> Irenilda Medeiros\/I\u00eado Junior\r\nInstagram: <a href=\"https:\/\/www.instagram.com\/kendocampinagrande\/\" target=\"_blank\" rel=\"noopener\">@kendocampinagrande<\/a><\/pre>\n<p>[\/vc_column_text][\/vc_column][vc_column width=&#8221;1\/3&#8243;][vc_text_separator title=&#8221;UEPB RUGBY&#8221; title_align=&#8221;separator_align_left&#8221;][vc_column_text]<\/p>\n<pre><strong>Dias:<\/strong> S\u00e1bados\r\n<strong>Hor\u00e1rio:<\/strong> 14h \u00e0s 18h\r\n<strong>Local:<\/strong> DEF UEPB\r\n<strong>Respons\u00e1vel:<\/strong> Luan de Souto\r\n<strong>Instagram: <\/strong><a href=\"https:\/\/www.instagram.com\/uepbrugby\/\">@uepbrugby\/<\/a><a href=\"https:\/\/www.instagram.com\/uepbrugby\/?hl=pt-br\" target=\"_blank\" rel=\"noopener\">@uepbrugby<\/a><\/pre>\n<p>[\/vc_column_text][\/vc_column][\/vc_row]<\/p>\n<\/div>","protected":false},"excerpt":{"rendered":"<p>[vc_row][vc_column][vc_text_separator title=&#8221;Projeto ESPORTE E LAZER PARA TODOS | @esporteelazeruepb&#8221; i_icon_fontawesome=&#8221;fas fa-running&#8221; i_color=&#8221;custom&#8221; title_align=&#8221;separator_align_left&#8221; align=&#8221;align_left&#8221; add_icon=&#8221;true&#8221; i_custom_color=&#8221;#2d95bf&#8221;][\/vc_column][\/vc_row][vc_row gap=&#8221;30&#8243; equal_height=&#8221;yes&#8221;][vc_column width=&#8221;1\/3&#8243; el_class=&#8221;conf-azul&#8221;][vc_text_separator title=&#8221;MUSCULA\u00c7\u00c3O&#8221; title_align=&#8221;separator_align_left&#8221;][vc_column_text] Dias: Segunda a quinta-feira Local: sala de muscula\u00e7\u00e3o do DEF\/UEPB HOR\u00c1RIO &#8211; 12h \u00e0s 13h Extensionista: Allenbert N\u00f3brega\/Diego Augusto HOR\u00c1RIO: 17h \u00e0s 18h Extensionistas: [\/vc_column_text][\/vc_column][vc_column width=&#8221;1\/3&#8243;][vc_text_separator title=&#8221;DAN\u00c7A E RITMOS&#8221; title_align=&#8221;separator_align_left&#8221;][vc_column_text] Dias: Segundas e <a class=\"leiamais\" href=\"https:\/\/coordenadorias.uepb.edu.br\/coel\/atividades_de_extensao_coeluepb\/\">Leia Mais&#8230;<\/a><\/p>\n","protected":false},"author":12,"featured_media":0,"parent":0,"menu_order":0,"comment_status":"closed","ping_status":"closed","template":"","meta":{"jetpack_post_was_ever_published":false,"footnotes":""},"class_list":["post-1719","page","type-page","status-publish","hentry"],"jetpack_sharing_enabled":true,"jetpack_shortlink":"https:\/\/wp.me\/P7wERl-rJ","jetpack-related-posts":[{"id":3433,"url":"https:\/\/coordenadorias.uepb.edu.br\/coel\/complexo-esportivo-def-uepb\/","url_meta":{"origin":1719,"position":0},"title":"COMPLEXO ESPORTIVO DEF\/UEPB","author":"coeluepb","date":"9 de fevereiro de 2026","format":false,"excerpt":"[vc_row][vc_column][vc_separator css=\"\"][vc_column_text css=\"\"] COMO SOLICITAR USO DOS ESPA\u00c7OS DEF\/UEPB DOCUMETA\u00c7\u00c3O GERAL Regimento - Pista de atletismo DEF\/UEPB Termo de uso das Instala\u00e7\u00f5es do DEF\/UEPB Termo de Autoriza\u00e7\u00e3o Provis\u00f3ria de uso de Espa\u00e7o P\u00fablico Portaria valores referentes \u00e0 utiliza\u00e7\u00e3o de espa\u00e7os de uso transit\u00f3rio com \u201cAutoriza\u00e7\u00e3o de uso\u201d e \u201cPermiss\u00e3o de\u2026","rel":"","context":"Post similar","block_context":{"text":"Post similar","link":""},"img":{"alt_text":"","src":"https:\/\/i0.wp.com\/coordenadorias.uepb.edu.br\/coel\/wp-content\/uploads\/sites\/2\/2026\/04\/WhatsApp-Image-2026-04-29-at-08.14.19-e1777462522611.jpeg?fit=1200%2C240&ssl=1&resize=350%2C200","width":350,"height":200,"srcset":"https:\/\/i0.wp.com\/coordenadorias.uepb.edu.br\/coel\/wp-content\/uploads\/sites\/2\/2026\/04\/WhatsApp-Image-2026-04-29-at-08.14.19-e1777462522611.jpeg?fit=1200%2C240&ssl=1&resize=350%2C200 1x, https:\/\/i0.wp.com\/coordenadorias.uepb.edu.br\/coel\/wp-content\/uploads\/sites\/2\/2026\/04\/WhatsApp-Image-2026-04-29-at-08.14.19-e1777462522611.jpeg?fit=1200%2C240&ssl=1&resize=525%2C300 1.5x, https:\/\/i0.wp.com\/coordenadorias.uepb.edu.br\/coel\/wp-content\/uploads\/sites\/2\/2026\/04\/WhatsApp-Image-2026-04-29-at-08.14.19-e1777462522611.jpeg?fit=1200%2C240&ssl=1&resize=700%2C400 2x, https:\/\/i0.wp.com\/coordenadorias.uepb.edu.br\/coel\/wp-content\/uploads\/sites\/2\/2026\/04\/WhatsApp-Image-2026-04-29-at-08.14.19-e1777462522611.jpeg?fit=1200%2C240&ssl=1&resize=1050%2C600 3x"},"classes":[]},{"id":832,"url":"https:\/\/coordenadorias.uepb.edu.br\/coel\/campus-iv-catole-do-rocha\/","url_meta":{"origin":1719,"position":1},"title":"Campus IV &#8211; Catol\u00e9 do Rocha","author":"coeluepb","date":"2 de mar\u00e7o de 2017","format":false,"excerpt":"Jiu-Jitsu Dias: Hor\u00e1rio: Local: Respons\u00e1vel: Academia de MUSCULA\u00c7\u00c3O\u00a0(SUSPENSO) Dias: Hor\u00e1rio: Local: Respons\u00e1vel: \u00a0 \u00a0 \u00a0 \u00a0 \u00a0","rel":"","context":"Post similar","block_context":{"text":"Post similar","link":""},"img":{"alt_text":"","src":"","width":0,"height":0},"classes":[]},{"id":846,"url":"https:\/\/coordenadorias.uepb.edu.br\/coel\/campus-viii-araruna\/","url_meta":{"origin":1719,"position":2},"title":"Campus VIII &#8211; Araruna","author":"coeluepb","date":"2 de mar\u00e7o de 2017","format":false,"excerpt":"JUD\u00d4 - Ter\u00e7as e quintas-feiras |Local - 2\u00b0 andar do pr\u00e9dio de Engenharia L 02 - Hor\u00e1rio: das 20h \u00e0s 22h Extensionista: Elcides Nascimento","rel":"","context":"Post similar","block_context":{"text":"Post similar","link":""},"img":{"alt_text":"","src":"","width":0,"height":0},"classes":[]},{"id":79,"url":"https:\/\/coordenadorias.uepb.edu.br\/coel\/projetos\/","url_meta":{"origin":1719,"position":3},"title":"Projetos","author":"martinho","date":"7 de mar\u00e7o de 2014","format":false,"excerpt":"[vc_row gap=\"30\" equal_height=\"yes\" el_class=\"conf-azul\"][vc_column width=\"1\/3\"][vc_text_separator title=\"Esporte e Lazer para Todos\" title_align=\"separator_align_left\" css=\"\"][vc_single_image image=\"2823\" alignment=\"center\"][vc_column_text]Projeto de extens\u00e3o que incentiva a pr\u00e1tica de atividades esportivas e de lazer no tempo livre de discentes, servidores da UEPB e comunidade em geral, atrav\u00e9s de diversas modalidades, tais quais: Jud\u00f4, Kendo, Jiu-Jitsu, Boxe funcional, Muay\u2026","rel":"","context":"Post similar","block_context":{"text":"Post similar","link":""},"img":{"alt_text":"","src":"","width":0,"height":0},"classes":[]},{"id":2857,"url":"https:\/\/coordenadorias.uepb.edu.br\/coel\/jubs-2026\/","url_meta":{"origin":1719,"position":4},"title":"JUBs 2026","author":"coeluepb","date":"3 de maio de 2022","format":false,"excerpt":"[vc_row][vc_column el_class=\"conf-azul\" css=\".vc_custom_1651579261317{padding-bottom: 50px !important;}\"][vc_text_separator title=\"Jogos Universit\u00e1rios Brasileiros\" i_icon_fontawesome=\"fas fa-volleyball-ball\" i_color=\"custom\" title_align=\"separator_align_left\" add_icon=\"true\" i_custom_color=\"#2d95bf\"][vc_column_text css=\"\"]INFORMA\u00c7\u00d5ES SOBRE OS JOGOS UNIVERSIT\u00c1RIOS PARAIBANO E BRASILEIRO Calend\u00e1rio FPDA 2026 UEPB - JUPs Praia: Lista de inscritos e resultado - UEPB - JUPs Praia 2026 Lista dos selecionados UEPB - JUPs eSports: Link das inscri\u00e7\u00f5es\u2026","rel":"","context":"Post similar","block_context":{"text":"Post similar","link":""},"img":{"alt_text":"","src":"","width":0,"height":0},"classes":[]},{"id":842,"url":"https:\/\/coordenadorias.uepb.edu.br\/coel\/campus-vii-patos\/","url_meta":{"origin":1719,"position":5},"title":"Campus VII &#8211; Patos","author":"coeluepb","date":"2 de mar\u00e7o de 2017","format":false,"excerpt":"KARAT\u00ca Segundas, quartas e sextas-feiras Hor\u00e1rio: 20h \u00e0s 22h","rel":"","context":"Post similar","block_context":{"text":"Post similar","link":""},"img":{"alt_text":"","src":"","width":0,"height":0},"classes":[]}],"_links":{"self":[{"href":"https:\/\/coordenadorias.uepb.edu.br\/coel\/wp-json\/wp\/v2\/pages\/1719","targetHints":{"allow":["GET"]}}],"collection":[{"href":"https:\/\/coordenadorias.uepb.edu.br\/coel\/wp-json\/wp\/v2\/pages"}],"about":[{"href":"https:\/\/coordenadorias.uepb.edu.br\/coel\/wp-json\/wp\/v2\/types\/page"}],"author":[{"embeddable":true,"href":"https:\/\/coordenadorias.uepb.edu.br\/coel\/wp-json\/wp\/v2\/users\/12"}],"replies":[{"embeddable":true,"href":"https:\/\/coordenadorias.uepb.edu.br\/coel\/wp-json\/wp\/v2\/comments?post=1719"}],"version-history":[{"count":138,"href":"https:\/\/coordenadorias.uepb.edu.br\/coel\/wp-json\/wp\/v2\/pages\/1719\/revisions"}],"predecessor-version":[{"id":1920,"href":"https:\/\/coordenadorias.uepb.edu.br\/coel\/wp-json\/wp\/v2\/pages\/1719\/revisions\/1920"}],"wp:attachment":[{"href":"https:\/\/coordenadorias.uepb.edu.br\/coel\/wp-json\/wp\/v2\/media?parent=1719"}],"curies":[{"name":"wp","href":"https:\/\/api.w.org\/{rel}","templated":true}]}}