{"id":7,"date":"2016-07-22T08:23:02","date_gmt":"2016-07-22T11:23:02","guid":{"rendered":"https:\/\/coordenadorias.uepb.edu.br\/ciefam\/?page_id=7"},"modified":"2016-07-22T08:24:58","modified_gmt":"2016-07-22T11:24:58","slug":"sobre-a-ciefam","status":"publish","type":"page","link":"https:\/\/coordenadorias.uepb.edu.br\/ciefam\/sobre-a-ciefam\/","title":{"rendered":"Sobre a CIEFAM"},"content":{"rendered":"<p>O cen\u00e1rio contempor\u00e2neo, com suas complexidades e desafios, necessita cada vez mais de pol\u00edticas p\u00fablicas que contemplem processos de mudan\u00e7a, adapta\u00e7\u00e3o, desenvolvimento, autonomia, qualidade de vida e que garantam os direitos do cidad\u00e3o. Diante disto, a Universidade Estadual da Para\u00edba, atrav\u00e9s de seus cursos de gradua\u00e7\u00e3o, p\u00f3s-gradua\u00e7\u00e3o, programas e projetos, vem cumprindo com o compromisso e a responsabilidade social dedicados \u00e0 sociedade, visando n\u00e3o apenas a produ\u00e7\u00e3o do conhecimento, mas um aprendizado voltado para o desenvolvimento, a inclus\u00e3o social, o protagonismo, a amplia\u00e7\u00e3o e atualiza\u00e7\u00e3o dos saberes, promovendo no indiv\u00edduo um olhar ampliado e uma nova perspectiva acerca de si mesmo e da realidade que o cerca.<\/p>\n<p>Diante desta perspectiva, a Coordenadoria Institucional Especial para a Forma\u00e7\u00e3o Aberta \u00e0 Maturidade &#8211; CIEFAM foi criada, atrav\u00e9s da Resolu\u00e7\u00e3o\/UEPB\/ CONSUNI\/021\/2012, com o prop\u00f3sito de encampar a Universidade Aberta \u00e0 Maturidade \u2013 UAMA e todos os Programas Especiais voltados, exclusivamente, para o p\u00fablico idoso.<\/p>\n<p>Os Cursos, Programas e Projetos desenvolvidos atrav\u00e9s da CIEFAM possibilitam atividades que incluem ensino, pesquisa e extens\u00e3o, integrando idosos e equipe multidisciplinar composta por professores e acad\u00eamicos dos diversos departamentos, dos v\u00e1rios Campus da UEPB, bem como professores e profissionais de outras institui\u00e7\u00f5es, promovendo a conviv\u00eancia intergeracional, troca de experi\u00eancias, aprendizado em diversas \u00e1reas e inclus\u00e3o social, atuando como fator de integra\u00e7\u00e3o e de inclus\u00e3o da pessoa idosa \u00e0 vida acad\u00eamica e \u00e0 sociedade em geral, visando uma melhor Qualidade de Vida e o Envelhecimento Ativo e Bem Sucedido.<\/p>\n<p>Atualmente, os cursos, programas e projetos desenvolvidos pela CIEFAM s\u00e3o: UAMA, Grupo de Conviv\u00eancia, Minicursos, Oficinas, Palestras, e Projetos de Pesquisa e Extens\u00e3o.<\/p>\n","protected":false},"excerpt":{"rendered":"<p>O cen\u00e1rio contempor\u00e2neo, com suas complexidades e desafios, necessita cada vez mais de pol\u00edticas p\u00fablicas que contemplem processos de mudan\u00e7a, adapta\u00e7\u00e3o, desenvolvimento, autonomia, qualidade de vida e que garantam os direitos do cidad\u00e3o. Diante disto, a Universidade Estadual da Para\u00edba, atrav\u00e9s de seus cursos de gradua\u00e7\u00e3o, p\u00f3s-gradua\u00e7\u00e3o, programas e projetos, vem cumprindo com o compromisso <a class=\"leiamais\" href=\"https:\/\/coordenadorias.uepb.edu.br\/ciefam\/sobre-a-ciefam\/\">Leia Mais&#8230;<\/a><\/p>\n","protected":false},"author":1,"featured_media":0,"parent":0,"menu_order":0,"comment_status":"closed","ping_status":"closed","template":"","meta":{"footnotes":""},"class_list":["post-7","page","type-page","status-publish","hentry"],"jetpack_sharing_enabled":true,"jetpack_shortlink":"https:\/\/wp.me\/P7L2P6-7","jetpack-related-posts":[{"id":27,"url":"https:\/\/coordenadorias.uepb.edu.br\/ciefam\/minicursos-oficinas-e-palestras\/","url_meta":{"origin":7,"position":0},"title":"Minicursos, Oficinas e Palestras","author":"martinho","date":"22 de julho de 2016","format":false,"excerpt":"A dissemina\u00e7\u00e3o do conhecimento, atrav\u00e9s de minicursos, oficinas e palestras, \u00e9 mais um projeto desenvolvido pela CIEFAM para todo o p\u00fablico que deseja agregar informa\u00e7\u00f5es ao seu leque de aprendizado sobre aspectos do envelhecimento humano. Assim, com a realiza\u00e7\u00e3o de tais servi\u00e7os oferecidos no \u00e2mbito interno e externo a institui\u00e7\u00e3o,\u2026","rel":"","context":"Post similar","block_context":{"text":"Post similar","link":""},"img":{"alt_text":"","src":"","width":0,"height":0},"classes":[]},{"id":29,"url":"https:\/\/coordenadorias.uepb.edu.br\/ciefam\/projetos-de-pesquisa-e-extensao\/","url_meta":{"origin":7,"position":1},"title":"Projetos de Pesquisa e Extens\u00e3o","author":"martinho","date":"22 de julho de 2016","format":false,"excerpt":"Reconhecendo a import\u00e2ncia que os projetos de pesquisa e extens\u00e3o t\u00eam para o aprimoramento e avan\u00e7o da ci\u00eancia, a CIEFAM, atrav\u00e9s de seus docentes, oferece a oportunidade para a realiza\u00e7\u00e3o desses projetos para os discentes da UEPB.","rel":"","context":"Post similar","block_context":{"text":"Post similar","link":""},"img":{"alt_text":"","src":"","width":0,"height":0},"classes":[]},{"id":25,"url":"https:\/\/coordenadorias.uepb.edu.br\/ciefam\/grupo-de-convivencia\/","url_meta":{"origin":7,"position":2},"title":"Grupo de Conviv\u00eancia","author":"martinho","date":"22 de julho de 2016","format":false,"excerpt":"O Grupo de Conviv\u00eancia \u00e9 um projeto desenvolvido pela CIEFAM e foi criado para os alunos egressos da UAMA. Este se configurou como uma alternativa de continuidade aos amplos benef\u00edcios que os idosos obtiveram ao longo de sua forma\u00e7\u00e3o na UAMA, proporcionando um espa\u00e7o para reencontro, conv\u00edvio, aprendizagem e troca\u2026","rel":"","context":"Post similar","block_context":{"text":"Post similar","link":""},"img":{"alt_text":"","src":"","width":0,"height":0},"classes":[]},{"id":37,"url":"https:\/\/coordenadorias.uepb.edu.br\/ciefam\/equipe\/","url_meta":{"origin":7,"position":3},"title":"Equipe","author":"martinho","date":"22 de julho de 2016","format":false,"excerpt":"Coordenador da CIEFAM Prof. Dr. Manoel Freire de Oliveira Neto \u00a0 T\u00e9cnicos Administrativos Ana Luiza Morais de Azevedo Juliana Beserra Simpl\u00edcio Vital","rel":"","context":"Post similar","block_context":{"text":"Post similar","link":""},"img":{"alt_text":"","src":"","width":0,"height":0},"classes":[]},{"id":68,"url":"https:\/\/coordenadorias.uepb.edu.br\/ciefam\/fotos\/","url_meta":{"origin":7,"position":4},"title":"Fotos","author":"ciefamuama","date":"27 de julho de 2016","format":false,"excerpt":"teste","rel":"","context":"Post similar","block_context":{"text":"Post similar","link":""},"img":{"alt_text":"","src":"","width":0,"height":0},"classes":[]},{"id":126,"url":"https:\/\/coordenadorias.uepb.edu.br\/ciefam\/memoriais\/","url_meta":{"origin":7,"position":5},"title":"Memoriais","author":"ciefamuama","date":"12 de dezembro de 2018","format":false,"excerpt":"Conte\u00fado em breve...","rel":"","context":"Post similar","block_context":{"text":"Post similar","link":""},"img":{"alt_text":"","src":"","width":0,"height":0},"classes":[]}],"_links":{"self":[{"href":"https:\/\/coordenadorias.uepb.edu.br\/ciefam\/wp-json\/wp\/v2\/pages\/7","targetHints":{"allow":["GET"]}}],"collection":[{"href":"https:\/\/coordenadorias.uepb.edu.br\/ciefam\/wp-json\/wp\/v2\/pages"}],"about":[{"href":"https:\/\/coordenadorias.uepb.edu.br\/ciefam\/wp-json\/wp\/v2\/types\/page"}],"author":[{"embeddable":true,"href":"https:\/\/coordenadorias.uepb.edu.br\/ciefam\/wp-json\/wp\/v2\/users\/1"}],"replies":[{"embeddable":true,"href":"https:\/\/coordenadorias.uepb.edu.br\/ciefam\/wp-json\/wp\/v2\/comments?post=7"}],"version-history":[{"count":2,"href":"https:\/\/coordenadorias.uepb.edu.br\/ciefam\/wp-json\/wp\/v2\/pages\/7\/revisions"}],"predecessor-version":[{"id":9,"href":"https:\/\/coordenadorias.uepb.edu.br\/ciefam\/wp-json\/wp\/v2\/pages\/7\/revisions\/9"}],"wp:attachment":[{"href":"https:\/\/coordenadorias.uepb.edu.br\/ciefam\/wp-json\/wp\/v2\/media?parent=7"}],"curies":[{"name":"wp","href":"https:\/\/api.w.org\/{rel}","templated":true}]}}