{"id":40,"date":"2016-07-22T11:11:34","date_gmt":"2016-07-22T14:11:34","guid":{"rendered":"https:\/\/coordenadorias.uepb.edu.br\/ciefam\/?page_id=40"},"modified":"2021-11-30T10:07:59","modified_gmt":"2021-11-30T13:07:59","slug":"contatos","status":"publish","type":"page","link":"https:\/\/coordenadorias.uepb.edu.br\/ciefam\/contatos\/","title":{"rendered":"Contatos"},"content":{"rendered":"<p>Rua: Domitila Cabral de Castro, 225<\/p>\n<p>Bairro Universit\u00e1rio, Campina Grande- PB<\/p>\n<p>Tel: (83) 3344-5343<\/p>\n<p><a href=\"mailto:uama.ciefam@gmail.com\">uama.ciefam@gmail.com<\/a><\/p>\n","protected":false},"excerpt":{"rendered":"<p>Rua: Domitila Cabral de Castro, 225 Bairro Universit\u00e1rio, Campina Grande- PB Tel: (83) 3344-5343 uama.ciefam@gmail.com<\/p>\n","protected":false},"author":1,"featured_media":0,"parent":0,"menu_order":0,"comment_status":"closed","ping_status":"closed","template":"","meta":{"jetpack_post_was_ever_published":false,"footnotes":""},"class_list":["post-40","page","type-page","status-publish","hentry"],"jetpack_sharing_enabled":true,"jetpack_shortlink":"https:\/\/wp.me\/P7L2P6-E","jetpack-related-posts":[{"id":11,"url":"https:\/\/coordenadorias.uepb.edu.br\/ciefam\/sobre-a-uama\/","url_meta":{"origin":40,"position":0},"title":"Sobre a UAMA","author":"martinho","date":"22 de julho de 2016","format":false,"excerpt":"A Universidade Aberta \u00e0 Maturidade - UAMA tem como meta atender a demanda educativa de idosos a partir dos 60 (sessenta) anos de idade, contribuindo na melhoria das capacidades: pessoais, funcionais e s\u00f3cio-culturais, por meio da forma\u00e7\u00e3o e aten\u00e7\u00e3o social, que visa criar e dinamizar regularmente atividades educacionais, sociais, culturais\u2026","rel":"","context":"Post similar","block_context":{"text":"Post similar","link":""},"img":{"alt_text":"","src":"","width":0,"height":0},"classes":[]},{"id":223,"url":"https:\/\/coordenadorias.uepb.edu.br\/ciefam\/","url_meta":{"origin":40,"position":1},"title":"Home","author":"Thales Lacerda","date":"10 de maio de 2022","format":false,"excerpt":"[vc_row gap=\"30\" equal_height=\"yes\"][vc_column width=\"1\/2\" el_class=\"conf-azul\"][vc_text_separator title=\"Not\u00edcias\" i_icon_fontawesome=\"fas fa-newspaper\" i_color=\"custom\" title_align=\"separator_align_left\" add_icon=\"true\" i_custom_color=\"#2d95bf\"][\/vc_column][vc_column width=\"1\/2\" el_class=\"conf-azul\"][vc_text_separator title=\"V\u00eddeos\" i_icon_fontawesome=\"fas fa-video\" i_color=\"custom\" title_align=\"separator_align_left\" add_icon=\"true\" i_custom_color=\"#2d95bf\"][vc_row_inner][vc_column_inner width=\"1\/2\"][vc_column_text]Cola\u00e7\u00e3o de grau especial da UAMA\/UEPB[\/vc_column_text][vc_video link=\"https:\/\/www.youtube.com\/watch?v=8lZz3dnjLpY\"][\/vc_column_inner][vc_column_inner width=\"1\/2\"][vc_column_text]Solenidade de cola\u00e7\u00e3o de grau da UAMA[\/vc_column_text][vc_video link=\"https:\/\/www.youtube.com\/watch?v=iVYyrBGZFHU\"][\/vc_column_inner][\/vc_row_inner][vc_row_inner][vc_column_inner width=\"1\/2\"][vc_column_text]Uso de plantas medicinais \u00e9 debatido junto a alunos da UAMA[\/vc_column_text][vc_video link=\"https:\/\/www.youtube.com\/watch?v=Fww8-woSgWw\"][\/vc_column_inner][vc_column_inner width=\"1\/2\"][vc_column_text]UAMA celebra\u2026","rel":"","context":"Post similar","block_context":{"text":"Post similar","link":""},"img":{"alt_text":"","src":"","width":0,"height":0},"classes":[]},{"id":31,"url":"https:\/\/coordenadorias.uepb.edu.br\/ciefam\/equipe-docente\/","url_meta":{"origin":40,"position":2},"title":"Equipe Docente","author":"martinho","date":"22 de julho de 2016","format":false,"excerpt":"[vc_row el_class=\"conf-azul\"][vc_column][vc_column_text] ALMIRA LINS DE MEDEIROS \u2013 Departamento de Pedagogia \u2013 Campus I AUREN\u00cdSIA COUTINHO IVO - Departamento de Educa\u00e7\u00e3o - Campus III BELARMINO MARIANO NETO \u2013 Departamento de Geografia \u2013 Campus III BRENO DUTRA SERAFIM SOARES \u2013 Departamento de Filosofia e Ci\u00eancias Sociais \u2013 Campus I CAMILA FIRMINO DE\u2026","rel":"","context":"Post similar","block_context":{"text":"Post similar","link":""},"img":{"alt_text":"","src":"","width":0,"height":0},"classes":[]},{"id":25,"url":"https:\/\/coordenadorias.uepb.edu.br\/ciefam\/grupo-de-convivencia\/","url_meta":{"origin":40,"position":3},"title":"Grupo de Conviv\u00eancia","author":"martinho","date":"22 de julho de 2016","format":false,"excerpt":"O Grupo de Conviv\u00eancia \u00e9 um projeto desenvolvido pela CIEFAM e foi criado para os alunos egressos da UAMA. Este se configurou como uma alternativa de continuidade aos amplos benef\u00edcios que os idosos obtiveram ao longo de sua forma\u00e7\u00e3o na UAMA, proporcionando um espa\u00e7o para reencontro, conv\u00edvio, aprendizagem e troca\u2026","rel":"","context":"Post similar","block_context":{"text":"Post similar","link":""},"img":{"alt_text":"","src":"","width":0,"height":0},"classes":[]},{"id":2,"url":"https:\/\/coordenadorias.uepb.edu.br\/ciefam\/pagina-exemplo\/","url_meta":{"origin":40,"position":4},"title":"P\u00e1gina de Exemplo","author":"ciefam","date":"22 de julho de 2016","format":false,"excerpt":"Esta \u00e9 uma p\u00e1gina de exemplo. \u00c9 diferente de um post porque ela ficar\u00e1 em um local e ser\u00e1 exibida na navega\u00e7\u00e3o do seu site (na maioria dos temas). A maioria das pessoas come\u00e7a com uma p\u00e1gina de introdu\u00e7\u00e3o aos potenciais visitantes do site. Ela pode ser assim: Ol\u00e1! Eu\u2026","rel":"","context":"Post similar","block_context":{"text":"Post similar","link":""},"img":{"alt_text":"","src":"","width":0,"height":0},"classes":[]},{"id":7,"url":"https:\/\/coordenadorias.uepb.edu.br\/ciefam\/sobre-a-ciefam\/","url_meta":{"origin":40,"position":5},"title":"Sobre a CIEFAM","author":"martinho","date":"22 de julho de 2016","format":false,"excerpt":"O cen\u00e1rio contempor\u00e2neo, com suas complexidades e desafios, necessita cada vez mais de pol\u00edticas p\u00fablicas que contemplem processos de mudan\u00e7a, adapta\u00e7\u00e3o, desenvolvimento, autonomia, qualidade de vida e que garantam os direitos do cidad\u00e3o. Diante disto, a Universidade Estadual da Para\u00edba, atrav\u00e9s de seus cursos de gradua\u00e7\u00e3o, p\u00f3s-gradua\u00e7\u00e3o, programas e projetos,\u2026","rel":"","context":"Post similar","block_context":{"text":"Post similar","link":""},"img":{"alt_text":"","src":"","width":0,"height":0},"classes":[]}],"_links":{"self":[{"href":"https:\/\/coordenadorias.uepb.edu.br\/ciefam\/wp-json\/wp\/v2\/pages\/40","targetHints":{"allow":["GET"]}}],"collection":[{"href":"https:\/\/coordenadorias.uepb.edu.br\/ciefam\/wp-json\/wp\/v2\/pages"}],"about":[{"href":"https:\/\/coordenadorias.uepb.edu.br\/ciefam\/wp-json\/wp\/v2\/types\/page"}],"author":[{"embeddable":true,"href":"https:\/\/coordenadorias.uepb.edu.br\/ciefam\/wp-json\/wp\/v2\/users\/1"}],"replies":[{"embeddable":true,"href":"https:\/\/coordenadorias.uepb.edu.br\/ciefam\/wp-json\/wp\/v2\/comments?post=40"}],"version-history":[{"count":2,"href":"https:\/\/coordenadorias.uepb.edu.br\/ciefam\/wp-json\/wp\/v2\/pages\/40\/revisions"}],"predecessor-version":[{"id":212,"href":"https:\/\/coordenadorias.uepb.edu.br\/ciefam\/wp-json\/wp\/v2\/pages\/40\/revisions\/212"}],"wp:attachment":[{"href":"https:\/\/coordenadorias.uepb.edu.br\/ciefam\/wp-json\/wp\/v2\/media?parent=40"}],"curies":[{"name":"wp","href":"https:\/\/api.w.org\/{rel}","templated":true}]}}