{"id":31,"date":"2016-07-22T10:49:22","date_gmt":"2016-07-22T13:49:22","guid":{"rendered":"https:\/\/coordenadorias.uepb.edu.br\/ciefam\/?page_id=31"},"modified":"2022-05-10T15:35:04","modified_gmt":"2022-05-10T18:35:04","slug":"equipe-docente","status":"publish","type":"page","link":"https:\/\/coordenadorias.uepb.edu.br\/ciefam\/equipe-docente\/","title":{"rendered":"Equipe Docente"},"content":{"rendered":"<div class=\"wpb-content-wrapper\"><p>[vc_row el_class=&#8221;conf-azul&#8221;][vc_column][vc_column_text]<\/p>\n<ul>\n<li><a href=\"http:\/\/lattes.cnpq.br\/7710456029134551\" target=\"_blank\" rel=\"noopener\">ALMIRA LINS DE MEDEIROS<\/a> \u2013 Departamento de Pedagogia \u2013 Campus I<\/li>\n<li><a href=\"http:\/\/lattes.cnpq.br\/5574966068021270\" target=\"_blank\" rel=\"noopener\">AUREN\u00cdSIA COUTINHO IVO<\/a> &#8211; Departamento de Educa\u00e7\u00e3o &#8211; Campus III<\/li>\n<li><a href=\"http:\/\/lattes.cnpq.br\/2870634336094461\" target=\"_blank\" rel=\"noopener\">BELARMINO MARIANO NETO<\/a> \u2013 Departamento de Geografia \u2013 Campus III<\/li>\n<li><a href=\"http:\/\/lattes.cnpq.br\/6976084348903915\" target=\"_blank\" rel=\"noopener\">BRENO DUTRA SERAFIM SOARES<\/a> \u2013 Departamento de Filosofia e Ci\u00eancias Sociais \u2013 Campus I<\/li>\n<li><a href=\"http:\/\/lattes.cnpq.br\/0307114093900274\" target=\"_blank\" rel=\"noopener\">CAMILA FIRMINO DE AZEVEDO<\/a> \u2013 Departamento de Agroecologia e Agropecu\u00e1ria \u2013 Campus II<\/li>\n<li><a href=\"http:\/\/lattes.cnpq.br\/7902312125781060\">D\u00d3RIS N\u00d3BREGA DE ANDRADE LAURENTINO<\/a> &#8211; Departamento de Educa\u00e7\u00e3o F\u00edsica \u2013 Campus I<\/li>\n<li><a href=\"http:\/\/lattes.cnpq.br\/2282077635706351\" target=\"_blank\" rel=\"noopener\">FAB\u00cdOLA DE ARA\u00daJO LEITE MEDEIROS<\/a> \u2013 Departamento de Enfermagem \u2013 Campus I<\/li>\n<li><a href=\"http:\/\/lattes.cnpq.br\/8159709461679800\" target=\"_blank\" rel=\"noopener\">FRANCISCO JOS\u00c9 LOUREIRO MARINHO<\/a> \u2013 Departamento de Agroecologia e Agropecu\u00e1ria \u2013 Campus II<\/li>\n<li><a href=\"http:\/\/lattes.cnpq.br\/8224292111456324\" target=\"_blank\" rel=\"noopener\">GLAUCE SUELY J\u00c1COME DA SILVA<\/a> \u2013 PROGEP<\/li>\n<li><a href=\"http:\/\/lattes.cnpq.br\/7297146460759119\" target=\"_blank\" rel=\"noopener\">JACQUELINE SANTOS DA FONS\u00caCA ALMEIDA GAMA<\/a> \u2013 Departamento de Enfermagem \u2013 Campus I<\/li>\n<li><a href=\"http:\/\/lattes.cnpq.br\/9425453622434049\" target=\"_blank\" rel=\"noopener\">JOEDNA REIS DE MENESES<\/a> \u2013 Departamento de Hist\u00f3ria\u00a0 &#8211; Campus III<\/li>\n<li><a href=\"http:\/\/lattes.cnpq.br\/4500239691374029\" target=\"_blank\" rel=\"noopener\">JOSENALDO LOPES DIAS<\/a> \u2013 Departamento de Educa\u00e7\u00e3o F\u00edsica \u2013 Campus I<\/li>\n<li><a href=\"http:\/\/lattes.cnpq.br\/1200668900910437\" target=\"_blank\" rel=\"noopener\">KARYNE SOARES DUARTE SILVEIRA<\/a> \u2013 Departamento de Letras e Artes \u2013 Campus I<\/li>\n<li><a href=\"http:\/\/lattes.cnpq.br\/7425924217515123\" target=\"_blank\" rel=\"noopener\">K\u00c1TIA RAMOS SILVA<\/a> \u2013 Departamento de Filosofia e Ci\u00eancias Sociais \u2013 Campus I<\/li>\n<li><a href=\"http:\/\/lattes.cnpq.br\/6227853111328214\" target=\"_blank\" rel=\"noopener\">LINDOMAR DE FARIAS BEL\u00c9M<\/a> \u2013 Departamento de Farm\u00e1cia \u2013 Campus I<\/li>\n<li><a href=\"http:\/\/lattes.cnpq.br\/1834225772794582\" target=\"_blank\" rel=\"noopener\">MANOEL FREIRE DE OLIVEIRA NETO<\/a> &#8211; Departamento de Educa\u00e7\u00e3o F\u00edsica \u2013 Campus I<\/li>\n<li><a href=\"http:\/\/lattes.cnpq.br\/2846341069517251\" target=\"_blank\" rel=\"noopener\">MARCELO SATURNINO DA SILVA<\/a> &#8211; Departamento de Educa\u00e7\u00e3o &#8211; Campus III<\/li>\n<li><a href=\"http:\/\/lattes.cnpq.br\/4405182427629190\" target=\"_blank\" rel=\"noopener\">MARIA APARECIDA DE MELO PALMA<\/a> \u2013 Departamento de Letras \u2013 Campus I<\/li>\n<li><a href=\"http:\/\/lattes.cnpq.br\/9333956501606600\" target=\"_blank\" rel=\"noopener\">MARIA AUXILIADORA DE ALMEIDA VIEIRA FILHA<\/a> \u2013 UFCG<\/li>\n<li><a href=\"http:\/\/lattes.cnpq.br\/0974910766203330\" target=\"_blank\" rel=\"noopener\">MARIA DE F\u00c1TIMA DE SOUZA AQUINO<\/a> \u2013 Departamento de Letras \u2013 Campus III<\/li>\n<li><a href=\"http:\/\/lattes.cnpq.br\/8757576547339240\" target=\"_blank\" rel=\"noopener\">MARIA DO CARMO EUL\u00c1LIO<\/a> \u2013 Departamento de Psicologia \u2013 Campus I<\/li>\n<li><a href=\"http:\/\/lattes.cnpq.br\/1564437854888117\" target=\"_blank\" rel=\"noopener\">MARIA DO SOCORRO DUARTE<\/a> &#8211; Departamento de Agroecologia e Agropecu\u00e1ria \u2013 Campus II<\/li>\n<li><a href=\"http:\/\/lattes.cnpq.br\/8972860324282858\" target=\"_blank\" rel=\"noopener\">M\u00d4NICA MARIA PEREIRA DA SILVA<\/a> \u2013 Departamento de Biologia \u2013 Campus I<\/li>\n<li><a href=\"http:\/\/lattes.cnpq.br\/6734404565435352\" target=\"_blank\" rel=\"noopener\">PATR\u00cdCIA CRISTINA DE ARAG\u00c3O ARA\u00daJO<\/a> \u2013 Departamento de Hist\u00f3ria \u2013Campus I<\/li>\n<li><a href=\"http:\/\/lattes.cnpq.br\/4411670211010251\" target=\"_blank\" rel=\"noopener\">PEDRO DANTAS FERNANDES<\/a> \u2013 Departamento de Agroecologia e Agropecu\u00e1ria \u2013 Campus II<\/li>\n<li><a href=\"http:\/\/lattes.cnpq.br\/5665038614918486\" target=\"_blank\" rel=\"noopener\">R\u00d4MULO S\u00c9RGIO MAC\u00caDO LINS<\/a> \u2013 Departamento de Geografia \u2013 Campus III<\/li>\n<li><a href=\"http:\/\/lattes.cnpq.br\/9097934027901875\" target=\"_blank\" rel=\"noopener\">ROSEMARY SOUSA CUNHA LIMA<\/a> \u2013 Departamento de Farm\u00e1cia \u2013 Campus I<\/li>\n<li><a href=\"http:\/\/lattes.cnpq.br\/4345918127532527\" target=\"_blank\" rel=\"noopener\">ROZEANE ALBUQUERQUE LIMA<\/a> \u2013 Departamento de Hist\u00f3ria \u2013 Campus I<\/li>\n<li><a href=\"http:\/\/lattes.cnpq.br\/3614773151684280\" target=\"_blank\" rel=\"noopener\">SHIRLEIDE ALVES DOS SANTOS<\/a> \u2013 Departamento de Agroecologia e Agropecu\u00e1ria \u2013 Campus II<\/li>\n<li><a href=\"http:\/\/lattes.cnpq.br\/4226685087364388\" target=\"_blank\" rel=\"noopener\">TERESA MARIA COLA\u00c7O<\/a> \u2013 Professora aposentada da UEPB \u2013 Departamento de Odontologia \u2013 Campus I<\/li>\n<li><a href=\"http:\/\/lattes.cnpq.br\/3975988562308481\" target=\"_blank\" rel=\"noopener\">THAISE ALVES<\/a> \u2013 Departamento de Enfermagem \u2013 Campus I<\/li>\n<li><a href=\"http:\/\/lattes.cnpq.br\/9094592288990750\" target=\"_blank\" rel=\"noopener\">VIT\u00d3RIA REGINA QUIRINO DE ARA\u00daJO<\/a> \u2013 Departamento de Fisioterapia \u2013 Campus I<\/li>\n<li><a href=\"http:\/\/lattes.cnpq.br\/8215509554924467\" target=\"_blank\" rel=\"noopener\">VIVIANE BARRETO MOTTA NOGUEIRA<\/a> \u2013 Departamento de Administra\u00e7\u00e3o \u2013 Campus I<\/li>\n<li><a href=\"http:\/\/lattes.cnpq.br\/8201113424737919\" target=\"_blank\" rel=\"noopener\">Z\u00c9LIA MARIA DE ARRUDA SANTIAGO<\/a> \u2013 Departamento de Pedagogia \u2013 Campus I<\/li>\n<\/ul>\n<p>[\/vc_column_text][\/vc_column][\/vc_row]<\/p>\n<\/div>","protected":false},"excerpt":{"rendered":"<p>[vc_row el_class=&#8221;conf-azul&#8221;][vc_column][vc_column_text] ALMIRA LINS DE MEDEIROS \u2013 Departamento de Pedagogia \u2013 Campus I AUREN\u00cdSIA COUTINHO IVO &#8211; Departamento de Educa\u00e7\u00e3o &#8211; Campus III BELARMINO MARIANO NETO \u2013 Departamento de Geografia \u2013 Campus III BRENO DUTRA SERAFIM SOARES \u2013 Departamento de Filosofia e Ci\u00eancias Sociais \u2013 Campus I CAMILA FIRMINO DE AZEVEDO \u2013 Departamento de Agroecologia <a class=\"leiamais\" href=\"https:\/\/coordenadorias.uepb.edu.br\/ciefam\/equipe-docente\/\">Leia Mais&#8230;<\/a><\/p>\n","protected":false},"author":1,"featured_media":0,"parent":0,"menu_order":0,"comment_status":"closed","ping_status":"closed","template":"","meta":{"jetpack_post_was_ever_published":false,"footnotes":""},"class_list":["post-31","page","type-page","status-publish","hentry"],"jetpack_sharing_enabled":true,"jetpack_shortlink":"https:\/\/wp.me\/P7L2P6-v","jetpack-related-posts":[{"id":11,"url":"https:\/\/coordenadorias.uepb.edu.br\/ciefam\/sobre-a-uama\/","url_meta":{"origin":31,"position":0},"title":"Sobre a UAMA","author":"martinho","date":"22 de julho de 2016","format":false,"excerpt":"A Universidade Aberta \u00e0 Maturidade - UAMA tem como meta atender a demanda educativa de idosos a partir dos 60 (sessenta) anos de idade, contribuindo na melhoria das capacidades: pessoais, funcionais e s\u00f3cio-culturais, por meio da forma\u00e7\u00e3o e aten\u00e7\u00e3o social, que visa criar e dinamizar regularmente atividades educacionais, sociais, culturais\u2026","rel":"","context":"Post similar","block_context":{"text":"Post similar","link":""},"img":{"alt_text":"","src":"","width":0,"height":0},"classes":[]},{"id":7,"url":"https:\/\/coordenadorias.uepb.edu.br\/ciefam\/sobre-a-ciefam\/","url_meta":{"origin":31,"position":1},"title":"Sobre a CIEFAM","author":"martinho","date":"22 de julho de 2016","format":false,"excerpt":"O cen\u00e1rio contempor\u00e2neo, com suas complexidades e desafios, necessita cada vez mais de pol\u00edticas p\u00fablicas que contemplem processos de mudan\u00e7a, adapta\u00e7\u00e3o, desenvolvimento, autonomia, qualidade de vida e que garantam os direitos do cidad\u00e3o. Diante disto, a Universidade Estadual da Para\u00edba, atrav\u00e9s de seus cursos de gradua\u00e7\u00e3o, p\u00f3s-gradua\u00e7\u00e3o, programas e projetos,\u2026","rel":"","context":"Post similar","block_context":{"text":"Post similar","link":""},"img":{"alt_text":"","src":"","width":0,"height":0},"classes":[]},{"id":13,"url":"https:\/\/coordenadorias.uepb.edu.br\/ciefam\/componentes-curriculares\/","url_meta":{"origin":31,"position":2},"title":"Componentes Curriculares","author":"martinho","date":"22 de julho de 2016","format":false,"excerpt":"[vc_row gap=\"30\" equal_height=\"yes\" el_class=\"conf-azul\"][vc_column width=\"1\/3\"][vc_text_separator title=\"Campina Grande\" i_icon_fontawesome=\"fas fa-map-marker-alt\" i_color=\"custom\" i_size=\"sm\" title_align=\"separator_align_left\" add_icon=\"true\" i_custom_color=\"#2d95bf\"][vc_text_separator title=\"Eixos Tem\u00e1ticos\" title_align=\"separator_align_left\"][vc_tta_accordion title_tag=\"p\" style=\"modern\" c_icon=\"triangle\" active_section=\"\" collapsible_all=\"true\"][vc_tta_section title=\"Sa\u00fade e Qualidade de vida\" tab_id=\"1652204730756-bf0168a8-d4ee\"][vc_column_text] Atividade F\u00edsica na Terceira Idade Biogerontologia Educa\u00e7\u00e3o para Sa\u00fade Integral Farmacologia para Terceira Idade Fisiogerontologia Nutri\u00e7\u00e3o Psicogerontologia Qualidade de vida e Envelhecimento\u2026","rel":"","context":"Post similar","block_context":{"text":"Post similar","link":""},"img":{"alt_text":"","src":"","width":0,"height":0},"classes":[]}],"_links":{"self":[{"href":"https:\/\/coordenadorias.uepb.edu.br\/ciefam\/wp-json\/wp\/v2\/pages\/31","targetHints":{"allow":["GET"]}}],"collection":[{"href":"https:\/\/coordenadorias.uepb.edu.br\/ciefam\/wp-json\/wp\/v2\/pages"}],"about":[{"href":"https:\/\/coordenadorias.uepb.edu.br\/ciefam\/wp-json\/wp\/v2\/types\/page"}],"author":[{"embeddable":true,"href":"https:\/\/coordenadorias.uepb.edu.br\/ciefam\/wp-json\/wp\/v2\/users\/1"}],"replies":[{"embeddable":true,"href":"https:\/\/coordenadorias.uepb.edu.br\/ciefam\/wp-json\/wp\/v2\/comments?post=31"}],"version-history":[{"count":11,"href":"https:\/\/coordenadorias.uepb.edu.br\/ciefam\/wp-json\/wp\/v2\/pages\/31\/revisions"}],"predecessor-version":[{"id":238,"href":"https:\/\/coordenadorias.uepb.edu.br\/ciefam\/wp-json\/wp\/v2\/pages\/31\/revisions\/238"}],"wp:attachment":[{"href":"https:\/\/coordenadorias.uepb.edu.br\/ciefam\/wp-json\/wp\/v2\/media?parent=31"}],"curies":[{"name":"wp","href":"https:\/\/api.w.org\/{rel}","templated":true}]}}