{"id":29,"date":"2016-07-22T10:47:47","date_gmt":"2016-07-22T13:47:47","guid":{"rendered":"https:\/\/coordenadorias.uepb.edu.br\/ciefam\/?page_id=29"},"modified":"2016-07-22T10:47:47","modified_gmt":"2016-07-22T13:47:47","slug":"projetos-de-pesquisa-e-extensao","status":"publish","type":"page","link":"https:\/\/coordenadorias.uepb.edu.br\/ciefam\/projetos-de-pesquisa-e-extensao\/","title":{"rendered":"Projetos de Pesquisa e Extens\u00e3o"},"content":{"rendered":"<p>Reconhecendo a import\u00e2ncia que os projetos de pesquisa e extens\u00e3o t\u00eam para o aprimoramento e avan\u00e7o da ci\u00eancia, a CIEFAM, atrav\u00e9s de seus docentes, oferece a oportunidade para a realiza\u00e7\u00e3o desses projetos para os discentes da UEPB.<\/p>\n","protected":false},"excerpt":{"rendered":"<p>Reconhecendo a import\u00e2ncia que os projetos de pesquisa e extens\u00e3o t\u00eam para o aprimoramento e avan\u00e7o da ci\u00eancia, a CIEFAM, atrav\u00e9s de seus docentes, oferece a oportunidade para a realiza\u00e7\u00e3o desses projetos para os discentes da UEPB.<\/p>\n","protected":false},"author":1,"featured_media":0,"parent":0,"menu_order":0,"comment_status":"closed","ping_status":"closed","template":"","meta":{"jetpack_post_was_ever_published":false,"footnotes":""},"class_list":["post-29","page","type-page","status-publish","hentry"],"jetpack_sharing_enabled":true,"jetpack_shortlink":"https:\/\/wp.me\/P7L2P6-t","jetpack-related-posts":[{"id":7,"url":"https:\/\/coordenadorias.uepb.edu.br\/ciefam\/sobre-a-ciefam\/","url_meta":{"origin":29,"position":0},"title":"Sobre a CIEFAM","author":"martinho","date":"22 de julho de 2016","format":false,"excerpt":"O cen\u00e1rio contempor\u00e2neo, com suas complexidades e desafios, necessita cada vez mais de pol\u00edticas p\u00fablicas que contemplem processos de mudan\u00e7a, adapta\u00e7\u00e3o, desenvolvimento, autonomia, qualidade de vida e que garantam os direitos do cidad\u00e3o. Diante disto, a Universidade Estadual da Para\u00edba, atrav\u00e9s de seus cursos de gradua\u00e7\u00e3o, p\u00f3s-gradua\u00e7\u00e3o, programas e projetos,\u2026","rel":"","context":"Post similar","block_context":{"text":"Post similar","link":""},"img":{"alt_text":"","src":"","width":0,"height":0},"classes":[]},{"id":27,"url":"https:\/\/coordenadorias.uepb.edu.br\/ciefam\/minicursos-oficinas-e-palestras\/","url_meta":{"origin":29,"position":1},"title":"Minicursos, Oficinas e Palestras","author":"martinho","date":"22 de julho de 2016","format":false,"excerpt":"A dissemina\u00e7\u00e3o do conhecimento, atrav\u00e9s de minicursos, oficinas e palestras, \u00e9 mais um projeto desenvolvido pela CIEFAM para todo o p\u00fablico que deseja agregar informa\u00e7\u00f5es ao seu leque de aprendizado sobre aspectos do envelhecimento humano. Assim, com a realiza\u00e7\u00e3o de tais servi\u00e7os oferecidos no \u00e2mbito interno e externo a institui\u00e7\u00e3o,\u2026","rel":"","context":"Post similar","block_context":{"text":"Post similar","link":""},"img":{"alt_text":"","src":"","width":0,"height":0},"classes":[]},{"id":68,"url":"https:\/\/coordenadorias.uepb.edu.br\/ciefam\/fotos\/","url_meta":{"origin":29,"position":2},"title":"Fotos","author":"ciefamuama","date":"27 de julho de 2016","format":false,"excerpt":"teste","rel":"","context":"Post similar","block_context":{"text":"Post similar","link":""},"img":{"alt_text":"","src":"","width":0,"height":0},"classes":[]},{"id":37,"url":"https:\/\/coordenadorias.uepb.edu.br\/ciefam\/equipe\/","url_meta":{"origin":29,"position":3},"title":"Equipe","author":"martinho","date":"22 de julho de 2016","format":false,"excerpt":"Coordenador da CIEFAM Prof. Dr. Manoel Freire de Oliveira Neto \u00a0 T\u00e9cnicos Administrativos Ana Luiza Morais de Azevedo Juliana Beserra Simpl\u00edcio Vital","rel":"","context":"Post similar","block_context":{"text":"Post similar","link":""},"img":{"alt_text":"","src":"","width":0,"height":0},"classes":[]},{"id":126,"url":"https:\/\/coordenadorias.uepb.edu.br\/ciefam\/memoriais\/","url_meta":{"origin":29,"position":4},"title":"Memoriais","author":"ciefamuama","date":"12 de dezembro de 2018","format":false,"excerpt":"Conte\u00fado em breve...","rel":"","context":"Post similar","block_context":{"text":"Post similar","link":""},"img":{"alt_text":"","src":"","width":0,"height":0},"classes":[]},{"id":221,"url":"https:\/\/coordenadorias.uepb.edu.br\/ciefam\/busca\/","url_meta":{"origin":29,"position":5},"title":"Resultados da Busca","author":"Thales Lacerda","date":"10 de maio de 2022","format":false,"excerpt":"Resultados da Busca","rel":"","context":"Post similar","block_context":{"text":"Post similar","link":""},"img":{"alt_text":"","src":"","width":0,"height":0},"classes":[]}],"_links":{"self":[{"href":"https:\/\/coordenadorias.uepb.edu.br\/ciefam\/wp-json\/wp\/v2\/pages\/29","targetHints":{"allow":["GET"]}}],"collection":[{"href":"https:\/\/coordenadorias.uepb.edu.br\/ciefam\/wp-json\/wp\/v2\/pages"}],"about":[{"href":"https:\/\/coordenadorias.uepb.edu.br\/ciefam\/wp-json\/wp\/v2\/types\/page"}],"author":[{"embeddable":true,"href":"https:\/\/coordenadorias.uepb.edu.br\/ciefam\/wp-json\/wp\/v2\/users\/1"}],"replies":[{"embeddable":true,"href":"https:\/\/coordenadorias.uepb.edu.br\/ciefam\/wp-json\/wp\/v2\/comments?post=29"}],"version-history":[{"count":1,"href":"https:\/\/coordenadorias.uepb.edu.br\/ciefam\/wp-json\/wp\/v2\/pages\/29\/revisions"}],"predecessor-version":[{"id":30,"href":"https:\/\/coordenadorias.uepb.edu.br\/ciefam\/wp-json\/wp\/v2\/pages\/29\/revisions\/30"}],"wp:attachment":[{"href":"https:\/\/coordenadorias.uepb.edu.br\/ciefam\/wp-json\/wp\/v2\/media?parent=29"}],"curies":[{"name":"wp","href":"https:\/\/api.w.org\/{rel}","templated":true}]}}