{"id":25,"date":"2016-07-22T10:43:17","date_gmt":"2016-07-22T13:43:17","guid":{"rendered":"https:\/\/coordenadorias.uepb.edu.br\/ciefam\/?page_id=25"},"modified":"2016-07-22T10:43:17","modified_gmt":"2016-07-22T13:43:17","slug":"grupo-de-convivencia","status":"publish","type":"page","link":"https:\/\/coordenadorias.uepb.edu.br\/ciefam\/grupo-de-convivencia\/","title":{"rendered":"Grupo de Conviv\u00eancia"},"content":{"rendered":"<p>O Grupo de Conviv\u00eancia \u00e9 um projeto desenvolvido pela CIEFAM e foi criado para os alunos egressos da UAMA. Este se configurou como uma alternativa de continuidade aos amplos benef\u00edcios que os idosos obtiveram ao longo de sua forma\u00e7\u00e3o na UAMA, proporcionando um espa\u00e7o para reencontro, conv\u00edvio, aprendizagem e troca de experi\u00eancia. Nos encontros do Grupo de Conviv\u00eancia s\u00e3o desenvolvidas diversas atividades, relacionadas com temas de interesse dos idosos, atrav\u00e9s de palestras, cine clube, minicursos, din\u00e2micas, entre outras.<\/p>\n","protected":false},"excerpt":{"rendered":"<p>O Grupo de Conviv\u00eancia \u00e9 um projeto desenvolvido pela CIEFAM e foi criado para os alunos egressos da UAMA. Este se configurou como uma alternativa de continuidade aos amplos benef\u00edcios que os idosos obtiveram ao longo de sua forma\u00e7\u00e3o na UAMA, proporcionando um espa\u00e7o para reencontro, conv\u00edvio, aprendizagem e troca de experi\u00eancia. Nos encontros do <a class=\"leiamais\" href=\"https:\/\/coordenadorias.uepb.edu.br\/ciefam\/grupo-de-convivencia\/\">Leia Mais&#8230;<\/a><\/p>\n","protected":false},"author":1,"featured_media":0,"parent":0,"menu_order":0,"comment_status":"closed","ping_status":"closed","template":"","meta":{"jetpack_post_was_ever_published":false,"footnotes":""},"class_list":["post-25","page","type-page","status-publish","hentry"],"jetpack_sharing_enabled":true,"jetpack_shortlink":"https:\/\/wp.me\/P7L2P6-p","jetpack-related-posts":[{"id":11,"url":"https:\/\/coordenadorias.uepb.edu.br\/ciefam\/sobre-a-uama\/","url_meta":{"origin":25,"position":0},"title":"Sobre a UAMA","author":"martinho","date":"22 de julho de 2016","format":false,"excerpt":"A Universidade Aberta \u00e0 Maturidade - UAMA tem como meta atender a demanda educativa de idosos a partir dos 60 (sessenta) anos de idade, contribuindo na melhoria das capacidades: pessoais, funcionais e s\u00f3cio-culturais, por meio da forma\u00e7\u00e3o e aten\u00e7\u00e3o social, que visa criar e dinamizar regularmente atividades educacionais, sociais, culturais\u2026","rel":"","context":"Post similar","block_context":{"text":"Post similar","link":""},"img":{"alt_text":"","src":"","width":0,"height":0},"classes":[]},{"id":7,"url":"https:\/\/coordenadorias.uepb.edu.br\/ciefam\/sobre-a-ciefam\/","url_meta":{"origin":25,"position":1},"title":"Sobre a CIEFAM","author":"martinho","date":"22 de julho de 2016","format":false,"excerpt":"O cen\u00e1rio contempor\u00e2neo, com suas complexidades e desafios, necessita cada vez mais de pol\u00edticas p\u00fablicas que contemplem processos de mudan\u00e7a, adapta\u00e7\u00e3o, desenvolvimento, autonomia, qualidade de vida e que garantam os direitos do cidad\u00e3o. Diante disto, a Universidade Estadual da Para\u00edba, atrav\u00e9s de seus cursos de gradua\u00e7\u00e3o, p\u00f3s-gradua\u00e7\u00e3o, programas e projetos,\u2026","rel":"","context":"Post similar","block_context":{"text":"Post similar","link":""},"img":{"alt_text":"","src":"","width":0,"height":0},"classes":[]},{"id":223,"url":"https:\/\/coordenadorias.uepb.edu.br\/ciefam\/","url_meta":{"origin":25,"position":2},"title":"Home","author":"Thales Lacerda","date":"10 de maio de 2022","format":false,"excerpt":"[vc_row gap=\"30\" equal_height=\"yes\"][vc_column width=\"1\/2\" el_class=\"conf-azul\"][vc_text_separator title=\"Not\u00edcias\" i_icon_fontawesome=\"fas fa-newspaper\" i_color=\"custom\" title_align=\"separator_align_left\" add_icon=\"true\" i_custom_color=\"#2d95bf\"][\/vc_column][vc_column width=\"1\/2\" el_class=\"conf-azul\"][vc_text_separator title=\"V\u00eddeos\" i_icon_fontawesome=\"fas fa-video\" i_color=\"custom\" title_align=\"separator_align_left\" add_icon=\"true\" i_custom_color=\"#2d95bf\"][vc_row_inner][vc_column_inner width=\"1\/2\"][vc_column_text]Cola\u00e7\u00e3o de grau especial da UAMA\/UEPB[\/vc_column_text][vc_video link=\"https:\/\/www.youtube.com\/watch?v=8lZz3dnjLpY\"][\/vc_column_inner][vc_column_inner width=\"1\/2\"][vc_column_text]Solenidade de cola\u00e7\u00e3o de grau da UAMA[\/vc_column_text][vc_video link=\"https:\/\/www.youtube.com\/watch?v=iVYyrBGZFHU\"][\/vc_column_inner][\/vc_row_inner][vc_row_inner][vc_column_inner width=\"1\/2\"][vc_column_text]Uso de plantas medicinais \u00e9 debatido junto a alunos da UAMA[\/vc_column_text][vc_video link=\"https:\/\/www.youtube.com\/watch?v=Fww8-woSgWw\"][\/vc_column_inner][vc_column_inner width=\"1\/2\"][vc_column_text]UAMA celebra\u2026","rel":"","context":"Post similar","block_context":{"text":"Post similar","link":""},"img":{"alt_text":"","src":"","width":0,"height":0},"classes":[]},{"id":27,"url":"https:\/\/coordenadorias.uepb.edu.br\/ciefam\/minicursos-oficinas-e-palestras\/","url_meta":{"origin":25,"position":3},"title":"Minicursos, Oficinas e Palestras","author":"martinho","date":"22 de julho de 2016","format":false,"excerpt":"A dissemina\u00e7\u00e3o do conhecimento, atrav\u00e9s de minicursos, oficinas e palestras, \u00e9 mais um projeto desenvolvido pela CIEFAM para todo o p\u00fablico que deseja agregar informa\u00e7\u00f5es ao seu leque de aprendizado sobre aspectos do envelhecimento humano. Assim, com a realiza\u00e7\u00e3o de tais servi\u00e7os oferecidos no \u00e2mbito interno e externo a institui\u00e7\u00e3o,\u2026","rel":"","context":"Post similar","block_context":{"text":"Post similar","link":""},"img":{"alt_text":"","src":"","width":0,"height":0},"classes":[]}],"_links":{"self":[{"href":"https:\/\/coordenadorias.uepb.edu.br\/ciefam\/wp-json\/wp\/v2\/pages\/25","targetHints":{"allow":["GET"]}}],"collection":[{"href":"https:\/\/coordenadorias.uepb.edu.br\/ciefam\/wp-json\/wp\/v2\/pages"}],"about":[{"href":"https:\/\/coordenadorias.uepb.edu.br\/ciefam\/wp-json\/wp\/v2\/types\/page"}],"author":[{"embeddable":true,"href":"https:\/\/coordenadorias.uepb.edu.br\/ciefam\/wp-json\/wp\/v2\/users\/1"}],"replies":[{"embeddable":true,"href":"https:\/\/coordenadorias.uepb.edu.br\/ciefam\/wp-json\/wp\/v2\/comments?post=25"}],"version-history":[{"count":1,"href":"https:\/\/coordenadorias.uepb.edu.br\/ciefam\/wp-json\/wp\/v2\/pages\/25\/revisions"}],"predecessor-version":[{"id":26,"href":"https:\/\/coordenadorias.uepb.edu.br\/ciefam\/wp-json\/wp\/v2\/pages\/25\/revisions\/26"}],"wp:attachment":[{"href":"https:\/\/coordenadorias.uepb.edu.br\/ciefam\/wp-json\/wp\/v2\/media?parent=25"}],"curies":[{"name":"wp","href":"https:\/\/api.w.org\/{rel}","templated":true}]}}