{"id":223,"date":"2022-05-10T14:38:32","date_gmt":"2022-05-10T17:38:32","guid":{"rendered":"https:\/\/coordenadorias.uepb.edu.br\/ciefam\/?page_id=223"},"modified":"2022-05-10T15:47:26","modified_gmt":"2022-05-10T18:47:26","slug":"home","status":"publish","type":"page","link":"https:\/\/coordenadorias.uepb.edu.br\/ciefam\/","title":{"rendered":"Home"},"content":{"rendered":"<div class=\"wpb-content-wrapper\"><p>[vc_row gap=&#8221;30&#8243; equal_height=&#8221;yes&#8221;][vc_column width=&#8221;1\/2&#8243; el_class=&#8221;conf-azul&#8221;][vc_text_separator title=&#8221;Not\u00edcias&#8221; i_icon_fontawesome=&#8221;fas fa-newspaper&#8221; i_color=&#8221;custom&#8221; title_align=&#8221;separator_align_left&#8221; add_icon=&#8221;true&#8221; i_custom_color=&#8221;#2d95bf&#8221;]<div class=\"mdl-grid\"><div class=\"mdl-cell--12-col bloco-noticias\"><div class=\"titulo-noticia-widget\"><a href=\"https:\/\/uepb.edu.br\/estudantes-de-fisioterapia-desenvolvem-atividades-praticas-sobre-arteterapia-para-alunos-da-uama\/\" target=\"_blank\"><h3 class=\"titulo-destaque-noticia\">Estudantes de Fisioterapia desenvolvem atividades pr\u00e1ticas sobre Arteterapia para alunos da UAMA<\/h3><\/a><\/div><div class=\"titulo-noticia-widget\"><a href=\"https:\/\/uepb.edu.br\/coordenadoria-divulga-resultado-das-inscricoes-para-as-turmas-2025-2-da-universidade-aberta-a-maturidade\/\" target=\"_blank\"><h3 class=\"titulo-destaque-noticia\">Coordenadoria divulga resultado das inscri\u00e7\u00f5es para as turmas 2025.2 da Universidade Aberta \u00e0 Maturidade<\/h3><\/a><\/div><div class=\"titulo-noticia-widget\"><a href=\"https:\/\/uepb.edu.br\/universidade-aberta-a-maturidade-abre-inscricoes-com-100-vagas-para-o-semestre-2025-2\/\" target=\"_blank\"><h3 class=\"titulo-destaque-noticia\">Universidade Aberta \u00e0 Maturidade abre inscri\u00e7\u00f5es com 100 vagas para o semestre 2025.2<\/h3><\/a><\/div><div class=\"titulo-noticia-widget\"><a href=\"https:\/\/uepb.edu.br\/centro-artistico-cultural-da-uepb-recebe-festejos-juninos-da-universidade-aberta-a-maturidade\/\" target=\"_blank\"><h3 class=\"titulo-destaque-noticia\">Centro Art\u00edstico Cultural da UEPB recebe festejos juninos da Universidade Aberta \u00e0 Maturidade<\/h3><\/a><\/div><div class=\"titulo-noticia-widget\"><a href=\"https:\/\/uepb.edu.br\/estudantes-idosos-1-encontro-das-universidades-abertas-a-maturidade-reune-turmas-da-uepb-e-ufrpe\/\" target=\"_blank\"><h3 class=\"titulo-destaque-noticia\">Estudantes idosos: 1\u00b0 Encontro das Universidades Abertas \u00e0 Maturidade re\u00fane turmas da UEPB e UFRPE<\/h3><\/a><\/div><div class=\"titulo-noticia-widget\"><a href=\"https:\/\/uepb.edu.br\/memorias-depoimentos-e-valorizacao-da-historia-marcam-abertura-do-9o-seminario-de-maturidade-e-cidadania\/\" target=\"_blank\"><h3 class=\"titulo-destaque-noticia\">Mem\u00f3rias, depoimentos e valoriza\u00e7\u00e3o da hist\u00f3ria marcam abertura do 9\u00ba Semin\u00e1rio de Maturidade e Cidadania<\/h3><\/a><\/div><div class=\"titulo-noticia-widget\"><a href=\"https:\/\/uepb.edu.br\/uama-seminario-interdisciplinar-de-maturidade-e-cidadania-acontece-de-23-a-25-de-outubro\/\" target=\"_blank\"><h3 class=\"titulo-destaque-noticia\">UAMA: Semin\u00e1rio Interdisciplinar de Maturidade e Cidadania acontece de 23 a 25 de outubro<\/h3><\/a><\/div><\/div><\/div>[\/vc_column][vc_column width=&#8221;1\/2&#8243; el_class=&#8221;conf-azul&#8221;][vc_text_separator title=&#8221;V\u00eddeos&#8221; i_icon_fontawesome=&#8221;fas fa-video&#8221; i_color=&#8221;custom&#8221; title_align=&#8221;separator_align_left&#8221; add_icon=&#8221;true&#8221; i_custom_color=&#8221;#2d95bf&#8221;][vc_row_inner][vc_column_inner width=&#8221;1\/2&#8243;][vc_column_text]<strong>Cola\u00e7\u00e3o de grau especial da UAMA\/UEPB<\/strong>[\/vc_column_text][vc_video link=&#8221;https:\/\/www.youtube.com\/watch?v=8lZz3dnjLpY&#8221;][\/vc_column_inner][vc_column_inner width=&#8221;1\/2&#8243;][vc_column_text]<strong>Solenidade de cola\u00e7\u00e3o de grau da UAMA<\/strong>[\/vc_column_text][vc_video link=&#8221;https:\/\/www.youtube.com\/watch?v=iVYyrBGZFHU&#8221;][\/vc_column_inner][\/vc_row_inner][vc_row_inner][vc_column_inner width=&#8221;1\/2&#8243;][vc_column_text]<strong>Uso de plantas medicinais \u00e9 debatido junto a alunos da UAMA<\/strong>[\/vc_column_text][vc_video link=&#8221;https:\/\/www.youtube.com\/watch?v=Fww8-woSgWw&#8221;][\/vc_column_inner][vc_column_inner width=&#8221;1\/2&#8243;][vc_column_text]<strong>UAMA celebra 10 anos de promo\u00e7\u00e3o da qualidade de vida na terceira idade<\/strong>[\/vc_column_text][vc_video link=&#8221;https:\/\/www.youtube.com\/watch?v=qtQ33oq8njg&#8221;][\/vc_column_inner][\/vc_row_inner][\/vc_column][\/vc_row]<\/p>\n<\/div>","protected":false},"excerpt":{"rendered":"<p>[vc_row gap=&#8221;30&#8243; equal_height=&#8221;yes&#8221;][vc_column width=&#8221;1\/2&#8243; el_class=&#8221;conf-azul&#8221;][vc_text_separator title=&#8221;Not\u00edcias&#8221; i_icon_fontawesome=&#8221;fas fa-newspaper&#8221; i_color=&#8221;custom&#8221; title_align=&#8221;separator_align_left&#8221; add_icon=&#8221;true&#8221; i_custom_color=&#8221;#2d95bf&#8221;][\/vc_column][vc_column width=&#8221;1\/2&#8243; el_class=&#8221;conf-azul&#8221;][vc_text_separator title=&#8221;V\u00eddeos&#8221; i_icon_fontawesome=&#8221;fas fa-video&#8221; i_color=&#8221;custom&#8221; title_align=&#8221;separator_align_left&#8221; add_icon=&#8221;true&#8221; i_custom_color=&#8221;#2d95bf&#8221;][vc_row_inner][vc_column_inner width=&#8221;1\/2&#8243;][vc_column_text]Cola\u00e7\u00e3o de grau especial da UAMA\/UEPB[\/vc_column_text][vc_video link=&#8221;https:\/\/www.youtube.com\/watch?v=8lZz3dnjLpY&#8221;][\/vc_column_inner][vc_column_inner width=&#8221;1\/2&#8243;][vc_column_text]Solenidade de cola\u00e7\u00e3o de grau da UAMA[\/vc_column_text][vc_video link=&#8221;https:\/\/www.youtube.com\/watch?v=iVYyrBGZFHU&#8221;][\/vc_column_inner][\/vc_row_inner][vc_row_inner][vc_column_inner width=&#8221;1\/2&#8243;][vc_column_text]Uso de plantas medicinais \u00e9 debatido junto a alunos da UAMA[\/vc_column_text][vc_video link=&#8221;https:\/\/www.youtube.com\/watch?v=Fww8-woSgWw&#8221;][\/vc_column_inner][vc_column_inner width=&#8221;1\/2&#8243;][vc_column_text]UAMA celebra 10 anos de promo\u00e7\u00e3o da <a class=\"leiamais\" href=\"https:\/\/coordenadorias.uepb.edu.br\/ciefam\/\">Leia Mais&#8230;<\/a><\/p>\n","protected":false},"author":9,"featured_media":0,"parent":0,"menu_order":0,"comment_status":"closed","ping_status":"closed","template":"","meta":{"jetpack_post_was_ever_published":false,"footnotes":""},"class_list":["post-223","page","type-page","status-publish","hentry"],"jetpack_sharing_enabled":true,"jetpack_shortlink":"https:\/\/wp.me\/P7L2P6-3B","jetpack-related-posts":[{"id":13,"url":"https:\/\/coordenadorias.uepb.edu.br\/ciefam\/componentes-curriculares\/","url_meta":{"origin":223,"position":0},"title":"Componentes Curriculares","author":"martinho","date":"22 de julho de 2016","format":false,"excerpt":"[vc_row gap=\"30\" equal_height=\"yes\" el_class=\"conf-azul\"][vc_column width=\"1\/3\"][vc_text_separator title=\"Campina Grande\" i_icon_fontawesome=\"fas fa-map-marker-alt\" i_color=\"custom\" i_size=\"sm\" title_align=\"separator_align_left\" add_icon=\"true\" i_custom_color=\"#2d95bf\"][vc_text_separator title=\"Eixos Tem\u00e1ticos\" title_align=\"separator_align_left\"][vc_tta_accordion title_tag=\"p\" style=\"modern\" c_icon=\"triangle\" active_section=\"\" collapsible_all=\"true\"][vc_tta_section title=\"Sa\u00fade e Qualidade de vida\" tab_id=\"1652204730756-bf0168a8-d4ee\"][vc_column_text] Atividade F\u00edsica na Terceira Idade Biogerontologia Educa\u00e7\u00e3o para Sa\u00fade Integral Farmacologia para Terceira Idade Fisiogerontologia Nutri\u00e7\u00e3o Psicogerontologia Qualidade de vida e Envelhecimento\u2026","rel":"","context":"Post similar","block_context":{"text":"Post similar","link":""},"img":{"alt_text":"","src":"","width":0,"height":0},"classes":[]}],"_links":{"self":[{"href":"https:\/\/coordenadorias.uepb.edu.br\/ciefam\/wp-json\/wp\/v2\/pages\/223","targetHints":{"allow":["GET"]}}],"collection":[{"href":"https:\/\/coordenadorias.uepb.edu.br\/ciefam\/wp-json\/wp\/v2\/pages"}],"about":[{"href":"https:\/\/coordenadorias.uepb.edu.br\/ciefam\/wp-json\/wp\/v2\/types\/page"}],"author":[{"embeddable":true,"href":"https:\/\/coordenadorias.uepb.edu.br\/ciefam\/wp-json\/wp\/v2\/users\/9"}],"replies":[{"embeddable":true,"href":"https:\/\/coordenadorias.uepb.edu.br\/ciefam\/wp-json\/wp\/v2\/comments?post=223"}],"version-history":[{"count":11,"href":"https:\/\/coordenadorias.uepb.edu.br\/ciefam\/wp-json\/wp\/v2\/pages\/223\/revisions"}],"predecessor-version":[{"id":247,"href":"https:\/\/coordenadorias.uepb.edu.br\/ciefam\/wp-json\/wp\/v2\/pages\/223\/revisions\/247"}],"wp:attachment":[{"href":"https:\/\/coordenadorias.uepb.edu.br\/ciefam\/wp-json\/wp\/v2\/media?parent=223"}],"curies":[{"name":"wp","href":"https:\/\/api.w.org\/{rel}","templated":true}]}}