{"id":13,"date":"2016-07-22T10:26:44","date_gmt":"2016-07-22T13:26:44","guid":{"rendered":"https:\/\/coordenadorias.uepb.edu.br\/ciefam\/?page_id=13"},"modified":"2022-05-10T14:53:33","modified_gmt":"2022-05-10T17:53:33","slug":"componentes-curriculares","status":"publish","type":"page","link":"https:\/\/coordenadorias.uepb.edu.br\/ciefam\/componentes-curriculares\/","title":{"rendered":"Componentes Curriculares"},"content":{"rendered":"<div class=\"wpb-content-wrapper\"><p>[vc_row gap=&#8221;30&#8243; equal_height=&#8221;yes&#8221; el_class=&#8221;conf-azul&#8221;][vc_column width=&#8221;1\/3&#8243;][vc_text_separator title=&#8221;Campina Grande&#8221; i_icon_fontawesome=&#8221;fas fa-map-marker-alt&#8221; i_color=&#8221;custom&#8221; i_size=&#8221;sm&#8221; title_align=&#8221;separator_align_left&#8221; add_icon=&#8221;true&#8221; i_custom_color=&#8221;#2d95bf&#8221;][vc_text_separator title=&#8221;Eixos Tem\u00e1ticos&#8221; title_align=&#8221;separator_align_left&#8221;][vc_tta_accordion title_tag=&#8221;p&#8221; style=&#8221;modern&#8221; c_icon=&#8221;triangle&#8221; active_section=&#8221;&#8221; collapsible_all=&#8221;true&#8221;][vc_tta_section title=&#8221;Sa\u00fade e Qualidade de vida&#8221; tab_id=&#8221;1652204730756-bf0168a8-d4ee&#8221;][vc_column_text]<\/p>\n<ul>\n<li>Atividade F\u00edsica na Terceira Idade<\/li>\n<li>Biogerontologia<\/li>\n<li>Educa\u00e7\u00e3o para Sa\u00fade Integral<\/li>\n<li>Farmacologia para Terceira Idade<\/li>\n<li>Fisiogerontologia<\/li>\n<li>Nutri\u00e7\u00e3o<\/li>\n<li>Psicogerontologia<\/li>\n<li>Qualidade de vida e Envelhecimento Ativo<\/li>\n<\/ul>\n<p>[\/vc_column_text][\/vc_tta_section][vc_tta_section title=&#8221;Educa\u00e7\u00e3o e Sociedade&#8221; tab_id=&#8221;1652204730771-f4480cdc-7865&#8243;][vc_column_text]<\/p>\n<ul>\n<li>Educa\u00e7\u00e3o e Meio Ambiente<\/li>\n<li>Educa\u00e7\u00e3o e Sociedade<\/li>\n<li>Filosofia<\/li>\n<li>Inform\u00e1tica<\/li>\n<li>Leitura e Produ\u00e7\u00e3o de textos<\/li>\n<\/ul>\n<p>[\/vc_column_text][\/vc_tta_section][vc_tta_section title=&#8221;Cultura e Cidadania&#8221; tab_id=&#8221;1652204852892-7307660d-0992&#8243;][vc_column_text]<\/p>\n<ul>\n<li>Direito e Cidadania<\/li>\n<li>Hist\u00f3ria, Mem\u00f3ria e Atualidades<\/li>\n<li>L\u00edngua Estrangeira<\/li>\n<li>Turismo na Terceira Idade<\/li>\n<\/ul>\n<p>[\/vc_column_text][\/vc_tta_section][vc_tta_section title=&#8221;Arte e Lazer&#8221; tab_id=&#8221;1652204892825-c284161c-367d&#8221;][vc_column_text]<\/p>\n<ul>\n<li>Gin\u00e1stica Funcional<\/li>\n<li>Dan\u00e7a<\/li>\n<li>Visitas Culturais<\/li>\n<li>Passeios e Excurs\u00f5es<\/li>\n<li>Arte e Cultura<\/li>\n<\/ul>\n<p>[\/vc_column_text][\/vc_tta_section][vc_tta_section title=&#8221;Conclus\u00e3o de Curso&#8221; tab_id=&#8221;1652204925914-0963deba-c253&#8243;][vc_column_text]<\/p>\n<ul>\n<li>Memorial<\/li>\n<\/ul>\n<p>[\/vc_column_text][\/vc_tta_section][\/vc_tta_accordion][\/vc_column][vc_column width=&#8221;1\/3&#8243;][vc_text_separator title=&#8221;Lagoa Seca&#8221; i_icon_fontawesome=&#8221;fas fa-map-marker-alt&#8221; i_color=&#8221;custom&#8221; i_size=&#8221;sm&#8221; title_align=&#8221;separator_align_left&#8221; add_icon=&#8221;true&#8221; i_custom_color=&#8221;#2d95bf&#8221;][vc_column_text]<\/p>\n<ul>\n<li>Biogerontologia<\/li>\n<li>Ci\u00eancias da Religi\u00e3o<\/li>\n<li>Desenvolvimento Sustent\u00e1vel<\/li>\n<li>Direito e Cidadania<\/li>\n<li>Educa\u00e7\u00e3o para Sa\u00fade Integral<\/li>\n<li>Farmacologia para Terceira Idade<\/li>\n<li>Fisiogerontologia<\/li>\n<li>Gest\u00e3o Ambiental<\/li>\n<li>Hist\u00f3ria, Mem\u00f3ria e Atualidades<\/li>\n<li>Introdu\u00e7\u00e3o \u00e0 Agricultura<\/li>\n<li>Leitura e Produ\u00e7\u00e3o de Texto<\/li>\n<li>Olericultura<\/li>\n<li>Plantas Medicinais<\/li>\n<li>Qualidade de vida e Envelhecimento Ativo<\/li>\n<li>Soberania Alimentar<\/li>\n<\/ul>\n<p>[\/vc_column_text][\/vc_column][vc_column width=&#8221;1\/3&#8243;][vc_text_separator title=&#8221;Lagoa Seca&#8221; i_icon_fontawesome=&#8221;fas fa-map-marker-alt&#8221; i_color=&#8221;custom&#8221; i_size=&#8221;sm&#8221; title_align=&#8221;separator_align_left&#8221; add_icon=&#8221;true&#8221; i_custom_color=&#8221;#2d95bf&#8221;][vc_column_text]<\/p>\n<ul>\n<li>Turismo na Terceira Idade<\/li>\n<li>Leitura e Produ\u00e7\u00e3o de Texto<\/li>\n<li>Canto Coral<\/li>\n<li>Qualidade de vida e Envelhecimento Ativo<\/li>\n<li>Educa\u00e7\u00e3o para Sa\u00fade Integral<\/li>\n<li>Educa\u00e7\u00e3o e Meio Ambiente<\/li>\n<li>Hist\u00f3ria, Mem\u00f3ria e Atualidades<\/li>\n<li>Direito e Cidadania<\/li>\n<li>Nutri\u00e7\u00e3o<\/li>\n<li>Arte e Educa\u00e7\u00e3o<\/li>\n<li>Educa\u00e7\u00e3o e Cidadania<\/li>\n<\/ul>\n<p>[\/vc_column_text][\/vc_column][\/vc_row]<\/p>\n<\/div>","protected":false},"excerpt":{"rendered":"<p>[vc_row gap=&#8221;30&#8243; equal_height=&#8221;yes&#8221; el_class=&#8221;conf-azul&#8221;][vc_column width=&#8221;1\/3&#8243;][vc_text_separator title=&#8221;Campina Grande&#8221; i_icon_fontawesome=&#8221;fas fa-map-marker-alt&#8221; i_color=&#8221;custom&#8221; i_size=&#8221;sm&#8221; title_align=&#8221;separator_align_left&#8221; add_icon=&#8221;true&#8221; i_custom_color=&#8221;#2d95bf&#8221;][vc_text_separator title=&#8221;Eixos Tem\u00e1ticos&#8221; title_align=&#8221;separator_align_left&#8221;][vc_tta_accordion title_tag=&#8221;p&#8221; style=&#8221;modern&#8221; c_icon=&#8221;triangle&#8221; active_section=&#8221;&#8221; collapsible_all=&#8221;true&#8221;][vc_tta_section title=&#8221;Sa\u00fade e Qualidade de vida&#8221; tab_id=&#8221;1652204730756-bf0168a8-d4ee&#8221;][vc_column_text] Atividade F\u00edsica na Terceira Idade Biogerontologia Educa\u00e7\u00e3o para Sa\u00fade Integral Farmacologia para Terceira Idade Fisiogerontologia Nutri\u00e7\u00e3o Psicogerontologia Qualidade de vida e Envelhecimento Ativo [\/vc_column_text][\/vc_tta_section][vc_tta_section title=&#8221;Educa\u00e7\u00e3o e Sociedade&#8221; <a class=\"leiamais\" href=\"https:\/\/coordenadorias.uepb.edu.br\/ciefam\/componentes-curriculares\/\">Leia Mais&#8230;<\/a><\/p>\n","protected":false},"author":1,"featured_media":0,"parent":0,"menu_order":0,"comment_status":"closed","ping_status":"closed","template":"","meta":{"jetpack_post_was_ever_published":false,"footnotes":""},"class_list":["post-13","page","type-page","status-publish","hentry"],"jetpack_sharing_enabled":true,"jetpack_shortlink":"https:\/\/wp.me\/P7L2P6-d","jetpack-related-posts":[{"id":223,"url":"https:\/\/coordenadorias.uepb.edu.br\/ciefam\/","url_meta":{"origin":13,"position":0},"title":"Home","author":"Thales Lacerda","date":"10 de maio de 2022","format":false,"excerpt":"[vc_row gap=\"30\" equal_height=\"yes\"][vc_column width=\"1\/2\" el_class=\"conf-azul\"][vc_text_separator title=\"Not\u00edcias\" i_icon_fontawesome=\"fas fa-newspaper\" i_color=\"custom\" title_align=\"separator_align_left\" add_icon=\"true\" i_custom_color=\"#2d95bf\"][\/vc_column][vc_column width=\"1\/2\" el_class=\"conf-azul\"][vc_text_separator title=\"V\u00eddeos\" i_icon_fontawesome=\"fas fa-video\" i_color=\"custom\" title_align=\"separator_align_left\" add_icon=\"true\" i_custom_color=\"#2d95bf\"][vc_row_inner][vc_column_inner width=\"1\/2\"][vc_column_text]Cola\u00e7\u00e3o de grau especial da UAMA\/UEPB[\/vc_column_text][vc_video link=\"https:\/\/www.youtube.com\/watch?v=8lZz3dnjLpY\"][\/vc_column_inner][vc_column_inner width=\"1\/2\"][vc_column_text]Solenidade de cola\u00e7\u00e3o de grau da UAMA[\/vc_column_text][vc_video link=\"https:\/\/www.youtube.com\/watch?v=iVYyrBGZFHU\"][\/vc_column_inner][\/vc_row_inner][vc_row_inner][vc_column_inner width=\"1\/2\"][vc_column_text]Uso de plantas medicinais \u00e9 debatido junto a alunos da UAMA[\/vc_column_text][vc_video link=\"https:\/\/www.youtube.com\/watch?v=Fww8-woSgWw\"][\/vc_column_inner][vc_column_inner width=\"1\/2\"][vc_column_text]UAMA celebra\u2026","rel":"","context":"Post similar","block_context":{"text":"Post similar","link":""},"img":{"alt_text":"","src":"","width":0,"height":0},"classes":[]},{"id":11,"url":"https:\/\/coordenadorias.uepb.edu.br\/ciefam\/sobre-a-uama\/","url_meta":{"origin":13,"position":1},"title":"Sobre a UAMA","author":"martinho","date":"22 de julho de 2016","format":false,"excerpt":"A Universidade Aberta \u00e0 Maturidade - UAMA tem como meta atender a demanda educativa de idosos a partir dos 60 (sessenta) anos de idade, contribuindo na melhoria das capacidades: pessoais, funcionais e s\u00f3cio-culturais, por meio da forma\u00e7\u00e3o e aten\u00e7\u00e3o social, que visa criar e dinamizar regularmente atividades educacionais, sociais, culturais\u2026","rel":"","context":"Post similar","block_context":{"text":"Post similar","link":""},"img":{"alt_text":"","src":"","width":0,"height":0},"classes":[]},{"id":7,"url":"https:\/\/coordenadorias.uepb.edu.br\/ciefam\/sobre-a-ciefam\/","url_meta":{"origin":13,"position":2},"title":"Sobre a CIEFAM","author":"martinho","date":"22 de julho de 2016","format":false,"excerpt":"O cen\u00e1rio contempor\u00e2neo, com suas complexidades e desafios, necessita cada vez mais de pol\u00edticas p\u00fablicas que contemplem processos de mudan\u00e7a, adapta\u00e7\u00e3o, desenvolvimento, autonomia, qualidade de vida e que garantam os direitos do cidad\u00e3o. Diante disto, a Universidade Estadual da Para\u00edba, atrav\u00e9s de seus cursos de gradua\u00e7\u00e3o, p\u00f3s-gradua\u00e7\u00e3o, programas e projetos,\u2026","rel":"","context":"Post similar","block_context":{"text":"Post similar","link":""},"img":{"alt_text":"","src":"","width":0,"height":0},"classes":[]},{"id":31,"url":"https:\/\/coordenadorias.uepb.edu.br\/ciefam\/equipe-docente\/","url_meta":{"origin":13,"position":3},"title":"Equipe Docente","author":"martinho","date":"22 de julho de 2016","format":false,"excerpt":"[vc_row el_class=\"conf-azul\"][vc_column][vc_column_text] ALMIRA LINS DE MEDEIROS \u2013 Departamento de Pedagogia \u2013 Campus I AUREN\u00cdSIA COUTINHO IVO - Departamento de Educa\u00e7\u00e3o - Campus III BELARMINO MARIANO NETO \u2013 Departamento de Geografia \u2013 Campus III BRENO DUTRA SERAFIM SOARES \u2013 Departamento de Filosofia e Ci\u00eancias Sociais \u2013 Campus I CAMILA FIRMINO DE\u2026","rel":"","context":"Post similar","block_context":{"text":"Post similar","link":""},"img":{"alt_text":"","src":"","width":0,"height":0},"classes":[]},{"id":2,"url":"https:\/\/coordenadorias.uepb.edu.br\/ciefam\/pagina-exemplo\/","url_meta":{"origin":13,"position":4},"title":"P\u00e1gina de Exemplo","author":"ciefam","date":"22 de julho de 2016","format":false,"excerpt":"Esta \u00e9 uma p\u00e1gina de exemplo. \u00c9 diferente de um post porque ela ficar\u00e1 em um local e ser\u00e1 exibida na navega\u00e7\u00e3o do seu site (na maioria dos temas). A maioria das pessoas come\u00e7a com uma p\u00e1gina de introdu\u00e7\u00e3o aos potenciais visitantes do site. Ela pode ser assim: Ol\u00e1! Eu\u2026","rel":"","context":"Post similar","block_context":{"text":"Post similar","link":""},"img":{"alt_text":"","src":"","width":0,"height":0},"classes":[]}],"_links":{"self":[{"href":"https:\/\/coordenadorias.uepb.edu.br\/ciefam\/wp-json\/wp\/v2\/pages\/13","targetHints":{"allow":["GET"]}}],"collection":[{"href":"https:\/\/coordenadorias.uepb.edu.br\/ciefam\/wp-json\/wp\/v2\/pages"}],"about":[{"href":"https:\/\/coordenadorias.uepb.edu.br\/ciefam\/wp-json\/wp\/v2\/types\/page"}],"author":[{"embeddable":true,"href":"https:\/\/coordenadorias.uepb.edu.br\/ciefam\/wp-json\/wp\/v2\/users\/1"}],"replies":[{"embeddable":true,"href":"https:\/\/coordenadorias.uepb.edu.br\/ciefam\/wp-json\/wp\/v2\/comments?post=13"}],"version-history":[{"count":23,"href":"https:\/\/coordenadorias.uepb.edu.br\/ciefam\/wp-json\/wp\/v2\/pages\/13\/revisions"}],"predecessor-version":[{"id":235,"href":"https:\/\/coordenadorias.uepb.edu.br\/ciefam\/wp-json\/wp\/v2\/pages\/13\/revisions\/235"}],"wp:attachment":[{"href":"https:\/\/coordenadorias.uepb.edu.br\/ciefam\/wp-json\/wp\/v2\/media?parent=13"}],"curies":[{"name":"wp","href":"https:\/\/api.w.org\/{rel}","templated":true}]}}