{"id":23,"date":"2022-04-18T11:06:17","date_gmt":"2022-04-18T14:06:17","guid":{"rendered":"https:\/\/coordenadorias.uepb.edu.br\/caci\/?page_id=23"},"modified":"2022-05-11T16:06:11","modified_gmt":"2022-05-11T19:06:11","slug":"home","status":"publish","type":"page","link":"https:\/\/coordenadorias.uepb.edu.br\/caci\/","title":{"rendered":"Home"},"content":{"rendered":"<div class=\"wpb-content-wrapper\"><p>[vc_row gap=&#8221;30&#8243; equal_height=&#8221;yes&#8221;][vc_column width=&#8221;2\/3&#8243; el_class=&#8221;conf-azul&#8221;][vc_text_separator title=&#8221;Sobre&#8221; i_icon_fontawesome=&#8221;fas fa-info-circle&#8221; i_color=&#8221;custom&#8221; title_align=&#8221;separator_align_left&#8221; add_icon=&#8221;true&#8221; i_custom_color=&#8221;#2d95bf&#8221;][vc_column_text]A Coordenadoria de Auditoria e Controle Interno da Universidade Estadual da Paraiba tem a fun\u00e7\u00e3o de fazer a coordena\u00e7\u00e3o, assessoramento e monitoramento das \u00e1reas quanto aos riscos e controles internos, subsidiando a tomada de decis\u00e3o dos gestores e propiciando melhoria cont\u00ednua da qualidade dos servi\u00e7os prestados, a partir da modelagem, sistematiza\u00e7\u00e3o, gera\u00e7\u00e3o, compara\u00e7\u00e3o e an\u00e1lise de informa\u00e7\u00f5es relativas a custos, efici\u00eancia, desempenho e cumprimento dos objetivos institucionais, bem como oferecer avalia\u00e7\u00f5es objetivas e independentes sobre a atua\u00e7\u00e3o e desempenho de toda a Institui\u00e7\u00e3o, conforme o seu Plano Anual de Auditoria Interna.[\/vc_column_text][\/vc_column][vc_column width=&#8221;1\/3&#8243; el_class=&#8221;conf-azul&#8221;][vc_text_separator title=&#8221;Contatos&#8221; i_icon_fontawesome=&#8221;fas fa-address-card&#8221; i_color=&#8221;custom&#8221; title_align=&#8221;separator_align_left&#8221; add_icon=&#8221;true&#8221; i_custom_color=&#8221;#2d95bf&#8221;][vc_column_text]caci@setor.uepb.edu.br<\/p>\n<p><strong>Telefone<\/strong>: (83) 3315-3355[\/vc_column_text][\/vc_column][\/vc_row]<\/p>\n<\/div>","protected":false},"excerpt":{"rendered":"<p>[vc_row gap=&#8221;30&#8243; equal_height=&#8221;yes&#8221;][vc_column width=&#8221;2\/3&#8243; el_class=&#8221;conf-azul&#8221;][vc_text_separator title=&#8221;Sobre&#8221; i_icon_fontawesome=&#8221;fas fa-info-circle&#8221; i_color=&#8221;custom&#8221; title_align=&#8221;separator_align_left&#8221; add_icon=&#8221;true&#8221; i_custom_color=&#8221;#2d95bf&#8221;][vc_column_text]A Coordenadoria de Auditoria e Controle Interno da Universidade Estadual da Paraiba tem a fun\u00e7\u00e3o de fazer a coordena\u00e7\u00e3o, assessoramento e monitoramento das \u00e1reas quanto aos riscos e controles internos, subsidiando a tomada de decis\u00e3o dos gestores e propiciando melhoria cont\u00ednua da qualidade dos <a class=\"leiamais\" href=\"https:\/\/coordenadorias.uepb.edu.br\/caci\/\">Leia Mais&#8230;<\/a><\/p>\n","protected":false},"author":2,"featured_media":0,"parent":0,"menu_order":0,"comment_status":"closed","ping_status":"closed","template":"","meta":{"footnotes":""},"class_list":["post-23","page","type-page","status-publish","hentry"],"_links":{"self":[{"href":"https:\/\/coordenadorias.uepb.edu.br\/caci\/wp-json\/wp\/v2\/pages\/23","targetHints":{"allow":["GET"]}}],"collection":[{"href":"https:\/\/coordenadorias.uepb.edu.br\/caci\/wp-json\/wp\/v2\/pages"}],"about":[{"href":"https:\/\/coordenadorias.uepb.edu.br\/caci\/wp-json\/wp\/v2\/types\/page"}],"author":[{"embeddable":true,"href":"https:\/\/coordenadorias.uepb.edu.br\/caci\/wp-json\/wp\/v2\/users\/2"}],"replies":[{"embeddable":true,"href":"https:\/\/coordenadorias.uepb.edu.br\/caci\/wp-json\/wp\/v2\/comments?post=23"}],"version-history":[{"count":8,"href":"https:\/\/coordenadorias.uepb.edu.br\/caci\/wp-json\/wp\/v2\/pages\/23\/revisions"}],"predecessor-version":[{"id":38,"href":"https:\/\/coordenadorias.uepb.edu.br\/caci\/wp-json\/wp\/v2\/pages\/23\/revisions\/38"}],"wp:attachment":[{"href":"https:\/\/coordenadorias.uepb.edu.br\/caci\/wp-json\/wp\/v2\/media?parent=23"}],"curies":[{"name":"wp","href":"https:\/\/api.w.org\/{rel}","templated":true}]}}