{"id":10,"date":"2021-04-24T23:35:16","date_gmt":"2021-04-25T02:35:16","guid":{"rendered":"https:\/\/coordenadorias.uepb.edu.br\/caci\/?page_id=10"},"modified":"2022-04-18T09:46:15","modified_gmt":"2022-04-18T12:46:15","slug":"equipe-e-contatos","status":"publish","type":"page","link":"https:\/\/coordenadorias.uepb.edu.br\/caci\/equipe-e-contatos\/","title":{"rendered":"Equipe e Contatos"},"content":{"rendered":"<p><strong>Equipe<\/strong>:<br \/>\n<strong>Coordena\u00e7\u00e3o Geral<\/strong>: Lidiane Fernandes de Melo Basilio<br \/>\n<strong>Localiza\u00e7\u00e3o<\/strong>: Sala 325 \u2013 3\u00ba Andar Pr\u00e9dio das Pr\u00f3 Reitorias<\/p>\n<p><strong>Contatos<\/strong>:<br \/>\nE-mail: caci@setor.uepb.edu.br<br \/>\nTelefone: (83) 3315-3355<\/p>\n","protected":false},"excerpt":{"rendered":"<p>Equipe: Coordena\u00e7\u00e3o Geral: Lidiane Fernandes de Melo Basilio Localiza\u00e7\u00e3o: Sala 325 \u2013 3\u00ba Andar Pr\u00e9dio das Pr\u00f3 Reitorias Contatos: E-mail: caci@setor.uepb.edu.br Telefone: (83) 3315-3355<\/p>\n","protected":false},"author":9,"featured_media":0,"parent":0,"menu_order":0,"comment_status":"closed","ping_status":"closed","template":"","meta":{"footnotes":""},"class_list":["post-10","page","type-page","status-publish","hentry"],"_links":{"self":[{"href":"https:\/\/coordenadorias.uepb.edu.br\/caci\/wp-json\/wp\/v2\/pages\/10","targetHints":{"allow":["GET"]}}],"collection":[{"href":"https:\/\/coordenadorias.uepb.edu.br\/caci\/wp-json\/wp\/v2\/pages"}],"about":[{"href":"https:\/\/coordenadorias.uepb.edu.br\/caci\/wp-json\/wp\/v2\/types\/page"}],"author":[{"embeddable":true,"href":"https:\/\/coordenadorias.uepb.edu.br\/caci\/wp-json\/wp\/v2\/users\/9"}],"replies":[{"embeddable":true,"href":"https:\/\/coordenadorias.uepb.edu.br\/caci\/wp-json\/wp\/v2\/comments?post=10"}],"version-history":[{"count":2,"href":"https:\/\/coordenadorias.uepb.edu.br\/caci\/wp-json\/wp\/v2\/pages\/10\/revisions"}],"predecessor-version":[{"id":19,"href":"https:\/\/coordenadorias.uepb.edu.br\/caci\/wp-json\/wp\/v2\/pages\/10\/revisions\/19"}],"wp:attachment":[{"href":"https:\/\/coordenadorias.uepb.edu.br\/caci\/wp-json\/wp\/v2\/media?parent=10"}],"curies":[{"name":"wp","href":"https:\/\/api.w.org\/{rel}","templated":true}]}}